{"id":105,"date":"2020-04-07T08:46:52","date_gmt":"2020-04-07T08:46:52","guid":{"rendered":"https:\/\/bbsbux.de\/?page_id=105"},"modified":"2022-09-27T06:45:34","modified_gmt":"2022-09-27T06:45:34","slug":"litauen","status":"publish","type":"page","link":"https:\/\/bbsbux.de\/?page_id=105","title":{"rendered":"Litauen"},"content":{"rendered":"\n<p><strong>Litauen \u2013 eine kulturelle Erfahrung<\/strong><\/p>\n\n\n<div class=\"wp-block-image\">\n<figure class=\"aligncenter size-full\"><img loading=\"lazy\" decoding=\"async\" width=\"100\" height=\"60\" src=\"https:\/\/bbsbux.de\/wp-content\/uploads\/2020\/04\/litauen.gif\" alt=\"Litauen\" class=\"wp-image-138\"\/><figcaption>Partnerland Litauen<\/figcaption><\/figure>\n<\/div>\n\n\n<p>Litauen ist das am s\u00fcdlichste der drei baltischen Staaten an der Ostsee. Die Nachbarl\u00e4nder sind Polen, Lettland und Wei\u00dfrussland. Das Land ist 65.300 km\u00b2 gro\u00df und z\u00e4hlt 2,9 Millionen Einwohner. Die Amtssprache ist Litauisch. Litauen ist kulturell durch polnische, russische und deutsche Einfl\u00fcsse beieinflusst. Sehr bekannt ist der Litauer Baumkuchen. Die St\u00e4dten sind durch alte Architektur gepr\u00e4gt. Naturbelassene Seen, die Ostsee und die Kurische Nehrung kennzeichnen die Landschaft Litauens.<br>Die Partnerstadt ist unter anderem Klaip\u0117da, dies ist eine Hafenstadt an der Ostsee. Klaip\u0117da ist die drittgr\u00f6\u00dfte Stadt Litauens und hat ca. 180.000 Einwohner.<br><br><strong>Weitere Informationen findet Ihr unter:<\/strong><br><a href=\"https:\/\/de.wikipedia.org\/wiki\/Litauen\" target=\"_blank\" rel=\"noreferrer noopener\">https:\/\/de.wikipedia.org\/wiki\/Litauen<\/a><\/p>\n","protected":false},"excerpt":{"rendered":"<p>Litauen \u2013 eine kulturelle Erfahrung Litauen ist das am s\u00fcdlichste der drei baltischen Staaten an der Ostsee. Die Nachbarl\u00e4nder sind Polen, Lettland und Wei\u00dfrussland. Das &hellip; <\/p>\n","protected":false},"author":1,"featured_media":0,"parent":0,"menu_order":0,"comment_status":"closed","ping_status":"closed","template":"","meta":{"cybocfi_hide_featured_image":"","footnotes":""},"class_list":["post-105","page","type-page","status-publish","hentry"],"_links":{"self":[{"href":"https:\/\/bbsbux.de\/index.php?rest_route=\/wp\/v2\/pages\/105","targetHints":{"allow":["GET"]}}],"collection":[{"href":"https:\/\/bbsbux.de\/index.php?rest_route=\/wp\/v2\/pages"}],"about":[{"href":"https:\/\/bbsbux.de\/index.php?rest_route=\/wp\/v2\/types\/page"}],"author":[{"embeddable":true,"href":"https:\/\/bbsbux.de\/index.php?rest_route=\/wp\/v2\/users\/1"}],"replies":[{"embeddable":true,"href":"https:\/\/bbsbux.de\/index.php?rest_route=%2Fwp%2Fv2%2Fcomments&post=105"}],"version-history":[{"count":3,"href":"https:\/\/bbsbux.de\/index.php?rest_route=\/wp\/v2\/pages\/105\/revisions"}],"predecessor-version":[{"id":2458,"href":"https:\/\/bbsbux.de\/index.php?rest_route=\/wp\/v2\/pages\/105\/revisions\/2458"}],"wp:attachment":[{"href":"https:\/\/bbsbux.de\/index.php?rest_route=%2Fwp%2Fv2%2Fmedia&parent=105"}],"curies":[{"name":"wp","href":"https:\/\/api.w.org\/{rel}","templated":true}]}}