{"id":108,"date":"2020-04-07T08:55:17","date_gmt":"2020-04-07T08:55:17","guid":{"rendered":"https:\/\/bbsbux.de\/?page_id=108"},"modified":"2022-09-27T06:47:33","modified_gmt":"2022-09-27T06:47:33","slug":"malta-eine-variantenreiche-insel","status":"publish","type":"page","link":"https:\/\/bbsbux.de\/?page_id=108","title":{"rendered":"Malta \u2013 eine variantenreiche Insel"},"content":{"rendered":"<div class=\"wp-block-image\">\n<figure class=\"aligncenter size-full\"><img loading=\"lazy\" decoding=\"async\" width=\"90\" height=\"60\" src=\"https:\/\/bbsbux.de\/wp-content\/uploads\/2020\/04\/malta.gif\" alt=\"Malta\" class=\"wp-image-139\"\/><\/figure>\n<\/div>\n\n\n<p>Die stark vom Sprachtourismus gepr\u00e4gte Mittelmeerinsel Malta liegt zwischen Italien und Afrika. Aufgrund der strategisch wichtigen Lage an den Haupthandelsrouten durch das Mittelmeer ist die Insel reich an historischen Ereignissen, welches an den Bauten noch heute gut sichtbar ist. Als ehemalige englische Kolonie ist neben dem Maltesischen Englisch f\u00fcr die 430.000 Einwohner die zweite Muttersprache. Malta ist mit seinen 316 km\u00b2 eine kleine Insel und die \u201eSt\u00e4dte\u201c im S\u00fcdosten um der Hauptstadt Valletta herum sind eher Stadtteile die eine gro\u00dfe K\u00fcstenstadt bilden. Jede Stadt und jeder Ort hat eine Kirche, welche regelm\u00e4\u00dfig besucht werden.<br>Das meiste ist fu\u00dfl\u00e4ufig, oder mit dem Bus bequem zu erreichen. Die Strandpromenade wird von zahlreichen kleinen Restaurants und Caf\u00e9s ges\u00e4umt und es gibt viele Einkaufsm\u00f6glichkeiten von kleinen Gesch\u00e4ften bis zur Shopping Mall. Zudem gibt es viele Diskotheken und Pubs aufgrund der vielen tausenden Jugendlichen aus aller Welt, die sich hier auf Sprachreise begeben. Wer es ruhiger mag, sollte einen Tagesausflug zur Insel Gozo machen, um dort wandern zu gehen oder im Meer Kajak zu fahren.<br>Unsere Partner Berufsschule MCAST (Malta College of Arts, Science &amp; Technology) ist auch gleichzeitig Universit\u00e4t mit \u00fcber 7000 Sch\u00fclern\/Studenten. Die Schule liegt in dem Stadtteil Paola, s\u00fcd\u00f6stlich von Valletta. In Paola werdet Ihr entweder in einem Hotel oder in einer Gastfamilie untergebracht.<br>MCAST bietet Euch gute Firmenkontakte in den Bereichen Erneuerbare Energien, Elektronik, Automatisierung sowie Einzelhandel.<br>Die minimale Praktikumszeit sind 3 Wochen, jedoch bleiben viele Sch\u00fclerinnen und Sch\u00fcler \u00fcber die Ferienzeit f\u00fcr 6 Wochen.<br><br>MCAST bietet jedes Jahr f\u00fcr 2 Sch\u00fcler\/innen:<br>&#8211; Kontakt zu den entsprechenden Firmen<br>&#8211; Unterkunft \u00fcber university of Malta oder NSTS (Gastfamilie oder Hotel)<br>&#8211; auf Anfrage ebenso begleitend spezielle Englischkurse (z.B. technisches Englisch)<br><br><strong>Weitere Informationen findet Ihr unter:<\/strong><br><a rel=\"noreferrer noopener\" href=\"http:\/\/www.visitmalta.com\/de\/\" target=\"_blank\">http:\/\/www.visitmalta.com\/de\/<\/a><br><a rel=\"noreferrer noopener\" href=\"http:\/\/www.mcast.edu.mt\/\" target=\"_blank\">http:\/\/www.mcast.edu.mt\/<\/a><br><a rel=\"noreferrer noopener\" href=\"https:\/\/de.wikipedia.org\/wiki\/Malta\" target=\"_blank\">https:\/\/de.wikipedia.org\/wiki\/Malta<\/a><br><br><em>Verfasst von: Frau Fr\u00f6hling<\/em><\/p>\n","protected":false},"excerpt":{"rendered":"<p>Die stark vom Sprachtourismus gepr\u00e4gte Mittelmeerinsel Malta liegt zwischen Italien und Afrika. Aufgrund der strategisch wichtigen Lage an den Haupthandelsrouten durch das Mittelmeer ist die &hellip; <\/p>\n","protected":false},"author":1,"featured_media":0,"parent":0,"menu_order":0,"comment_status":"closed","ping_status":"closed","template":"","meta":{"cybocfi_hide_featured_image":"","footnotes":""},"class_list":["post-108","page","type-page","status-publish","hentry"],"_links":{"self":[{"href":"https:\/\/bbsbux.de\/index.php?rest_route=\/wp\/v2\/pages\/108","targetHints":{"allow":["GET"]}}],"collection":[{"href":"https:\/\/bbsbux.de\/index.php?rest_route=\/wp\/v2\/pages"}],"about":[{"href":"https:\/\/bbsbux.de\/index.php?rest_route=\/wp\/v2\/types\/page"}],"author":[{"embeddable":true,"href":"https:\/\/bbsbux.de\/index.php?rest_route=\/wp\/v2\/users\/1"}],"replies":[{"embeddable":true,"href":"https:\/\/bbsbux.de\/index.php?rest_route=%2Fwp%2Fv2%2Fcomments&post=108"}],"version-history":[{"count":3,"href":"https:\/\/bbsbux.de\/index.php?rest_route=\/wp\/v2\/pages\/108\/revisions"}],"predecessor-version":[{"id":2461,"href":"https:\/\/bbsbux.de\/index.php?rest_route=\/wp\/v2\/pages\/108\/revisions\/2461"}],"wp:attachment":[{"href":"https:\/\/bbsbux.de\/index.php?rest_route=%2Fwp%2Fv2%2Fmedia&parent=108"}],"curies":[{"name":"wp","href":"https:\/\/api.w.org\/{rel}","templated":true}]}}