{"id":128,"date":"2020-04-07T09:41:21","date_gmt":"2020-04-07T09:41:21","guid":{"rendered":"https:\/\/bbsbux.de\/?page_id=128"},"modified":"2022-09-27T06:51:17","modified_gmt":"2022-09-27T06:51:17","slug":"spanien-das-land-der-vielfalt","status":"publish","type":"page","link":"https:\/\/bbsbux.de\/?page_id=128","title":{"rendered":"Spanien \u2013 das Land der Vielfalt"},"content":{"rendered":"<div class=\"wp-block-image\">\n<figure class=\"aligncenter size-large is-resized\"><img loading=\"lazy\" decoding=\"async\" src=\"https:\/\/bbsbux.de\/wp-content\/uploads\/2020\/04\/2_e_Spanien.png\" alt=\"\" class=\"wp-image-129\" width=\"139\" height=\"93\" srcset=\"https:\/\/bbsbux.de\/wp-content\/uploads\/2020\/04\/2_e_Spanien.png 960w, https:\/\/bbsbux.de\/wp-content\/uploads\/2020\/04\/2_e_Spanien-300x200.png 300w, https:\/\/bbsbux.de\/wp-content\/uploads\/2020\/04\/2_e_Spanien-768x511.png 768w, https:\/\/bbsbux.de\/wp-content\/uploads\/2020\/04\/2_e_Spanien-700x465.png 700w\" sizes=\"auto, (max-width: 139px) 100vw, 139px\" \/><figcaption>Spanien<\/figcaption><\/figure>\n<\/div>\n\n\n<p>Spanien hat eine Gesamtfl\u00e4che von 505.970 km\u00b2 und eine Bev\u00f6lkerungszahl von 46.549.045 Einwohnern. Im Vergleich mit Deutschland wird damit deutlich, dass das Land ca. ein Drittel gr\u00f6\u00dfer ist und aber nur etwas mehr als halb so viele Einwohner hat. Wenn man durch Spanien reist, stellt man auch schnell fest, dass dieses Land wesentlich d\u00fcnner besiedelt ist.<br>Die Hauptstadt Madrid liegt sehr zentral im Landesinneren. Das war politisch auch so, als Festlegung eines zentralistischen Regierungsstandortes, gewollt. Als zweite wirtschaftliche und kulturelle Hauptstadt gilt Barcelona.<br>Wenn man auf der Durchreise durch Spanien im Landesinneren die landschaftliche Vielfalt der schneebedeckten Berge der Pyren\u00e4en (Grenzverlauf zwischen Spanien und Frankreich), der Sierra Nevada (in der N\u00e4he der K\u00fcste Andalusiens im S\u00fcden) und der Picos de Europa (Kantabrien, im Norden an der Pazifikk\u00fcste), der Hochebenen und weitl\u00e4ufigen K\u00fcstenregionen in Ruhe genie\u00dfen kann, zeichnen sich die St\u00e4dte h\u00e4ufig durch eine gro\u00dfe Lebendigkeit aus.<br>In Spanien genie\u00dft man, neben der vielen Arbeit, gerne das Leben, man nimmt zahlreich an den vielen Feiertagen teil und geht gerne aus &#8211; mit Freunden oder der ganzen Familie. Allgemein l\u00e4sst sich sagen, dass die Spanier sehr gastfreundlich, kommunikativ und offen sind. Sie freuen sich immer, wenn Besucher ein wenig Spanisch sprechen k\u00f6nnen.<br>F\u00fcr unsere Erasmus+ Partnerschaften haben wir in den vergangenen Jahren Beziehungen zu zwei Berufsbildungszentren und mehreren Betrieben in Tarragona aufgebaut. Tarragona liegt in Katalonien, an der Costa Brava, ca. 80 Km s\u00fcdlich von Barcelona und ist auch mit Bus und Bahn sehr gut an Barcelona angebunden.<br>Katalonien ist eine stolze Region, in der vorwiegend Katalanisch gesprochen wird, was als eigene Sprache gilt. Jeder Katalane kann aber auch flie\u00dfend \u201eSpanisch\u201c sprechen, was dort als Kastilisch (Castellano) bezeichnet wird.<br>Tarragona als unsere Partnerstadt der Erasmus+ Projekte hat einen relativ gro\u00dfen, sehr sch\u00f6nen historischen Altstadtkern und liegt direkt an der Mittelmeerk\u00fcste. In Tarragona gibt es ein gutes Angebot zum Essengehen und abendlichen Ausgehen. Die Stadt liegt mit dem Stadtkern direkt am Mittelmeer, der Costa Brava und verf\u00fcgt \u00fcber einen eigenen Badestrand. Entlang der K\u00fcste sind weitere Badeorte in der N\u00e4he leicht erreichbar. Das Klima ist sehr angenehm und l\u00e4dt zum Ausgehen und Badengehen ein.<br>Unsere Sch\u00fclerinnen und Sch\u00fcler kommen w\u00e4hrend ihres Erasmus+ Projektes in einem guten, g\u00fcnstigen und sehr zentral gelegenen Hotel unter und verbringen einen Teil des Aufenthaltes im Berufsbildungszentrum und den anderen Teil in den Betrieben.<br>Wir freuen uns, dass wir, die BBS Buxtehude, mit unseren spanischen Partnern in den vergangenen Jahren so ein gutes Angebot f\u00fcr unsere Auszubildenden aufbauen konnten.<br>&nbsp;<br><strong>Weitere Informationen findet Ihr unter:<\/strong><br><a rel=\"noreferrer noopener\" href=\"https:\/\/de.wikipedia.org\/wiki\/Spanien\" target=\"_blank\">https:\/\/de.wikipedia.org\/wiki\/Spanien<\/a><br>&nbsp;<br><em>Verfasst von:&nbsp; Christian Schorsch<\/em><\/p>\n","protected":false},"excerpt":{"rendered":"<p>Spanien hat eine Gesamtfl\u00e4che von 505.970 km\u00b2 und eine Bev\u00f6lkerungszahl von 46.549.045 Einwohnern. Im Vergleich mit Deutschland wird damit deutlich, dass das Land ca. ein &hellip; <\/p>\n","protected":false},"author":1,"featured_media":0,"parent":0,"menu_order":0,"comment_status":"closed","ping_status":"closed","template":"","meta":{"cybocfi_hide_featured_image":"","footnotes":""},"class_list":["post-128","page","type-page","status-publish","hentry"],"_links":{"self":[{"href":"https:\/\/bbsbux.de\/index.php?rest_route=\/wp\/v2\/pages\/128","targetHints":{"allow":["GET"]}}],"collection":[{"href":"https:\/\/bbsbux.de\/index.php?rest_route=\/wp\/v2\/pages"}],"about":[{"href":"https:\/\/bbsbux.de\/index.php?rest_route=\/wp\/v2\/types\/page"}],"author":[{"embeddable":true,"href":"https:\/\/bbsbux.de\/index.php?rest_route=\/wp\/v2\/users\/1"}],"replies":[{"embeddable":true,"href":"https:\/\/bbsbux.de\/index.php?rest_route=%2Fwp%2Fv2%2Fcomments&post=128"}],"version-history":[{"count":2,"href":"https:\/\/bbsbux.de\/index.php?rest_route=\/wp\/v2\/pages\/128\/revisions"}],"predecessor-version":[{"id":2465,"href":"https:\/\/bbsbux.de\/index.php?rest_route=\/wp\/v2\/pages\/128\/revisions\/2465"}],"wp:attachment":[{"href":"https:\/\/bbsbux.de\/index.php?rest_route=%2Fwp%2Fv2%2Fmedia&parent=128"}],"curies":[{"name":"wp","href":"https:\/\/api.w.org\/{rel}","templated":true}]}}