{"id":146,"date":"2020-04-07T10:32:39","date_gmt":"2020-04-07T10:32:39","guid":{"rendered":"https:\/\/bbsbux.de\/?page_id=146"},"modified":"2020-04-07T10:40:26","modified_gmt":"2020-04-07T10:40:26","slug":"der-europass-mobilitaet-kompetenzen-sichtbar-machen","status":"publish","type":"page","link":"https:\/\/bbsbux.de\/?page_id=146","title":{"rendered":"Zertifikate"},"content":{"rendered":"\n<h2 class=\"wp-block-heading\">Der Europass Mobilit\u00e4t &#8211; Kompetenzen sichtbar machen<\/h2>\n\n\n\n<p>Der <a href=\"http:\/\/www.europass-info.de\/dokumente\/mobilitaet\/\" target=\"_blank\" rel=\"noreferrer noopener\">Europass Mobilit\u00e4t<\/a> ist ein europaweit einheitliches Zertifikat und dokumentiert den Lernaufenthalt im Ausland und macht die dort erworbenen F\u00e4higkeiten, T\u00e4tigkeiten, Lernerfahrungen und Kompetenzen sichtbar.<br>Auslandserfahrungen spielen auf dem Arbeitsmarkt eine immer wichtigere Rolle. Der Europass Mobilit\u00e4t ist das Dokument, in dem alle im Ausland gemachten Lernerfahrungen unabh\u00e4ngig von Art, Niveau und Zielsetzung gesammelt und f\u00fcr das weitere Berufsleben dokumentiert werden k\u00f6nnen. Er ist somit ein \u201eT\u00fcr\u00f6ffner\u201c f\u00fcr das Lernen und Arbeiten in Europa und ein gro\u00dfes Plus bei der Bewerbung \u2013 egal ob im Inland oder im Ausland.<br>Dabei profitieren die Inhaberin und Inhaber des Dokuments ebenso wie die Unternehmen.<br>&nbsp;<br>Weitere Infos: <a href=\"https:\/\/www.europass-info.de\/fileadmin\/user_upload\/europass-info.de\/PDF\/EUROPASS_Infoblatt_Mobilitaet.pdf\" target=\"_blank\" rel=\"noreferrer noopener\">https:\/\/www.europass-info.de\/fileadmin\/user_upload\/europass-info.de\/PDF\/EUROPASS_Infoblatt_Mobilitaet.pdf<\/a><\/p>\n\n\n\n<figure class=\"wp-block-image size-large is-resized\"><img loading=\"lazy\" decoding=\"async\" src=\"https:\/\/bbsbux.de\/wp-content\/uploads\/2020\/04\/europass_gross.png\" alt=\"\" class=\"wp-image-149\" width=\"577\" height=\"162\" srcset=\"https:\/\/bbsbux.de\/wp-content\/uploads\/2020\/04\/europass_gross.png 977w, https:\/\/bbsbux.de\/wp-content\/uploads\/2020\/04\/europass_gross-300x84.png 300w, https:\/\/bbsbux.de\/wp-content\/uploads\/2020\/04\/europass_gross-768x215.png 768w\" sizes=\"auto, (max-width: 577px) 100vw, 577px\" \/><figcaption><br><br><\/figcaption><\/figure>\n\n\n\n<h3 class=\"wp-block-heading\">Das KMK-Fremdsprachenzertifikat<\/h3>\n\n\n\n<p>Seit nunmehr 2016 bieten die BBS Buxtehude ihren kaufm\u00e4nnischen Auszubildenden die M\u00f6glichkeit das KMK-Fremdsprachenzertifikat in Englisch abzulegen.<br>Das KMK-Fremdsprachenzertifikat ist ein bundesweit einheitlich geregeltes Zertifikat zum Nachweis berufsbezogener Fremdsprachenkompetenzen. Sch\u00fclerinnen und Sch\u00fcler berufsbildender Schulen k\u00f6nnen es nach erfolgreichem Ablegen einer speziellen Fremdsprachenpr\u00fcfung erwerben und somit eine f\u00fcr den beruflichen Werdegang bedeutsame Zusatzqualifikation vorweisen.<br>Eine besondere St\u00e4rke dieses Sprachzertifikats liegt in seiner konsequent beruflichen Ausrichtung. Die Pr\u00fcfungen werden in Anlehnung an die fremdsprachlichen Anforderungen in einem Beruf oder einer Berufsgruppe erstellt und bestehen aus einem schriftlichen und einem m\u00fcndlichen Teil. Sie werden von berufsbildenden Schulen durchgef\u00fchrt.<br>Die Pr\u00fcfungen sind<\/p>\n\n\n\n<ul class=\"wp-block-list\"><li>freiwillig: Die Schulen bieten Zertifikatspr\u00fcfungen an, die Sch\u00fclerinnen und Sch\u00fcler k\u00f6nnen das Angebot annehmen.<\/li><li>kompetenzorientiert: Sie umfassen die Bereiche Rezeption (H\u00f6r- und H\u00f6rverstehen, Leseverstehen), Produktion, Mediation und Interaktion.<\/li><li>adressatengerecht: Die Sch\u00fclerinnen und Sch\u00fcler k\u00f6nnen entsprechend ihrer Fremdsprachenkompetenz zwischen berufs- bzw. berufsgruppenbezogenen Pr\u00fcfungen verschiedener Stufen w\u00e4hlen.<\/li><li>vertrauensw\u00fcrdig: Die Pr\u00fcfungen werden nach l\u00e4nder\u00fcbergreifend entwickelten Qualit\u00e4tskriterien erstellt.<\/li><\/ul>\n\n\n\n<p>Das Zertifikat ist durch die Orientierung am GER international verst\u00e4ndlich. Es kann z. B. als Nachweis fremdsprachlicher Kompetenz f\u00fcr den europass Sprachenpass verwendet werden. <strong>Link: <a href=\"https:\/\/www.europass-info.de\/dokumente\/sprachenpass\/\" target=\"_blank\" rel=\"noreferrer noopener\">europass Sprachpass<\/a><\/strong><br>Die einzelnen L\u00e4nder bieten Pr\u00fcfungen f\u00fcr unterschiedliche Berufe bzw. Berufsgruppen und auf unterschiedlichen Niveaus an.<br>Nach den Niveaus des GER gibt es zurzeit vier Stufen (A2-C1).<br><br>Wozu ein Fremdsprachenzertifikat?<br><br>Globalisierung und Europ\u00e4ische Integration f\u00fchren dazu, dass im Berufsleben die Kommunikation in einer Fremdsprache immer wichtiger wird und sich Lebens- und Arbeitsr\u00e4ume von Deutschen immer h\u00e4ufiger au\u00dferhalb Deutschlands befinden.<br>Die Kommunikationsf\u00e4higkeit in einer oder mehreren Fremdsprachen ist deshalb eine wichtige Grundfertigkeit.<br>Das KMK-Fremdsprachenzertifikat weist diese Grundfertigkeit aus und orientiert sich an europaweit bekannten Kompetenzen und Niveaus, sodass internationale<br>Transparenz gew\u00e4hrleistet wird. Arbeitgeber k\u00f6nnen die Fremdsprachenkompetenzen ihrer Bewerber mithilfe des Zertifikats besser einsch\u00e4tzen und vergleichen. Ein nach bundesweiten Standards gestaltetes Zertifikat<br>wird durch die Schule verliehen. Es ist vielen Unternehmen und Hochschulen bekannt. Einige Ausbildungsbetriebe unterst\u00fctzen ihre Auszubildenden, indem sie die Kosten (in H\u00f6he von derzeit 65 EUR) \u00fcbernehmen.<br><br>Weitere Informationen entnehmen Sie bitte dem <a href=\"http:\/\/www.nibis.de\/uploads\/2bbs-schomacker-viets\/kmk_FlyerAug%202018-bildschirm.pdf\" target=\"_blank\" rel=\"noreferrer noopener\">Flyer<\/a> des Kultusministeriums.<br><br>(Quellen: <a href=\"https:\/\/www.kmk.org\/themen\/berufliche-schulen\/duale-berufsausbildung\/kmk-fremdsprachenzertifikat.html\" target=\"_blank\" rel=\"noreferrer noopener\">https:\/\/www.kmk.org\/themen\/berufliche-schulen\/duale-berufsausbildung\/kmk-fremdsprachenzertifikat.html<\/a>; <a href=\"http:\/\/www.nibis.de\/uploads\/2bbs-schomacker-viets\/kmk_FlyerAug%202018-bildschirm.pdf\" target=\"_blank\" rel=\"noreferrer noopener\">http:\/\/www.nibis.de\/uploads\/2bbs-schomacker-viets\/kmk_FlyerAug%202018-bildschirm.pdf<\/a>)<\/p>\n","protected":false},"excerpt":{"rendered":"<p>Der Europass Mobilit\u00e4t &#8211; Kompetenzen sichtbar machen Der Europass Mobilit\u00e4t ist ein europaweit einheitliches Zertifikat und dokumentiert den Lernaufenthalt im Ausland und macht die dort &hellip; <\/p>\n","protected":false},"author":1,"featured_media":0,"parent":0,"menu_order":0,"comment_status":"closed","ping_status":"closed","template":"","meta":{"cybocfi_hide_featured_image":"","footnotes":""},"class_list":["post-146","page","type-page","status-publish","hentry"],"_links":{"self":[{"href":"https:\/\/bbsbux.de\/index.php?rest_route=\/wp\/v2\/pages\/146","targetHints":{"allow":["GET"]}}],"collection":[{"href":"https:\/\/bbsbux.de\/index.php?rest_route=\/wp\/v2\/pages"}],"about":[{"href":"https:\/\/bbsbux.de\/index.php?rest_route=\/wp\/v2\/types\/page"}],"author":[{"embeddable":true,"href":"https:\/\/bbsbux.de\/index.php?rest_route=\/wp\/v2\/users\/1"}],"replies":[{"embeddable":true,"href":"https:\/\/bbsbux.de\/index.php?rest_route=%2Fwp%2Fv2%2Fcomments&post=146"}],"version-history":[{"count":3,"href":"https:\/\/bbsbux.de\/index.php?rest_route=\/wp\/v2\/pages\/146\/revisions"}],"predecessor-version":[{"id":151,"href":"https:\/\/bbsbux.de\/index.php?rest_route=\/wp\/v2\/pages\/146\/revisions\/151"}],"wp:attachment":[{"href":"https:\/\/bbsbux.de\/index.php?rest_route=%2Fwp%2Fv2%2Fmedia&parent=146"}],"curies":[{"name":"wp","href":"https:\/\/api.w.org\/{rel}","templated":true}]}}