{"id":1580,"date":"2021-09-06T07:51:11","date_gmt":"2021-09-06T07:51:11","guid":{"rendered":"https:\/\/bbsbux.de\/?page_id=1580"},"modified":"2024-02-11T17:08:17","modified_gmt":"2024-02-11T17:08:17","slug":"berufsberatung-sek-ii-an-der-bbs-buxtehude","status":"publish","type":"page","link":"https:\/\/bbsbux.de\/?page_id=1580","title":{"rendered":"Berufsberatung SEK II an den BBS Buxtehude"},"content":{"rendered":"\n<p>Liebe Sch\u00fclerinnen und Sch\u00fcler der Fachoberschule und der Beruflichen Gymnasien,<br>mein Name ist Sylke Meyn, ich bin Berufsberaterin der Agentur f\u00fcr Arbeit Stade und berate und unterst\u00fctze beim \u00dcbergang von der Schule in die Berufswelt. Mit allen Fragen rund um das Thema Ausbildung, (duales) Studium, auch Freiwilligendienste, usw. steht der Weg in die Schulsprechstunde offen:<\/p>\n\n\n\n<ul class=\"wp-block-list\">\n<li><strong>Welcher Ausbildungsberuf\/Welches Studium passt zu mir? \u2013 Berufsorientierung<\/strong><\/li>\n\n\n\n<li><strong>Wie finde ich eine Ausbildungsstelle? \u2013 Ausbildungsvermittlung<\/strong><\/li>\n\n\n\n<li><strong>Wo kann ich studieren \u2013 Wie bewerbe ich mich auf ein duales Studium? &#8211; Studienberatung<\/strong><\/li>\n\n\n\n<li><strong>Welche Chancen habe ich? \u2013 Arbeitsmarktberatung<\/strong><\/li>\n\n\n\n<li><strong>Wenn es nicht klappt? \u2013 \u00dcberbr\u00fcckungsm\u00f6glichkeiten<\/strong><\/li>\n\n\n\n<li><strong>Wenn ich noch keine Idee habe? \u2013 Berufswahltest<\/strong><\/li>\n\n\n\n<li><strong>Wie sieht meine Bewerbung aus? \u2013 Mappencheck und vieles mehr<\/strong><\/li>\n<\/ul>\n\n\n\n<p>Um die aufgef\u00fchrten oder anderen Themen rund um die Berufswelt zu besprechen, tragen sich die Sch\u00fclerinnen und Sch\u00fcler in die Sprechtagliste ein. Die Liste liegt im Sekretariat aus. Einzelberatungen (auch mit den Eltern) sind \u00fcber Videokommunikation oder Telefon m\u00f6glich. Diese sind vorab pers\u00f6nlich, telefonisch oder per Mail zu vereinbaren.<\/p>\n\n\n\n<p>Ich freue mich darauf, dich\/Sie kennenzulernen.<\/p>\n\n\n\n<p>Hier finden Sie meine <strong><a href=\"https:\/\/www.arbeitsagentur.de\/vor-ort\/stade\/bbsbux-0\" target=\"_blank\" rel=\"noreferrer noopener\">Kontaktdaten<\/a><\/strong>.<\/p>\n","protected":false},"excerpt":{"rendered":"<p>Liebe Sch\u00fclerinnen und Sch\u00fcler der Fachoberschule und der Beruflichen Gymnasien,mein Name ist Sylke Meyn, ich bin Berufsberaterin der Agentur f\u00fcr Arbeit Stade und berate und &hellip; <\/p>\n","protected":false},"author":1,"featured_media":0,"parent":0,"menu_order":0,"comment_status":"closed","ping_status":"closed","template":"","meta":{"cybocfi_hide_featured_image":"","footnotes":""},"class_list":["post-1580","page","type-page","status-publish","hentry"],"_links":{"self":[{"href":"https:\/\/bbsbux.de\/index.php?rest_route=\/wp\/v2\/pages\/1580","targetHints":{"allow":["GET"]}}],"collection":[{"href":"https:\/\/bbsbux.de\/index.php?rest_route=\/wp\/v2\/pages"}],"about":[{"href":"https:\/\/bbsbux.de\/index.php?rest_route=\/wp\/v2\/types\/page"}],"author":[{"embeddable":true,"href":"https:\/\/bbsbux.de\/index.php?rest_route=\/wp\/v2\/users\/1"}],"replies":[{"embeddable":true,"href":"https:\/\/bbsbux.de\/index.php?rest_route=%2Fwp%2Fv2%2Fcomments&post=1580"}],"version-history":[{"count":9,"href":"https:\/\/bbsbux.de\/index.php?rest_route=\/wp\/v2\/pages\/1580\/revisions"}],"predecessor-version":[{"id":3209,"href":"https:\/\/bbsbux.de\/index.php?rest_route=\/wp\/v2\/pages\/1580\/revisions\/3209"}],"wp:attachment":[{"href":"https:\/\/bbsbux.de\/index.php?rest_route=%2Fwp%2Fv2%2Fmedia&parent=1580"}],"curies":[{"name":"wp","href":"https:\/\/api.w.org\/{rel}","templated":true}]}}