{"id":159,"date":"2020-04-09T10:11:21","date_gmt":"2020-04-09T10:11:21","guid":{"rendered":"https:\/\/bbsbux.de\/?page_id=159"},"modified":"2020-04-09T10:32:42","modified_gmt":"2020-04-09T10:32:42","slug":"veranstaltungen","status":"publish","type":"page","link":"https:\/\/bbsbux.de\/?page_id=159","title":{"rendered":"Veranstaltungen"},"content":{"rendered":"\n<p>Hier berichten wir \u00fcber Veranstaltungen der letzten Jahre.<br><br><\/p>\n\n\n\n<h2 class=\"wp-block-heading\"><strong>Auslandspraktika gew\u00fcrdigt &#8211; Feierliche \u00dcbergabe \u201eEuropass Mobilit\u00e4t\u201c-\u00dcbergabean den BBS Buxtehude<\/strong><\/h2>\n\n\n\n<figure class=\"wp-block-image size-large\"><img loading=\"lazy\" decoding=\"async\" width=\"1000\" height=\"496\" src=\"https:\/\/bbsbux.de\/wp-content\/uploads\/2020\/04\/2019_Europass_Atrium.jpg\" alt=\"\" class=\"wp-image-171\" srcset=\"https:\/\/bbsbux.de\/wp-content\/uploads\/2020\/04\/2019_Europass_Atrium.jpg 1000w, https:\/\/bbsbux.de\/wp-content\/uploads\/2020\/04\/2019_Europass_Atrium-300x149.jpg 300w, https:\/\/bbsbux.de\/wp-content\/uploads\/2020\/04\/2019_Europass_Atrium-768x381.jpg 768w\" sizes=\"auto, (max-width: 1000px) 100vw, 1000px\" \/><figcaption>Vortrag der Sch\u00fcler, die mit Erasmus in Irland waren.<\/figcaption><\/figure>\n\n\n\n<figure class=\"wp-block-image size-large is-resized\"><img loading=\"lazy\" decoding=\"async\" src=\"https:\/\/bbsbux.de\/wp-content\/uploads\/2020\/04\/2019_Europass_Stange_Dietrich.jpg\" alt=\"\" class=\"wp-image-170\" width=\"398\" height=\"265\" srcset=\"https:\/\/bbsbux.de\/wp-content\/uploads\/2020\/04\/2019_Europass_Stange_Dietrich.jpg 1000w, https:\/\/bbsbux.de\/wp-content\/uploads\/2020\/04\/2019_Europass_Stange_Dietrich-300x200.jpg 300w, https:\/\/bbsbux.de\/wp-content\/uploads\/2020\/04\/2019_Europass_Stange_Dietrich-768x512.jpg 768w, https:\/\/bbsbux.de\/wp-content\/uploads\/2020\/04\/2019_Europass_Stange_Dietrich-700x465.jpg 700w\" sizes=\"auto, (max-width: 398px) 100vw, 398px\" \/><figcaption>links Dr. Bodo Stange (IHK Stade) und rechts Frau Andrea Dietrich (Nieders\u00e4chsische Landesschulbeh\u00f6rde, L\u00fcneburg)<\/figcaption><\/figure>\n\n\n\n<p>Am 21.02.2019 fand die feierliche \u00dcbergabe des \u201eEuropass Mobilit\u00e4t\u201c an 34 Lernende, Lehrkr\u00e4fte und Ausbilder statt. Der <a href=\"http:\/\/www.europass-info.de\/dokumente\/mobilitaet\/\" target=\"_blank\" rel=\"noreferrer noopener\">Europass Mobilit\u00e4t<\/a> ist ein europaweit einheitliches Zertifikat und dokumentiert den Lernaufenthalt im Ausland und macht die dort erworbenen F\u00e4higkeiten, T\u00e4tigkeiten, Lernerfahrungen und Kompetenzen sichtbar.<br>Die Veranstaltung wurde mit einer Begr\u00fc\u00dfungsrede des Schulleiters Herrn Carsten Schr\u00f6der er\u00f6ffnet. Er begr\u00fc\u00dfte u.a. Frau Andrea Dietrich, f\u00fcr die BBS Buxtehude zust\u00e4ndige Dezernentin der Landeschulbeh\u00f6rde L\u00fcneburg, Herrn Kai-Ulrich Baak, Leiter des Amtes f\u00fcr Wirtschaft, Verkehr und Schulen des Landkreises Stade.<br>Weitere G\u00e4ste waren Dr. Bodo Stange von der IHK Stade, Frau J\u00e4ger von der Handwerkskammer L\u00fcneburg, Frau Zimmermann von der hs21 in Buxtehude, Herr Gerd von Borstel von der DOW-Stade\/B\u00fctzfleth, Frau Heine von der Firma Zajadacz in Neu Wulmstorf , sowie G\u00e4ste aus den europ\u00e4ischen Partnerl\u00e4ndern der Schule, aus D\u00e4nemark, Spanien, Italien und Polen, sowie Frau Vincaite vom Beratungsb\u00fcro infeba.<br>Anschlie\u00dfend \u00fcbernahm Frau Dietrich das Wort und berichtete von ihren Auslandserfahrungen in D\u00e4nemark und wie wichtig es sei, sich auf den Weg nach Europa zu machen und das Hotel \u201eMama\u201c einmal zu verlassen.<br>Die Europa-Beauftragte der BBS Buxtehude, Antje Pape, moderierte durch den Abend und leitete \u00fcber zum n\u00e4chsten Redebeitrag aus D\u00e4nemark. Herr Lehmann, Vizepr\u00e4sident EfVET (European Forum of Technical and Vocational Education and Training) gab einen Ausblick auf das Erasmus Plus Programm nach 2020 und machte deutlich, wie wegweisend l\u00e4nder\u00fcbergreifender Projekte f\u00fcr eine friedliches Europa sind und freut sich auf eine intensive Kooperation mit den BBS Buxtehude.<br>Herr von Borstel pr\u00e4sentierte begeistert seine Erfahrungen, die er selbst w\u00e4hrend der Auslandsaufenthalte in Tarragona (Spanien) zusammen mit den Kollegen Christian Schorsch und J\u00f6rg Schuschke im Rahmen der Erasmus Plus Projekte der BBS Buxtehude gesammelt hatte und bedankte sich f\u00fcr produktive und herzliche Zusammenarbeit mit den spanischen Partnerschulen, der Dow in Tarragona und den BBS Buxtehude.<br>Diese Auslandsaufenthalte wurden durch ein <a href=\"http:\/\/www.erasmusplus.de\/erasmus\/bildungsbereiche\/berufsbildung\/\">Erasmus<\/a>+ Projekt der BBS Buxtehude gef\u00f6rdert. Mit Erasmus+ sollen Auszubildenden und Bildungspersonal Lern- und Lehraufenthalte im europ\u00e4ischen Ausland erm\u00f6glicht werden. Diese finanzielle Unterst\u00fctzung ist eine wesentliche Voraussetzung f\u00fcr die Durchf\u00fchrung eines Auslandspraktikums, eines Job-Shadowings oder einer Auslandsfortbildung.<br>Stellvertretend f\u00fcr alle Auslandspraktika stellten 6 Auszubildende des Bereiches Automatisierungs- und Betriebstechnik ihr vierw\u00f6chiges Praktikum in Tarragona, einer Hafenstadt in Katalonien, dem Nordosten Spaniens vor. Hierbei deckten sie alle Teilbereiche \u00fcber die Anreise, den Aufenthalt bis hin zur Abreise als auch den Aspekt der anfallenden Kosten ab. Der Auslandsaufenthalt unterteilte sich in eine zweiw\u00f6chige Schulphase mit differenzierten Arbeitsauftr\u00e4gen in den dortigen Berufsbildungszentren Comte de Rius und Perre Martell auf sowie einem zweiw\u00f6chigen Betriebspraktikum bei der dortigen DOW bzw. Navec. Neben der Instandhaltung von Winkelschleifern und Programmierung von Roboteranlagen haben die Auszubildenden einen Einblick in die kulturellen Lebensweisen der Spanier erhalten und sich auf historische Spuren in und um Tarragona begeben.<br>Danach berichteten 2 Auszubildende f\u00fcr den Gro\u00df- und Au\u00dfenhandelsbereich der Firma Zajadacz von ihrem Auslandsaufenthalt in Irland. Sie nahmen die Anwesenden mit auf eine Reise durch Irland und stellten ihre Erfahrungen im Hinblick auf logistische Aspekte, wie Organisation des Aufenthaltes, finanzielle Aspekte, Do\u2019s and Dont\u2019s dar. W\u00e4hrend des Praktikums bei der Firma Glen Dimplex hatten sie den konkreten Auftrag eine Marktanalyse f\u00fcr Produkte des Bereichs Warmwasser, elektrisches Heizen und L\u00fcftung durchzuf\u00fchren, diese auszuwerten mit dem Ziel Marktl\u00fccken zu ermitteln und die Ergebnisse zu pr\u00e4sentieren.<br>Herr Dr. Stange unterstrich in seinem lebendigen und eindrucksvollen Vortrag die immense Bedeutung von Auslandserfahrungen und forderte die anwesenden Sch\u00fclerinnen und Sch\u00fcler auf ihre Koffer zu packen und ebenfalls Erfahrungen im europ\u00e4ischen Ausland zu sammeln.<br>Frau Pape leitete zur feierlichen \u00dcbergabe der Europ\u00e4sse-Mobilit\u00e4t und verlieh zusammen mit Herrn Dr. Stange und Herrn Schr\u00f6der die Europ\u00e4sse an 6 Auszubildende zum Betriebs- und Automatisierungstechniker (Spanien), 2 Auszubildende zum Gro\u00df- und Au\u00dfenh\u00e4ndler (Irland), 5 Auszubildende aus dem Bereich KFZ-Mechatronik (Polen) und 12&nbsp; Sch\u00fclerinnen und Sch\u00fcler aus den Berufsfachschulklassen und dem Beruflichen Gymnasium (\u00d6sterreich). Dar\u00fcber hinaus haben acht Lehrkr\u00e4fte der BBS Buxtehude und einen Ausbilder der DOW den Europass-Mobilit\u00e4t erhalten.<br>Den Abschluss der Veranstaltung bildete ein Sektempfang mit einem Fingerfood-Buffett, welches Sch\u00fclerinnen und Sch\u00fcler der BBS Buxtehude vorbereitet hatten.<\/p>\n\n\n\n<figure class=\"wp-block-image size-large\"><img loading=\"lazy\" decoding=\"async\" width=\"1000\" height=\"667\" src=\"https:\/\/bbsbux.de\/wp-content\/uploads\/2020\/04\/2019_Europass_01.jpg\" alt=\"\" class=\"wp-image-169\" srcset=\"https:\/\/bbsbux.de\/wp-content\/uploads\/2020\/04\/2019_Europass_01.jpg 1000w, https:\/\/bbsbux.de\/wp-content\/uploads\/2020\/04\/2019_Europass_01-300x200.jpg 300w, https:\/\/bbsbux.de\/wp-content\/uploads\/2020\/04\/2019_Europass_01-768x512.jpg 768w\" sizes=\"auto, (max-width: 1000px) 100vw, 1000px\" \/><figcaption>Ausstellung der Reiseberichte der Sch\u00fclerinnen und Sch\u00fcler<\/figcaption><\/figure>\n\n\n\n<figure class=\"wp-block-image size-large\"><img loading=\"lazy\" decoding=\"async\" width=\"1000\" height=\"410\" src=\"https:\/\/bbsbux.de\/wp-content\/uploads\/2020\/04\/2019_Europass_alle.jpg\" alt=\"\" class=\"wp-image-167\" srcset=\"https:\/\/bbsbux.de\/wp-content\/uploads\/2020\/04\/2019_Europass_alle.jpg 1000w, https:\/\/bbsbux.de\/wp-content\/uploads\/2020\/04\/2019_Europass_alle-300x123.jpg 300w, https:\/\/bbsbux.de\/wp-content\/uploads\/2020\/04\/2019_Europass_alle-768x315.jpg 768w\" sizes=\"auto, (max-width: 1000px) 100vw, 1000px\" \/><figcaption>Die neuen Europass-Inhaber\/innen<\/figcaption><\/figure>\n\n\n\n<div class=\"wp-block-group is-layout-flow wp-block-group-is-layout-flow\"><div class=\"wp-block-group__inner-container\"><\/div><\/div>\n\n\n\n<h3 class=\"wp-block-heading\"><br>Lernen im Ausland: \u201eEuropass Mobilit\u00e4t\u201c-\u00dcbergabe 26.01.2018<\/h3>\n\n\n\n<p>Am 26.01.2018 fand die zweite feierliche \u00dcbergabe des \u201eEuropass Mobilit\u00e4t\u201c an acht Sch\u00fclerinnen, Sch\u00fcler und Auszubildende sowie ein zum Anlass passender Vortrag und eine Diskussionsrunde zum Thema \u201eEuropa\u201c mit dem EU-Abgeordneten Tiemo W\u00f6lken (SPD) im Atrium der BBS Buxtehude statt.<br>Die Veranstaltung wurde mit einer Begr\u00fc\u00dfungsrede seitens unseres Schulleiters Herrn Carsten Schr\u00f6der er\u00f6ffnet. Anschlie\u00dfend fand eine Podiumsdiskussion statt, bei der Sch\u00fclerinnen und Sch\u00fcler des Publikums die M\u00f6glichkeit hatten, nach einem kurzen Vortrag von Herrn W\u00f6lke, Fragen zur Arbeit im Parlament zu stellen. Hierbei wurden besonders der Bereich \u201eKlima- und Umweltschutz\u201c, sowie die Handelsabkommen von Europa und der \u201eBrexit\u201c thematisiert, aber auch die derzeitigen Sondierungsgespr\u00e4che des Bundestags und weitere Punkte lagen im Interesse der Zuh\u00f6rer. Anschlie\u00dfend wurde das Wort an den ersten Kreisrat des Landkreis Stade Dr. Eckart Lantz \u00fcbergeben, welcher sich positiv zum eigentlichen Anlass der Veranstaltung, dem \u201eEuropass Mobilit\u00e4t\u201c \u00e4u\u00dferte und uns die Aufforderung entgegensandte, ebenfalls die Chance eines Auslandspraktikums nutzen und den eigenen Horizont zu erweitern.<br>Anschlie\u00dfend stellten Alexander Hahlbeck, Marvin Seifert und Til L\u00fchnen, alle drei Auszubildende des Bereiches Automatisierungs-technik der DOW Stade mittels einer PowerPoint-Pr\u00e4sentation ihr vierw\u00f6chiges Praktikum in Tarragona, einer Hafenstadt in Katalonien, dem Nordosten Spaniens vor. Hierbei deckten sie alle Teilbereiche \u00fcber die Anreise, den Aufenthalt bis hin zur Abreise als auch den Aspekt der anfallenden Kosten ab. Der Auslandsaufenthalt unterteilte sich in eine zweiw\u00f6chige Schulphase mit deutschsprachigen Arbeitsauftr\u00e4gen zur Programmierung einer Sortier-anlage sowie der ebenfalls zweiw\u00f6chigen Arbeit bei der DOW vor Ort mit Einblicken in verschiedene Abteilungen der Maintanence-Werkstatt. Zudem erhielten die drei Auszubildenden im Rahmen ihres Aufenthaltes eine Stadtf\u00fchrung durch einen antiken Bezirk Tarragonas. Neben den beruflichen T\u00e4tigkeiten standen noch ein Ausflug nach Barcelona sowie weitere Freizeitaktivit\u00e4ten auf dem Programm.<br><\/p>\n\n\n\n<figure class=\"wp-block-image size-large\"><img loading=\"lazy\" decoding=\"async\" width=\"900\" height=\"508\" src=\"https:\/\/bbsbux.de\/wp-content\/uploads\/2020\/04\/2018_euro1.jpg\" alt=\"\" class=\"wp-image-166\" srcset=\"https:\/\/bbsbux.de\/wp-content\/uploads\/2020\/04\/2018_euro1.jpg 900w, https:\/\/bbsbux.de\/wp-content\/uploads\/2020\/04\/2018_euro1-300x169.jpg 300w, https:\/\/bbsbux.de\/wp-content\/uploads\/2020\/04\/2018_euro1-768x433.jpg 768w\" sizes=\"auto, (max-width: 900px) 100vw, 900px\" \/><figcaption>Sch\u00fcler pr\u00e4sentieren ihren Aufenthalt in Taragona \/ Spanien<\/figcaption><\/figure>\n\n\n\n<p>Zuletzt \u00fcbernahm unsere Lehrerin und Europa-Beauftragte Frau Antje Pape das Wort und leitete mit einer kurzen Rede \u00fcber die F\u00f6rderung von wichtigen Kompetenzen wie beispielsweise der Selbstst\u00e4ndigkeit und der sprachlichen F\u00e4higkeiten sowie das Eintauchen in andere kulturelle Umfelder und Arbeitsbedingungen die \u00dcbergabe der \u201eEurop\u00e4sse Mobilit\u00e4t\u201c an die anwesenden Sch\u00fclerinnen, Sch\u00fcler und Auszubildenden ein.<br>Neben den drei Auszubildenden, welche ihr Auslandspraktikum in Spanien verbrachten, haben zudem f\u00fcnf weitere Sch\u00fclerinnen und Sch\u00fcler der Berufsfachschule IT und Mechatronik ein vierw\u00f6chiges Praktikum in Klagenfurt, \u00d6sterreich absolviert. So erhielten Luciene Birk, Vanessa B\u00fcnger, Vincent Pfl\u00e4ging, Akos Kiss und Pascal Poppe ebenfalls ein Zertifikat \u00fcber ein erfolgreich absolviertes Auslandspraktikum. \u00a0<\/p>\n\n\n\n<figure class=\"wp-block-image size-large\"><img loading=\"lazy\" decoding=\"async\" width=\"900\" height=\"520\" src=\"https:\/\/bbsbux.de\/wp-content\/uploads\/2020\/04\/2018_euro2.jpg\" alt=\"\" class=\"wp-image-165\" srcset=\"https:\/\/bbsbux.de\/wp-content\/uploads\/2020\/04\/2018_euro2.jpg 900w, https:\/\/bbsbux.de\/wp-content\/uploads\/2020\/04\/2018_euro2-300x173.jpg 300w, https:\/\/bbsbux.de\/wp-content\/uploads\/2020\/04\/2018_euro2-768x444.jpg 768w\" sizes=\"auto, (max-width: 900px) 100vw, 900px\" \/><figcaption>Die neuen Europass-Mobilit\u00e4t-Inhaber\/innen zusammen mit MdEP Timo W\u00f6lken (links), dem Ersten Kreisrat des Landkreises Stade, Eckart Lantz (3.v.r.), Schulleiter Carsten Schr\u00f6der (2.v.r.) und Europabeauftragte Antje Pape (r.)<\/figcaption><\/figure>\n\n\n\n<h3 class=\"wp-block-heading\"><br><strong>Feierliche \u00dcbergabe des Europass-Mobilit\u00e4t<\/strong> \u00a0\u00a0 <strong>12.01.2017<\/strong><\/h3>\n\n\n\n<figure class=\"wp-block-image size-large\"><img loading=\"lazy\" decoding=\"async\" width=\"1024\" height=\"248\" src=\"https:\/\/bbsbux.de\/wp-content\/uploads\/2020\/04\/2017_Europapass01-1024x248.jpg\" alt=\"\" class=\"wp-image-173\" srcset=\"https:\/\/bbsbux.de\/wp-content\/uploads\/2020\/04\/2017_Europapass01-1024x248.jpg 1024w, https:\/\/bbsbux.de\/wp-content\/uploads\/2020\/04\/2017_Europapass01-300x73.jpg 300w, https:\/\/bbsbux.de\/wp-content\/uploads\/2020\/04\/2017_Europapass01-768x186.jpg 768w, https:\/\/bbsbux.de\/wp-content\/uploads\/2020\/04\/2017_Europapass01-1536x372.jpg 1536w, https:\/\/bbsbux.de\/wp-content\/uploads\/2020\/04\/2017_Europapass01.jpg 1650w\" sizes=\"auto, (max-width: 1024px) 100vw, 1024px\" \/><\/figure>\n\n\n\n<p>Erstmalig erhielten in diesem Jahr 11 Sch\u00fclerinnen und Sch\u00fcler der BBS Buxtehude den Europass-Mobilit\u00e4t in einer feierlichen \u00dcbergabe.<br>Der Schulleiter der BBS Buxtehude, Carsten Schr\u00f6der begr\u00fc\u00dfte alle anwesenden G\u00e4ste, u.a. Herrn Dr. Stange, der Gesch\u00e4ftsf\u00fchrer der IHK-Stade f\u00fcr den Elbe-Weser-Raum, Frau M\u00f6hle, Stellvertreterin der B\u00fcrgermeisterin der Hansestadt Buxtehude, Herrn von Borstel von der DOW Stade, Herrn Klee von Lisega aus Zeven und Herrn Tiedtje von Homag.<br><br>W\u00e4hrend seiner Ansprache betonte Herr Schr\u00f6der, dass die Schule sich mit der europ\u00e4ischen Ausrichtung gut auf den Weg gemacht habe, die Erwartungen des Landes Niedersachsen hinsichtlich des Aufbaus von Kontakten und Mobilit\u00e4ten in Europa zu erf\u00fcllen. Besonderen Dank richtete er dabei an das Europa-Team der Schule. Hier haben Lehrkr\u00e4fte unter der Leitung von Frau Studienr\u00e4tin Antje Pape ganz besonderes Engagement gezeigt und bereits nach einem Jahr intensiver Arbeit bemerkenswerte Ergebnisse erzielt. Der Schulleiter dankte den Kolleginnen und Kollegen und besonders Frau Pape f\u00fcr ihre Arbeit an diesem Erasmus Plus Projekt.<br><br>Das Gru\u00dfwort sprach Dr. Bodo Stange. Der lebendige und eindrucksvolle Vortrag unterstrich die gro\u00dfe Bedeutung von Auslandserfahrungen im berufsbildenden Bereich und betonte wie wichtig es ist, seinen eigenen Horizont zu erweitern und lebenslang zu lernen.<br><br>Anschlie\u00dfend schilderten die Sch\u00fclerinnen Lisa Koop, Celine Gaida, Sabrina Bellmann, Ann-Kathrin Deiters, Lena Scheurer ihre Erfahrungen in Klaipeda (Litauen). Alle f\u00fcnf absolvieren die einj\u00e4hrige Berufsfachschule Wirtschaft.<br>Das vierw\u00f6chige Praktikum in Litauen habe sie sehr gepr\u00e4gt. In ihrer Pr\u00e4sentation wurde deutlich, dass neben den verschiedenen Menschen, die sie kennengelernt haben, die allt\u00e4glichen Situationen, wie das Busfahren, anf\u00e4nglich eine besondere Herausforderung darstellten. Begeistert waren sie von der Gastfreundlichkeit und Herzlichkeit in Litauen.<br>Kenneth Schmidtsdorff, Max Peters, Jan Ahrens, Lorenzo Klaus (alle DOW Stade) und Janik Bahlke (Lisega) waren vier Wochen in Tarragona (Spanien).<br>Die ersten zwei Wochen verbrachten vier Auszubildende im Institut Comte de Rius und konnten dort u.a. ihre Kenntnisse in Programmierung und Konfiguration von speicherprogrammierbaren Steuerungen (SPS) erweitern. Die beiden Mechatroniker lernten im Institut Perre Martell beispielsweise einen Produktionsroboter zu konfigurieren und 3D-Modelle zu erstellen<br>In den letzten zwei Wochen absolvierten die Auszubildenden ein Praktikum in verschiedenen Betrieben (Dow Chemical, Clariant, Navec und Masa). In den Betrieben haben sie viele Arbeitsabl\u00e4ufe und Technologien wiedererkannt und alternative Techniken kennengelernt.<br><br>Besonders gefallen hat ihnen die spanische Gastfreundlichkeit. W\u00e4hrend der Pr\u00e4sentation machten sie deutlich, dass sie ihre Englischkenntnisse und ihr Fachwissen sehr verbessern konnten. Sie betonten dar\u00fcber hinaus ihr gewachsenes Selbstbewusstsein, wie sehr sie die spanische Lebensart sch\u00e4tzen gelernt haben und wie unterschiedlich das Leben in Deutschland und Spanien sei.<br>Bevor die Europ\u00e4sse dann allen Teilnehmerinnen und Teilnehmern \u00fcberreicht wurden, \u00fcbernahm die Europabeauftragte Antje Pape das Wort. Sie hob noch einmal hervor, wie wichtig das Eintauchen in ein anderes kulturelles Umfeld und in andere Arbeitsbedingungen sei.<br>Sie berichtete, wie stolz sie ist, dass die BBS Buxtehude erstmalig den Europass-Mobilit\u00e4t an die 11 Sch\u00fclerinnen \u00fcberreichen k\u00f6nnen. Das europaweit einheitliche Zertifikat dokumentiert den Lernaufenthalt im Ausland und macht die dort erworbenen F\u00e4higkeiten, T\u00e4tigkeiten, Lernerfahrungen und Kompetenzen sichtbar.<br><br>Die Auslandspraktika wurden durch ein Erasmus+ Projekt erm\u00f6glicht. Diese finanzielle Unterst\u00fctzung ist eine wesentliche Voraussetzung f\u00fcr die Durchf\u00fchrung eines solchen Praktikums.<br><br>Im Anschluss an die \u00dcbergabe hatten alle G\u00e4ste die M\u00f6glichkeit, bei einem Glas Sekt und Fingerfood sich mit den Teilnehmerinnen und Teilnehmern \u00fcber ihre Erfahrungen im Ausland auszutauschen.<br>F\u00fcr diese gelungene Veranstaltung m\u00f6chten wir uns bei allen Beteiligten bedanken:<\/p>\n\n\n\n<ul class=\"wp-block-list\"><li>bei Herrn Dr. Stange, der die Veranstaltung durch seine Rede und Anwesenheit sehr bereichert hat,<\/li><li>bei allen beteiligten Ausbildungsunternehmen f\u00fcr die Bereitschaft ihren Auszubildenden die M\u00f6glichkeit eines Auslandspraktikums einzur\u00e4umen,<\/li><li>bei allen Pr\u00e4sentierenden f\u00fcr ihre Bereitschaft, ihre Erfahrungen dem Publikum mitzuteilen.<\/li><li>bei der Europagruppe, den Klassenlehrerinnen und Klassenlehrern und dem Schulb\u00fcro f\u00fcr die ausdauernde Unterst\u00fctzung,<\/li><li>bei der FOEH1 f\u00fcr das perfekte Catering und die kulinarischen K\u00f6stlichkeiten,<\/li><li>bei infeba f\u00fcr die pers\u00f6nliche Betreuung in Klaipeda.<\/li><\/ul>\n\n\n\n<figure class=\"wp-block-image size-large\"><img loading=\"lazy\" decoding=\"async\" width=\"1024\" height=\"256\" src=\"https:\/\/bbsbux.de\/wp-content\/uploads\/2020\/04\/2017_Europapass02-1024x256.jpg\" alt=\"\" class=\"wp-image-172\" srcset=\"https:\/\/bbsbux.de\/wp-content\/uploads\/2020\/04\/2017_Europapass02-1024x256.jpg 1024w, https:\/\/bbsbux.de\/wp-content\/uploads\/2020\/04\/2017_Europapass02-300x75.jpg 300w, https:\/\/bbsbux.de\/wp-content\/uploads\/2020\/04\/2017_Europapass02-768x192.jpg 768w, https:\/\/bbsbux.de\/wp-content\/uploads\/2020\/04\/2017_Europapass02-1536x384.jpg 1536w, https:\/\/bbsbux.de\/wp-content\/uploads\/2020\/04\/2017_Europapass02.jpg 1600w\" sizes=\"auto, (max-width: 1024px) 100vw, 1024px\" \/><\/figure>\n","protected":false},"excerpt":{"rendered":"<p>Hier berichten wir \u00fcber Veranstaltungen der letzten Jahre. Auslandspraktika gew\u00fcrdigt &#8211; Feierliche \u00dcbergabe \u201eEuropass Mobilit\u00e4t\u201c-\u00dcbergabean den BBS Buxtehude Am 21.02.2019 fand die feierliche \u00dcbergabe des &hellip; <\/p>\n","protected":false},"author":1,"featured_media":0,"parent":0,"menu_order":0,"comment_status":"closed","ping_status":"closed","template":"","meta":{"cybocfi_hide_featured_image":"","footnotes":""},"class_list":["post-159","page","type-page","status-publish","hentry"],"_links":{"self":[{"href":"https:\/\/bbsbux.de\/index.php?rest_route=\/wp\/v2\/pages\/159","targetHints":{"allow":["GET"]}}],"collection":[{"href":"https:\/\/bbsbux.de\/index.php?rest_route=\/wp\/v2\/pages"}],"about":[{"href":"https:\/\/bbsbux.de\/index.php?rest_route=\/wp\/v2\/types\/page"}],"author":[{"embeddable":true,"href":"https:\/\/bbsbux.de\/index.php?rest_route=\/wp\/v2\/users\/1"}],"replies":[{"embeddable":true,"href":"https:\/\/bbsbux.de\/index.php?rest_route=%2Fwp%2Fv2%2Fcomments&post=159"}],"version-history":[{"count":4,"href":"https:\/\/bbsbux.de\/index.php?rest_route=\/wp\/v2\/pages\/159\/revisions"}],"predecessor-version":[{"id":174,"href":"https:\/\/bbsbux.de\/index.php?rest_route=\/wp\/v2\/pages\/159\/revisions\/174"}],"wp:attachment":[{"href":"https:\/\/bbsbux.de\/index.php?rest_route=%2Fwp%2Fv2%2Fmedia&parent=159"}],"curies":[{"name":"wp","href":"https:\/\/api.w.org\/{rel}","templated":true}]}}