{"id":1610,"date":"2021-09-16T09:15:10","date_gmt":"2021-09-16T09:15:10","guid":{"rendered":"https:\/\/bbsbux.de\/?page_id=1610"},"modified":"2021-09-17T06:16:29","modified_gmt":"2021-09-17T06:16:29","slug":"frau-rossa-beratungslehrerin","status":"publish","type":"page","link":"https:\/\/bbsbux.de\/?page_id=1610","title":{"rendered":"Frau Rossa, Beratungslehrerin"},"content":{"rendered":"\n<figure class=\"wp-block-image size-full is-resized\"><img loading=\"lazy\" decoding=\"async\" src=\"https:\/\/bbsbux.de\/wp-content\/uploads\/2021\/09\/rsa_21.jpg\" alt=\"Frau Rossa\" class=\"wp-image-1628\" width=\"144\" height=\"213\" srcset=\"https:\/\/bbsbux.de\/wp-content\/uploads\/2021\/09\/rsa_21.jpg 300w, https:\/\/bbsbux.de\/wp-content\/uploads\/2021\/09\/rsa_21-203x300.jpg 203w\" sizes=\"auto, (max-width: 144px) 100vw, 144px\" \/><\/figure>\n\n\n\n<p>Mein Name ist Nicole Rossa. Seit dem Jahr 2020 bin ich als Beratungslehrerin an unserer Schule t\u00e4tig und Ansprechpartnerin f\u00fcr ratsuchende Sch\u00fclerinnen und Sch\u00fcler, Eltern sowie Kolleginnen und Kollegen, die bei Sorgen, Fragen und Problemen im schulischen Alltag neutrale Unterst\u00fctzung suchen.<br><br>M\u00f6gliche Themen sind:<br>&#8211; Lern- und Leistungsschwierigkeiten in der Schule und zu Hause<br>&#8211; Konflikte mit Mitsch\u00fclern<br>&#8211; Verhaltensauff\u00e4lligkeiten im Unterricht &#8211; pers\u00f6nliche, famili\u00e4re Probleme<br>&#8211; Hilfestellung durch au\u00dferschulische Beratungsstellen und Institutionen<br><br>Ich m\u00f6chte unterst\u00fctzen, begleiten, vermitteln und gemeinsam mit dem Ratsuchenden nach Wegen, L\u00f6sungen und M\u00f6glichkeiten zur Problembew\u00e4ltigung suchen.<br><br>Die Beratung erfolgt stets nach den Leitlinien der Beratungsarbeit.<br><br>A. Freiwilligkeit: Der oder die Ratsuchende entscheidet, ob, wann und wie lange er oder sie zur Beratung kommt.<br>B. Vertraulichkeit: Ich unterliege der Schweigepflicht!<br>C. Unabh\u00e4ngigkeit: Als Beratungslehrerin kann ich zu keiner Beratung verpflichtet oder von Dritten beauftragt werden, ein bestimmtes Ziel zu verfolgen.<br>D. Verantwortungsstruktur: In meiner T\u00e4tigkeit als Beratungslehrerin muss ich Zust\u00e4ndigkeiten und Verantwortlichkeiten in der Institution Schule beachten.<br><br>Erster Ansprechpartner bei Problemen ist die Klassenlehrkraft.<br>M\u00f6chten Sie einen Beratungstermin mit mir vereinbaren, <a href=\"https:\/\/bbsbux.de\/?page_id=1615\"><strong>schreiben<\/strong><\/a> Sie mir bitte oder melden Sie sich telefonisch im Schulb\u00fcro unter: 04161 55570<\/p>\n","protected":false},"excerpt":{"rendered":"<p>Mein Name ist Nicole Rossa. Seit dem Jahr 2020 bin ich als Beratungslehrerin an unserer Schule t\u00e4tig und Ansprechpartnerin f\u00fcr ratsuchende Sch\u00fclerinnen und Sch\u00fcler, Eltern &hellip; <\/p>\n","protected":false},"author":1,"featured_media":0,"parent":0,"menu_order":0,"comment_status":"closed","ping_status":"closed","template":"","meta":{"cybocfi_hide_featured_image":"","footnotes":""},"class_list":["post-1610","page","type-page","status-publish","hentry"],"_links":{"self":[{"href":"https:\/\/bbsbux.de\/index.php?rest_route=\/wp\/v2\/pages\/1610","targetHints":{"allow":["GET"]}}],"collection":[{"href":"https:\/\/bbsbux.de\/index.php?rest_route=\/wp\/v2\/pages"}],"about":[{"href":"https:\/\/bbsbux.de\/index.php?rest_route=\/wp\/v2\/types\/page"}],"author":[{"embeddable":true,"href":"https:\/\/bbsbux.de\/index.php?rest_route=\/wp\/v2\/users\/1"}],"replies":[{"embeddable":true,"href":"https:\/\/bbsbux.de\/index.php?rest_route=%2Fwp%2Fv2%2Fcomments&post=1610"}],"version-history":[{"count":6,"href":"https:\/\/bbsbux.de\/index.php?rest_route=\/wp\/v2\/pages\/1610\/revisions"}],"predecessor-version":[{"id":1633,"href":"https:\/\/bbsbux.de\/index.php?rest_route=\/wp\/v2\/pages\/1610\/revisions\/1633"}],"wp:attachment":[{"href":"https:\/\/bbsbux.de\/index.php?rest_route=%2Fwp%2Fv2%2Fmedia&parent=1610"}],"curies":[{"name":"wp","href":"https:\/\/api.w.org\/{rel}","templated":true}]}}