{"id":176,"date":"2020-04-09T10:42:37","date_gmt":"2020-04-09T10:42:37","guid":{"rendered":"https:\/\/bbsbux.de\/?page_id=176"},"modified":"2020-04-09T10:42:37","modified_gmt":"2020-04-09T10:42:37","slug":"unsere-partner","status":"publish","type":"page","link":"https:\/\/bbsbux.de\/?page_id=176","title":{"rendered":"Unsere Partner"},"content":{"rendered":"\n<p><img loading=\"lazy\" decoding=\"async\" width=\"300\" height=\"26\" class=\"wp-image-178\" style=\"width: 300px;\" alt=\"\" src=\"https:\/\/bbsbux.de\/wp-content\/uploads\/2020\/04\/3_infeba_logo.jpg\" srcset=\"https:\/\/bbsbux.de\/wp-content\/uploads\/2020\/04\/3_infeba_logo.jpg 978w, https:\/\/bbsbux.de\/wp-content\/uploads\/2020\/04\/3_infeba_logo-300x26.jpg 300w, https:\/\/bbsbux.de\/wp-content\/uploads\/2020\/04\/3_infeba_logo-768x67.jpg 768w\" sizes=\"auto, (max-width: 300px) 100vw, 300px\" \/><br><strong>Infeba e.V.<\/strong> Institut f\u00fcr Europ\u00e4ische Bildungsprogramme hat langj\u00e4hrige Erfahrung und viele Erfolge in der Arbeit mit verschiedenen europ\u00e4ischen Bildungsprogramme. Infeba ist unser Partner bei der Vermittlung von Auslandsaufenthalten nach Litauen und \u00d6sterreich und k\u00fcmmert sich um das gesamte um das gesamte Projektmanagement und die Betreuung vor Ort.<br><\/p>\n\n\n\n<p><img loading=\"lazy\" decoding=\"async\" width=\"300\" height=\"74\" class=\"wp-image-179\" style=\"width: 300px;\" alt=\"\" src=\"https:\/\/bbsbux.de\/wp-content\/uploads\/2020\/04\/3_BVOe_Oesterreich.jpg\" srcset=\"https:\/\/bbsbux.de\/wp-content\/uploads\/2020\/04\/3_BVOe_Oesterreich.jpg 304w, https:\/\/bbsbux.de\/wp-content\/uploads\/2020\/04\/3_BVOe_Oesterreich-300x74.jpg 300w\" sizes=\"auto, (max-width: 300px) 100vw, 300px\" \/><br><strong>BV\u00d6 <\/strong>\u2013 Bildungsberatung &amp; Vermittlungsagentur GmbH ist unser Partner vor Ort in \u00d6sterreich. Mit Hauptsitz in Klagenfurt am W\u00f6rthersee vermittelt die BV\u00d6 vierw\u00f6chige Auslandspraktika rund um Klagenfurt und betreut die Teilnehmer vor Ort. <strong>SWAN<\/strong> befindet sich im Herzen von Dublin und ist eine der beliebtesten Sprachschulen in Irland. Die Schule ist spezialisiert auf Englisch Kurse f\u00fcr ausl\u00e4ndische Sprachsch\u00fclerinnen und -sch\u00fcler und unterst\u00fctzt bei der Vermittlung von Auslandspraktika in Irland.<\/p>\n","protected":false},"excerpt":{"rendered":"<p>Infeba e.V. Institut f\u00fcr Europ\u00e4ische Bildungsprogramme hat langj\u00e4hrige Erfahrung und viele Erfolge in der Arbeit mit verschiedenen europ\u00e4ischen Bildungsprogramme. Infeba ist unser Partner bei der &hellip; <\/p>\n","protected":false},"author":1,"featured_media":0,"parent":0,"menu_order":0,"comment_status":"closed","ping_status":"closed","template":"","meta":{"cybocfi_hide_featured_image":"","footnotes":""},"class_list":["post-176","page","type-page","status-publish","hentry"],"_links":{"self":[{"href":"https:\/\/bbsbux.de\/index.php?rest_route=\/wp\/v2\/pages\/176","targetHints":{"allow":["GET"]}}],"collection":[{"href":"https:\/\/bbsbux.de\/index.php?rest_route=\/wp\/v2\/pages"}],"about":[{"href":"https:\/\/bbsbux.de\/index.php?rest_route=\/wp\/v2\/types\/page"}],"author":[{"embeddable":true,"href":"https:\/\/bbsbux.de\/index.php?rest_route=\/wp\/v2\/users\/1"}],"replies":[{"embeddable":true,"href":"https:\/\/bbsbux.de\/index.php?rest_route=%2Fwp%2Fv2%2Fcomments&post=176"}],"version-history":[{"count":2,"href":"https:\/\/bbsbux.de\/index.php?rest_route=\/wp\/v2\/pages\/176\/revisions"}],"predecessor-version":[{"id":181,"href":"https:\/\/bbsbux.de\/index.php?rest_route=\/wp\/v2\/pages\/176\/revisions\/181"}],"wp:attachment":[{"href":"https:\/\/bbsbux.de\/index.php?rest_route=%2Fwp%2Fv2%2Fmedia&parent=176"}],"curies":[{"name":"wp","href":"https:\/\/api.w.org\/{rel}","templated":true}]}}