{"id":182,"date":"2020-04-10T08:25:47","date_gmt":"2020-04-10T08:25:47","guid":{"rendered":"https:\/\/bbsbux.de\/?page_id=182"},"modified":"2020-04-10T08:25:48","modified_gmt":"2020-04-10T08:25:48","slug":"partnerschulen","status":"publish","type":"page","link":"https:\/\/bbsbux.de\/?page_id=182","title":{"rendered":"Partnerschulen"},"content":{"rendered":"\n<p><strong>Unser Partner in D\u00e4nemark<\/strong><br>D\u00e4nemark als direktes Nachbarland Deutschlands verbinden viele oft mit Sommerurlaub im Ferienhaus. Es bietet dar\u00fcber ausgezeichnete M\u00f6glichkeiten f\u00fcr unsere Sch\u00fclerinnen, Sch\u00fcler und Auszubildende, praktische Auslandserfahrungen zu sammeln.<br><br>Unseren Partner in D\u00e4nemark haben wir im Sommer 2018 durch pers\u00f6nliche Kontakte kennengelernt. Das Berufsbildungszentrum EUC SYD (Vocational Educational Centre South ) befindet sich im S\u00fcden von D\u00e4nemark. Im Sommer 2018 haben Lehrkr\u00e4fte der BBS Buxtehude das Berufsbildungszentrum besucht und festgestellt, dass eine Partnerschaft auch aufgrund der \u00f6rtlichen N\u00e4he f\u00fcr alle Beteiligten erfolgversprechend w\u00e4re.<br>Die Schule ist hervorragend ausgestattet; hier wurde in den letzten Jahren viel investiert. Werkst\u00e4tten und Laboreinrichtungen, sind topaktuell ausger\u00fcstet, u.a. mit modernster Robotertechnik, CNC-Maschinen. Die Klassenr\u00e4ume verf\u00fcgen \u00fcber Smartboards und PCs. Das EUC SYD ist die gr\u00f6\u00dfte Bildungseinrichtung im S\u00fcden J\u00fctlands, bestehend aus vier einzelnen Schulen in S\u00f8nderborg, Aabenraa, T\u00f8nder und Haderslev.<br><br><strong>Erhvervs Uddannelses Center Syd (EUC Syd)<\/strong><br>Adresse:\u00a0 Hilmar Finsens Gade 18,  6400 S\u00f8nderborg, D\u00e4nemark<br>Kontaktperson: Hans Lehmann, Telefon:\u00a0 +45 7412 4242, E-Mail:\u00a0eucsyd@eucsyd.dk<br><img loading=\"lazy\" decoding=\"async\" width=\"107\" height=\"89\" class=\"wp-image-186\" style=\"width: 107px;\" alt=\"\" src=\"https:\/\/bbsbux.de\/wp-content\/uploads\/2020\/04\/eucsyd.png\"><br><br>Mit diesem Berufsbildungszentrum arbeiten wir in der Organisation der Europamobilit\u00e4ten f\u00fcr unsere Auszubildenden in der dualen Berufsbildung zusammen. F\u00fcr die Mobilit\u00e4ten organisieren wir drei- bis vierw\u00f6chige Aufenthalte, die sich in je zwei Wochen Fachunterricht in den Berufsbildungszentren und zwei Wochen betriebliche Praktika aufteilen k\u00f6nnen. Das Berufsbildungszentrum ist technisch sehr gut ausgestattet und bieten eine Betreuung durch hochmotiviertes und sehr hilfsbereites Personal.<br>Reise und Unterkunft wird im optimalen Fall von den Auszubildenden selbst organisiert. Das Europateam der BBS Buxtehude bietet auch gerne Unterst\u00fctzung an.<br>Sprache und Kultur sind bei diesen Mobilit\u00e4ten wichtige Herausforderungen. D\u00e4nisch Kenntnisse sind nat\u00fcrlich hilfreich, aber nicht erforderlich. Mit den Lehrkr\u00e4ften und Sch\u00fclerinnen\/Sch\u00fclern, die wir kennengelernt haben, konnten wir uns problemlos auf Englisch unterhalten. Und wenn es mal \u201ehakt\u201c: mit Gestik und Mimik, sowie der global verf\u00fcgbaren Technik und \u201eTechniksprache\u201c kommen hier alle weiter.<br><\/p>\n\n\n\n<p><\/p>\n\n\n\n<p><br><br><strong>Unser Partner in Polen<\/strong><br><strong>ZESP\u00d3\u0141 SZK\u00d3\u0141 SAMOCHODOWYCH I LICEALNYCH NR 2<\/strong><\/p>\n\n\n\n<figure class=\"wp-block-image size-large\"><img loading=\"lazy\" decoding=\"async\" width=\"1000\" height=\"328\" src=\"https:\/\/bbsbux.de\/wp-content\/uploads\/2020\/04\/zssil_polen.jpg\" alt=\"\" class=\"wp-image-188\" srcset=\"https:\/\/bbsbux.de\/wp-content\/uploads\/2020\/04\/zssil_polen.jpg 1000w, https:\/\/bbsbux.de\/wp-content\/uploads\/2020\/04\/zssil_polen-300x98.jpg 300w, https:\/\/bbsbux.de\/wp-content\/uploads\/2020\/04\/zssil_polen-768x252.jpg 768w\" sizes=\"auto, (max-width: 1000px) 100vw, 1000px\" \/><\/figure>\n\n\n\n<p>Im November 2017 wurde auf einem Seminar des DPJW, Deutsch-polnisches Jugendwerk, in Bad Bevensen ein erster Kontakt mit unserer Partnerschule hergestellt.<br>Im Februar 2018 fuhren 2 Lehrkr\u00e4fte unserer Schule zu einem Vorbereitungsgespr\u00e4ch nach Warschau.<br>Im Juni 2018 kam es dann zu einem ersten Austausch mit unserer Partnerschule in Warschau. Eine Woche arbeiteten 5 Auszubildende unserer Schule aus dem Kfz-Handwerk zusammen mit 5 Sch\u00fclern der polnischen Schule an einem gemeinsamen Projekt in Warschau.<br>Im Gegenzug besuchten dann im November 2018 die polnischen Sch\u00fcler f\u00fcr eine Woche unsere Schule.<br>Unsere Partnerschule eignet sich durch ihre Ausrichtung, es handelt sich um eine reine Kraftfahrzeugtechnik-Schule, besonders f\u00fcr den Austausch mit den Auszubildenden des Kfz-Hnandwerks. Durch die zentrale Lage in Warschau und die N\u00e4he zur historischen Altstadt stehen viele geeignete Unterk\u00fcnfte in der N\u00e4he zur Verf\u00fcgung.<br>Derzeit beschr\u00e4nkt sich der Auslandsaufenthalt auf eine Woche im Partnerland. Neben der Projektarbeit steht ein ausgiebiges Freizeitprogramm an, welches sowohl kulturelle als auch geschichtliche Hintergr\u00fcnde abdeckt. Nat\u00fcrlich mangelt es dabei nicht an Spa\u00df und Unterhaltung, wie beispielsweise eine Stadtrundfahrt oder ein gemeinsames Grillen an der Weichsel.<br>Fachliche Erfahrungen und Kenntnisse k\u00f6nnen in modernen Werkst\u00e4tten und einem gut ausgestatteten Bildungszentrum erweitert und ausgetauscht werden.<br>Bereits im Mai 2019 werden wir den n\u00e4chsten Besuch durchf\u00fchren. Diesmal bereits mit 12 Auszubildenden aus dem Kfz-Handwerk. Auch der Gegenbesuch ist bereits wieder geplant.<\/p>\n\n\n\n<p><br><br><strong>Unsere Partner in Spanien<\/strong><br>Bereits seit 2016 pflegen wir nachhaltige Kontakte zu unseren Partnern in Spanien. Genauer gesagt befinden sie sich in der wundersch\u00f6nen K\u00fcstenstadt Tarragona ca. 80 km s\u00fcdwestlich von Barcelona.<br><br>Dort arbeiten wir mit zwei Berufsbildungszentren zusammen:<br><img loading=\"lazy\" decoding=\"async\" width=\"100\" height=\"74\" class=\"wp-image-189\" style=\"width: 100px;\" alt=\"\" src=\"https:\/\/bbsbux.de\/wp-content\/uploads\/2020\/04\/comte_rius.png\">   <b>IES Comte de Rius<\/b>, Carrer Marcel\u00b7l\u00ed Domingo s\/n. Campus Sescelades, 43007 Tarragona, Spain<br><br><img loading=\"lazy\" decoding=\"async\" width=\"107\" height=\"83\" class=\"wp-image-190\" style=\"width: 107px;\" alt=\"\" src=\"https:\/\/bbsbux.de\/wp-content\/uploads\/2020\/04\/pere_martell.png\">  <strong>IES Pere Martell,<\/strong> Autovia de Salou s\/n, 43006 Tarragona, Spain<br><\/p>\n\n\n\n<figure class=\"wp-block-image size-large\"><a href=\"https:\/\/www.openstreetmap.org\/copyright\" target=\"_blank\" rel=\"noreferrer noopener\"><img loading=\"lazy\" decoding=\"async\" width=\"442\" height=\"272\" src=\"https:\/\/bbsbux.de\/wp-content\/uploads\/2020\/04\/taragona.jpg\" alt=\"\" class=\"wp-image-192\" srcset=\"https:\/\/bbsbux.de\/wp-content\/uploads\/2020\/04\/taragona.jpg 442w, https:\/\/bbsbux.de\/wp-content\/uploads\/2020\/04\/taragona-300x185.jpg 300w\" sizes=\"auto, (max-width: 442px) 100vw, 442px\" \/><\/a><figcaption><a href=\"https:\/\/www.openstreetmap.org\/copyright\" target=\"_blank\" rel=\"noreferrer noopener\">\u00a9 OpenStreetMap-Mitwirkende<\/a><\/figcaption><\/figure>\n\n\n\n<p>Mit diesen beiden spanischen Berufsbildungszentren arbeiten wir in der Organisation der Europamobilit\u00e4ten f\u00fcr unsere Auszubildenden in der dualen Berufsbildung zusammen. F\u00fcr die Mobilit\u00e4ten organisieren wir vierw\u00f6chige Aufenthalte, die sich in je zwei Wochen Fachunterricht in den Berufsbildungszentren und zwei Wochen betriebliche Praktika aufteilen. Die Berufsbildungszentren sind technisch sehr gut ausgestattet und bieten eine Betreuung durch hochmotiviertes und sehr hilfsbereites Personal.<br>Reise und Unterkunft wird im optimalen Fall von den Auszubildenden selbst organisiert. Wir bieten in der BBS Buxtehude aber auch gerne Unterst\u00fctzung an.<br>Sprache und Kultur sind bei diesen Mobilit\u00e4ten wichtige Herausforderungen. Spanischkenntnisse sind nat\u00fcrlich hilfreich; aber nicht erforderlich. Mit Englisch, Gestik und Mimik, sowie der global verf\u00fcgbaren Technik und \u201eTechniksprache\u201c kommen hier auch alle weiter.<br>W\u00e4hrend der Aufenthalte unserer Auszubildenden in Tarragona achten wir besonders darauf, dass die Ausbildungsinhalte, die in Tarragona durchlaufen werden, sich als Modul innerhalb der Ausbildungsrahmenpl\u00e4ne bzw. Rahmenlehrpl\u00e4ne in Deutschland wiederfinden. F\u00fcr diese Module bieten wir auch zus\u00e4tzliche Zertifikate an, die zwischen unseren spanischen Partnern und uns, der BBS Buxtehude, abgestimmt sind.<br>Aktuell bieten wir zwischen vier bis sechs Mobilit\u00e4ten pro Jahr nach Tarragona an. Zurzeit noch leider nur f\u00fcr den gewerblich-technischen Bereich der Industrieelektroniker und Automatisierungstechniker. An dem Angebot f\u00fcr weitere Berufsfelder arbeiten wir stetig. Wer also z.B. als zuk\u00fcnftige Kauffrau, bzw. als zuk\u00fcnftiger Kaufmann nach Spanien m\u00f6chte, kann sich trotzdem bereits jetzt an uns wenden.<br>Wir freuen uns auf Euch! Macht euch auf den Weg und erweitert euren Horizont als Europ\u00e4er!<\/p>\n","protected":false},"excerpt":{"rendered":"<p>Unser Partner in D\u00e4nemarkD\u00e4nemark als direktes Nachbarland Deutschlands verbinden viele oft mit Sommerurlaub im Ferienhaus. Es bietet dar\u00fcber ausgezeichnete M\u00f6glichkeiten f\u00fcr unsere Sch\u00fclerinnen, Sch\u00fcler und &hellip; <\/p>\n","protected":false},"author":1,"featured_media":0,"parent":0,"menu_order":0,"comment_status":"closed","ping_status":"closed","template":"","meta":{"cybocfi_hide_featured_image":"","footnotes":""},"class_list":["post-182","page","type-page","status-publish","hentry"],"_links":{"self":[{"href":"https:\/\/bbsbux.de\/index.php?rest_route=\/wp\/v2\/pages\/182","targetHints":{"allow":["GET"]}}],"collection":[{"href":"https:\/\/bbsbux.de\/index.php?rest_route=\/wp\/v2\/pages"}],"about":[{"href":"https:\/\/bbsbux.de\/index.php?rest_route=\/wp\/v2\/types\/page"}],"author":[{"embeddable":true,"href":"https:\/\/bbsbux.de\/index.php?rest_route=\/wp\/v2\/users\/1"}],"replies":[{"embeddable":true,"href":"https:\/\/bbsbux.de\/index.php?rest_route=%2Fwp%2Fv2%2Fcomments&post=182"}],"version-history":[{"count":6,"href":"https:\/\/bbsbux.de\/index.php?rest_route=\/wp\/v2\/pages\/182\/revisions"}],"predecessor-version":[{"id":194,"href":"https:\/\/bbsbux.de\/index.php?rest_route=\/wp\/v2\/pages\/182\/revisions\/194"}],"wp:attachment":[{"href":"https:\/\/bbsbux.de\/index.php?rest_route=%2Fwp%2Fv2%2Fmedia&parent=182"}],"curies":[{"name":"wp","href":"https:\/\/api.w.org\/{rel}","templated":true}]}}