{"id":2,"date":"2016-05-10T03:48:21","date_gmt":"2016-05-10T03:48:21","guid":{"rendered":"http:\/\/bbsbux.de\/?page_id=2"},"modified":"2025-06-18T10:30:07","modified_gmt":"2025-06-18T10:30:07","slug":"sample-page","status":"publish","type":"page","link":"https:\/\/bbsbux.de\/?page_id=2","title":{"rendered":"Startseite"},"content":{"rendered":"\n<p>Wir begr\u00fc\u00dfen Sie auf der Internetpr\u00e4sentation der Berufsbildenden Schulen Buxtehude. Machen Sie sich ein Bild von den vielf\u00e4ltigen Aktivit\u00e4ten unserer Sch\u00fclerinnen und Sch\u00fcler sowie der Lehrkr\u00e4fte des Kollegiums. Wenn Sie Verbesserungsvorschl\u00e4ge f\u00fcr unsere Schule und ihre Webseite haben oder einfach nur Hinweise geben m\u00f6chten, bitten wir Sie, sich \u00fcber das Kontaktformular zu melden.<\/p>\n\n\n\n<p>BBS Buxtehude<br>\nKonopkastra\u00dfe 7<br>\n21614 Buxtehude<br>\nTelefon: 041 61&nbsp; 55 57-0<br>\nFax: 041 61&nbsp; 55 57-107<br>\nE-Mail: <a href=\"mailto:verwaltung@bbs-buxtehude.de\">verwaltung@bbs-buxtehude.de<\/a><\/p>\n\n\n\n<p>Ust.-Identifikationsnummer: DE 116473448<\/p>\n\n\n\n<p>Verantwortlich f\u00fcr diese Internetpr\u00e4sentation ist der Schulleiter der BBS Buxtehude, soweit nicht eine Person, z.B.&nbsp; eine Sch\u00fclerin, ein Sch\u00fcler, eine Lehrerin oder ein Lehrer &#8211; deutlich erkennbar durch namentliche Nennung &#8211; die eigenen Seiten selbst zu vertreten hat.<\/p>\n","protected":false},"excerpt":{"rendered":"<p>Wir begr\u00fc\u00dfen Sie auf der Internetpr\u00e4sentation der Berufsbildenden Schulen Buxtehude. Machen Sie sich ein Bild von den vielf\u00e4ltigen Aktivit\u00e4ten unserer Sch\u00fclerinnen und Sch\u00fcler sowie der &hellip; <\/p>\n","protected":false},"author":1,"featured_media":0,"parent":0,"menu_order":0,"comment_status":"closed","ping_status":"open","template":"","meta":{"cybocfi_hide_featured_image":"","footnotes":""},"class_list":["post-2","page","type-page","status-publish","hentry"],"_links":{"self":[{"href":"https:\/\/bbsbux.de\/index.php?rest_route=\/wp\/v2\/pages\/2","targetHints":{"allow":["GET"]}}],"collection":[{"href":"https:\/\/bbsbux.de\/index.php?rest_route=\/wp\/v2\/pages"}],"about":[{"href":"https:\/\/bbsbux.de\/index.php?rest_route=\/wp\/v2\/types\/page"}],"author":[{"embeddable":true,"href":"https:\/\/bbsbux.de\/index.php?rest_route=\/wp\/v2\/users\/1"}],"replies":[{"embeddable":true,"href":"https:\/\/bbsbux.de\/index.php?rest_route=%2Fwp%2Fv2%2Fcomments&post=2"}],"version-history":[{"count":8,"href":"https:\/\/bbsbux.de\/index.php?rest_route=\/wp\/v2\/pages\/2\/revisions"}],"predecessor-version":[{"id":3932,"href":"https:\/\/bbsbux.de\/index.php?rest_route=\/wp\/v2\/pages\/2\/revisions\/3932"}],"wp:attachment":[{"href":"https:\/\/bbsbux.de\/index.php?rest_route=%2Fwp%2Fv2%2Fmedia&parent=2"}],"curies":[{"name":"wp","href":"https:\/\/api.w.org\/{rel}","templated":true}]}}