{"id":218,"date":"2020-04-13T19:23:02","date_gmt":"2020-04-13T19:23:02","guid":{"rendered":"https:\/\/bbsbux.de\/?page_id=218"},"modified":"2026-01-21T10:01:00","modified_gmt":"2026-01-21T10:01:00","slug":"schulbuero","status":"publish","type":"page","link":"https:\/\/bbsbux.de\/?page_id=218","title":{"rendered":"Schulb\u00fcro"},"content":{"rendered":"\n<figure class=\"wp-block-table\"><table><tbody><tr><td>\u00d6ffnungszeiten:<\/td><td>Telefon: 04161 5557-0<\/td><\/tr><tr><td>Montag bis Donnerstag: 07:30 bis 15:30 Uhr<\/td><td><\/td><\/tr><tr><td>Freitag: 07:30 bis 14:00 Uhr<\/td><td>E-Mail: <a href=\"mailto:verwaltung@bbs-buxtehude.de\">verwaltung@bbs-buxtehude.de<\/a><\/td><\/tr><\/tbody><\/table><figcaption class=\"wp-element-caption\">Im Schulb\u00fcro begr\u00fc\u00dfen Sie Carolin Bauer, Britta Buchholz oder Silke Putz.<\/figcaption><\/figure>\n\n\n\n<p>In den Ferien ist das Schulb\u00fcro von Montag bis Freitag von 10 bis 12 Uhr ge\u00f6ffnet, bitte achten Sie dann auch auf die entsprechenden Benachrichtigungen an dieser Stelle.<\/p>\n","protected":false},"excerpt":{"rendered":"<p>\u00d6ffnungszeiten: Telefon: 04161 5557-0 Montag bis Donnerstag: 07:30 bis 15:30 Uhr Freitag: 07:30 bis 14:00 Uhr E-Mail: verwaltung@bbs-buxtehude.de Im Schulb\u00fcro begr\u00fc\u00dfen Sie Carolin Bauer, Britta &hellip; <\/p>\n","protected":false},"author":1,"featured_media":3611,"parent":0,"menu_order":0,"comment_status":"closed","ping_status":"closed","template":"","meta":{"cybocfi_hide_featured_image":"","footnotes":""},"class_list":["post-218","page","type-page","status-publish","has-post-thumbnail","hentry"],"_links":{"self":[{"href":"https:\/\/bbsbux.de\/index.php?rest_route=\/wp\/v2\/pages\/218","targetHints":{"allow":["GET"]}}],"collection":[{"href":"https:\/\/bbsbux.de\/index.php?rest_route=\/wp\/v2\/pages"}],"about":[{"href":"https:\/\/bbsbux.de\/index.php?rest_route=\/wp\/v2\/types\/page"}],"author":[{"embeddable":true,"href":"https:\/\/bbsbux.de\/index.php?rest_route=\/wp\/v2\/users\/1"}],"replies":[{"embeddable":true,"href":"https:\/\/bbsbux.de\/index.php?rest_route=%2Fwp%2Fv2%2Fcomments&post=218"}],"version-history":[{"count":5,"href":"https:\/\/bbsbux.de\/index.php?rest_route=\/wp\/v2\/pages\/218\/revisions"}],"predecessor-version":[{"id":4429,"href":"https:\/\/bbsbux.de\/index.php?rest_route=\/wp\/v2\/pages\/218\/revisions\/4429"}],"wp:featuredmedia":[{"embeddable":true,"href":"https:\/\/bbsbux.de\/index.php?rest_route=\/wp\/v2\/media\/3611"}],"wp:attachment":[{"href":"https:\/\/bbsbux.de\/index.php?rest_route=%2Fwp%2Fv2%2Fmedia&parent=218"}],"curies":[{"name":"wp","href":"https:\/\/api.w.org\/{rel}","templated":true}]}}