{"id":228,"date":"2020-04-15T07:55:53","date_gmt":"2020-04-15T07:55:53","guid":{"rendered":"https:\/\/bbsbux.de\/?page_id=228"},"modified":"2021-12-17T09:46:59","modified_gmt":"2021-12-17T09:46:59","slug":"berufliches-gymnasium-wirtschaft","status":"publish","type":"page","link":"https:\/\/bbsbux.de\/?page_id=228","title":{"rendered":"Berufliches Gymnasium  Wirtschaft"},"content":{"rendered":"\n<div class=\"wp-block-columns is-layout-flex wp-container-core-columns-is-layout-9d6595d7 wp-block-columns-is-layout-flex\">\n<div class=\"wp-block-column is-layout-flow wp-block-column-is-layout-flow\">\n<figure class=\"wp-block-audio\"><audio controls src=\"https:\/\/bbsbux.de\/wp-content\/uploads\/2021\/01\/BGW1.mp3\"><\/audio><figcaption>Neue F\u00e4cher<\/figcaption><\/figure>\n\n\n\n<figure class=\"wp-block-audio\"><audio controls src=\"https:\/\/bbsbux.de\/wp-content\/uploads\/2021\/02\/BGW27.mp3\"><\/audio><figcaption>F\u00e4cherspezialisierung<\/figcaption><\/figure>\n<\/div>\n\n\n\n<div class=\"wp-block-column is-layout-flow wp-block-column-is-layout-flow\">\n<figure class=\"wp-block-audio\"><audio controls src=\"https:\/\/bbsbux.de\/wp-content\/uploads\/2021\/02\/BGW10.mp3\"><\/audio><figcaption>Wissensvorsprung<\/figcaption><\/figure>\n\n\n\n<figure class=\"wp-block-audio\"><audio controls src=\"https:\/\/bbsbux.de\/wp-content\/uploads\/2021\/02\/BGW11.mp3\"><\/audio><figcaption>Wirtschaftlicher Bezug<\/figcaption><\/figure>\n<\/div>\n<\/div>\n\n\n\n<p><strong>Ziele des Beruflichen Gymnasiums Wirtschaft<\/strong><br>Das Berufliche Gymnasium Wirtschaft hat die Aufgabe, die Allgemeinbildung von Sch\u00fclerinnen und Sch\u00fclern zu erweitern und durch eine berufsbezogene Bildung im Bereich Wirtschaft auf einen einschl\u00e4gigen Beruf vorzubereiten.<br>Hierbei sind Schwerpunkte der schulischen Bildung in den Profilf\u00e4chern:<\/p>\n\n\n\n<ul class=\"wp-block-list\"><li>Das Unternehmen als komplexes \u00f6konomisches und soziales System<\/li><li>Auftragsabwicklung, Kosten- und Leistungsrechnung<\/li><li>Finanzierung und Investition, Marketing<\/li><li>Unternehmensf\u00fchrung und Organisationsentwicklung, Controlling<\/li><li>Tabellenkalkulation, Pr\u00e4sentationen, Multimediaanwendungen<\/li><li>Wirtschaftspolitik, Umweltpolitik, Globalisierung<\/li><\/ul>\n\n\n\n<p><strong>Voraussetzungen<\/strong><br>Aufnahmevoraussetzung ist der Erweiterte Sekundarabschluss I.<br><strong>Unterrichtsf\u00e4cher<\/strong><br>Die F\u00e4cher des Beruflichen Gymnasiums Wirtschaft werden in drei Lernbereiche unterteilt:<br><br><strong>Lernbereich Profilf\u00e4cher&nbsp;<\/strong><\/p>\n\n\n\n<ul class=\"wp-block-list\"><li>Betriebswirtschaft mit Rechnungswesen \/ Controlling<\/li><li>Volkswirtschaft<\/li><li>Informationsverarbeitung<\/li><li>Praxis der Unternehmung<\/li><\/ul>\n\n\n\n<p><strong>Lernbereich Kernf\u00e4cher<\/strong><\/p>\n\n\n\n<ul class=\"wp-block-list\"><li>Deutsch<\/li><li>Englisch<\/li><li>Mathematik<\/li><li>Spanisch<sup>1<\/sup><\/li><\/ul>\n\n\n\n<p><strong>Lernbereich Erg\u00e4nzungsf\u00e4cher<\/strong><\/p>\n\n\n\n<ul class=\"wp-block-list\"><li>Chemie oder Biologie<\/li><li>Politik\/Geschichte<\/li><li>Religion\/Werte u. Normen<\/li><li>Sport<\/li><\/ul>\n\n\n\n<p><strong>Abschl\u00fcsse und Berechtigungen<\/strong><br>Die Abiturpr\u00fcfung wird zum Ende des vierten Semesters (Ende des 13. Schuljahrgangs) abgelegt. Mit bestandener Pr\u00fcfung wird die <strong>Allgemeine Hochschulreife<\/strong> &#8211; das Abitur &#8211; erworben. Die Allgemeine Hochschulreife berechtigt zu <strong>jedem Studium<\/strong> an Hochschulen und Universit\u00e4ten.<br>Nach dem 12. Jahrgang im Beruflichen Gymnasium kann <strong>der schulische Teil der Fachhochschulreife<\/strong> zuerkannt werden. Mit einem anschlie\u00dfenden Praktikum von einem Jahr oder einer abgeschlossenen Berufsausbildung wird die <strong>Fachhochschulreife <\/strong>erworben.<br><sup>1<\/sup><code>Sch\u00fclerinnen und Sch\u00fcler, die nicht versetzungsrelevant bis zur 10. Klasse der Realschule an einer zweiten Fremdsprache teilgenommen haben, m\u00fcssen mit einer zweiten Fremdsprache beginnen. Als neue Fremdsprache wird Spanisch angeboten.<\/code><\/p>\n","protected":false},"excerpt":{"rendered":"<p>Ziele des Beruflichen Gymnasiums WirtschaftDas Berufliche Gymnasium Wirtschaft hat die Aufgabe, die Allgemeinbildung von Sch\u00fclerinnen und Sch\u00fclern zu erweitern und durch eine berufsbezogene Bildung im &hellip; <\/p>\n","protected":false},"author":1,"featured_media":234,"parent":0,"menu_order":0,"comment_status":"closed","ping_status":"closed","template":"","meta":{"cybocfi_hide_featured_image":"","footnotes":""},"class_list":["post-228","page","type-page","status-publish","has-post-thumbnail","hentry"],"_links":{"self":[{"href":"https:\/\/bbsbux.de\/index.php?rest_route=\/wp\/v2\/pages\/228","targetHints":{"allow":["GET"]}}],"collection":[{"href":"https:\/\/bbsbux.de\/index.php?rest_route=\/wp\/v2\/pages"}],"about":[{"href":"https:\/\/bbsbux.de\/index.php?rest_route=\/wp\/v2\/types\/page"}],"author":[{"embeddable":true,"href":"https:\/\/bbsbux.de\/index.php?rest_route=\/wp\/v2\/users\/1"}],"replies":[{"embeddable":true,"href":"https:\/\/bbsbux.de\/index.php?rest_route=%2Fwp%2Fv2%2Fcomments&post=228"}],"version-history":[{"count":5,"href":"https:\/\/bbsbux.de\/index.php?rest_route=\/wp\/v2\/pages\/228\/revisions"}],"predecessor-version":[{"id":1779,"href":"https:\/\/bbsbux.de\/index.php?rest_route=\/wp\/v2\/pages\/228\/revisions\/1779"}],"wp:featuredmedia":[{"embeddable":true,"href":"https:\/\/bbsbux.de\/index.php?rest_route=\/wp\/v2\/media\/234"}],"wp:attachment":[{"href":"https:\/\/bbsbux.de\/index.php?rest_route=%2Fwp%2Fv2%2Fmedia&parent=228"}],"curies":[{"name":"wp","href":"https:\/\/api.w.org\/{rel}","templated":true}]}}