{"id":2289,"date":"2022-06-01T14:35:38","date_gmt":"2022-06-01T14:35:38","guid":{"rendered":"https:\/\/bbsbux.de\/?page_id=2289"},"modified":"2022-06-01T20:39:19","modified_gmt":"2022-06-01T20:39:19","slug":"schuelerinnen-coaching-an-der-bbs-buxtehude","status":"publish","type":"page","link":"https:\/\/bbsbux.de\/?page_id=2289","title":{"rendered":"Sch\u00fcler*innen Coaching"},"content":{"rendered":"\n<p>Wir, Cornelia Abratis und Tanja Peters, sind ausgebildete Lern- und Laufbahnberatungs-Coaches.<\/p>\n\n\n\n<p>Wir m\u00f6chten Sie w\u00e4hrend Ihrer Zeit an der BBS Buxtehude bei Fragen rund ums Thema Lernen (z.B. Zeitmanagement, Pr\u00fcfungsangst, Motivationsprobleme) sowie bei Fragen zur Berufs- bzw. Studienwahl unterst\u00fctzen.<\/p>\n\n\n<div class=\"wp-block-image\">\n<figure class=\"aligncenter size-full\"><img loading=\"lazy\" decoding=\"async\" width=\"569\" height=\"379\" src=\"https:\/\/bbsbux.de\/wp-content\/uploads\/2022\/06\/abr_pet.jpg\" alt=\"\" class=\"wp-image-2290\" srcset=\"https:\/\/bbsbux.de\/wp-content\/uploads\/2022\/06\/abr_pet.jpg 569w, https:\/\/bbsbux.de\/wp-content\/uploads\/2022\/06\/abr_pet-300x200.jpg 300w\" sizes=\"auto, (max-width: 569px) 100vw, 569px\" \/><figcaption>Tanja Peters&nbsp;&nbsp;&nbsp;&nbsp;&nbsp;&nbsp;&nbsp;&nbsp; &nbsp; &nbsp;&nbsp;&nbsp;&nbsp;Cornelia Abratis<\/figcaption><\/figure>\n<\/div>\n\n\n<p><strong>Das Sch\u00fcler*innencoaching an der BBS Buxtehude bietet Ihnen<\/strong><\/p>\n\n\n\n<ul class=\"wp-block-list\"><li>eine individuelle Betreuung<\/li><li>ausreichend Zeit f\u00fcr die Erkundung Ihrer Interessen und Neigungen<\/li><li>M\u00f6glichkeiten zur Herausarbeitung Ihrer individuellen St\u00e4rken<\/li><li>M\u00f6glichkeiten Lern- und Leistungshemmnisse zu \u00fcberwinden<\/li><li>M\u00f6glichkeiten passende L\u00f6sungsstrategien zu entwickeln<\/li><\/ul>\n\n\n\n<p><strong>Der Ablauf eines Coaching-Gespr\u00e4chs<\/strong><\/p>\n\n\n\n<ul class=\"wp-block-list\"><li>eigenes Anliegen bestimmen<\/li><li>L\u00f6sungsstrategien erarbeiten<\/li><li>Etappenziele festlegen<\/li><li>Dauer: ca. 30-45 Minuten (innerhalb der Unterrichtszeit)<\/li><\/ul>\n\n\n\n<p><strong>Haben Sie Interesse an einem Coaching?<\/strong><\/p>\n\n\n\n<p>Um einen Termin zu vereinbaren, schreiben Sie bitte eine Nachricht (per Formular).<\/p>\n\n\n\n<div class=\"wp-block-contact-form-7-contact-form-selector\">\n<div class=\"wpcf7 no-js\" id=\"wpcf7-f2298-o1\" lang=\"de-DE\" dir=\"ltr\" data-wpcf7-id=\"2298\">\n<div class=\"screen-reader-response\"><p role=\"status\" aria-live=\"polite\" aria-atomic=\"true\"><\/p> <ul><\/ul><\/div>\n<form action=\"\/index.php?rest_route=%2Fwp%2Fv2%2Fpages%2F2289#wpcf7-f2298-o1\" method=\"post\" class=\"wpcf7-form init\" aria-label=\"Kontaktformular\" novalidate=\"novalidate\" data-status=\"init\">\n<fieldset class=\"hidden-fields-container\"><input type=\"hidden\" name=\"_wpcf7\" value=\"2298\" \/><input type=\"hidden\" name=\"_wpcf7_version\" value=\"6.1.5\" \/><input type=\"hidden\" name=\"_wpcf7_locale\" value=\"de_DE\" \/><input type=\"hidden\" name=\"_wpcf7_unit_tag\" value=\"wpcf7-f2298-o1\" \/><input type=\"hidden\" name=\"_wpcf7_container_post\" value=\"0\" \/><input type=\"hidden\" name=\"_wpcf7_posted_data_hash\" value=\"\" \/>\n<\/fieldset>\n<p><label> Dein Name<br \/>\n<span class=\"wpcf7-form-control-wrap\" data-name=\"your-name\"><input size=\"40\" maxlength=\"400\" class=\"wpcf7-form-control wpcf7-text wpcf7-validates-as-required\" aria-required=\"true\" aria-invalid=\"false\" value=\"\" type=\"text\" name=\"your-name\" \/><\/span> <\/label>\n<\/p>\n<p><label> Deine E-Mail-Adresse<br \/>\n<span class=\"wpcf7-form-control-wrap\" data-name=\"your-email\"><input size=\"40\" maxlength=\"400\" class=\"wpcf7-form-control wpcf7-email wpcf7-validates-as-required wpcf7-text wpcf7-validates-as-email\" aria-required=\"true\" aria-invalid=\"false\" value=\"\" type=\"email\" name=\"your-email\" \/><\/span> <\/label>\n<\/p>\n<p><label> Betreff<br \/>\n<span class=\"wpcf7-form-control-wrap\" data-name=\"your-subject\"><input size=\"40\" maxlength=\"400\" class=\"wpcf7-form-control wpcf7-text wpcf7-validates-as-required\" aria-required=\"true\" aria-invalid=\"false\" value=\"\" type=\"text\" name=\"your-subject\" \/><\/span> <\/label>\n<\/p>\n<p><label> Deine Nachricht (optional)<br \/>\n<span class=\"wpcf7-form-control-wrap\" data-name=\"your-message\"><textarea cols=\"40\" rows=\"10\" maxlength=\"2000\" class=\"wpcf7-form-control wpcf7-textarea\" aria-invalid=\"false\" name=\"your-message\"><\/textarea><\/span> <\/label>\n<\/p>\n<p><input class=\"wpcf7-form-control wpcf7-submit has-spinner\" type=\"submit\" value=\"Senden\" \/>\n<\/p><div class=\"wpcf7-response-output\" aria-hidden=\"true\"><\/div>\n<\/form>\n<\/div>\n<\/div>\n","protected":false},"excerpt":{"rendered":"<p>Wir, Cornelia Abratis und Tanja Peters, sind ausgebildete Lern- und Laufbahnberatungs-Coaches. Wir m\u00f6chten Sie w\u00e4hrend Ihrer Zeit an der BBS Buxtehude bei Fragen rund ums &hellip; <\/p>\n","protected":false},"author":1,"featured_media":0,"parent":0,"menu_order":0,"comment_status":"closed","ping_status":"closed","template":"","meta":{"cybocfi_hide_featured_image":"","footnotes":""},"class_list":["post-2289","page","type-page","status-publish","hentry"],"_links":{"self":[{"href":"https:\/\/bbsbux.de\/index.php?rest_route=\/wp\/v2\/pages\/2289","targetHints":{"allow":["GET"]}}],"collection":[{"href":"https:\/\/bbsbux.de\/index.php?rest_route=\/wp\/v2\/pages"}],"about":[{"href":"https:\/\/bbsbux.de\/index.php?rest_route=\/wp\/v2\/types\/page"}],"author":[{"embeddable":true,"href":"https:\/\/bbsbux.de\/index.php?rest_route=\/wp\/v2\/users\/1"}],"replies":[{"embeddable":true,"href":"https:\/\/bbsbux.de\/index.php?rest_route=%2Fwp%2Fv2%2Fcomments&post=2289"}],"version-history":[{"count":7,"href":"https:\/\/bbsbux.de\/index.php?rest_route=\/wp\/v2\/pages\/2289\/revisions"}],"predecessor-version":[{"id":2303,"href":"https:\/\/bbsbux.de\/index.php?rest_route=\/wp\/v2\/pages\/2289\/revisions\/2303"}],"wp:attachment":[{"href":"https:\/\/bbsbux.de\/index.php?rest_route=%2Fwp%2Fv2%2Fmedia&parent=2289"}],"curies":[{"name":"wp","href":"https:\/\/api.w.org\/{rel}","templated":true}]}}