{"id":23,"date":"2020-04-02T09:46:22","date_gmt":"2020-04-02T09:46:22","guid":{"rendered":"http:\/\/bbsbux.de\/?page_id=23"},"modified":"2020-04-07T09:24:08","modified_gmt":"2020-04-07T09:24:08","slug":"datenschutzerklaerung-fuer-die-schulhomepage-der-berufsbildenden-schulen-buxtehude","status":"publish","type":"page","link":"https:\/\/bbsbux.de\/?page_id=23","title":{"rendered":"Datenschutzerkl\u00e4rung f\u00fcr die Homepage der Berufsbildenden Schulen Buxtehude"},"content":{"rendered":"\n<h2 class=\"wp-block-heading\">I. Name und Anschrift des Verantwortlichen<\/h2>\n\n\n\n<p>\nBerufsbildende Schulen Buxtehude<br>\nKonopkastra\u00dfe 7<br>\n21614 Buxtehude<br>\nTelefon: 04161 \/ 55570<br>\nE-Mail: <a href=\"mailto:schroeder.c@bbs-buxtehude.de?subject=Datenschutz\">schroeder.c@bbs-buxtehude.de<\/a><\/p>\n\n\n\n<h3 class=\"wp-block-heading\">Vertretungsberechtigt<\/h3>\n\n\n\n<p>\nCarsten Schr\u00f6der, Schulleiter\n\n<\/p>\n\n\n\n<h2 class=\"wp-block-heading\">II. Kontaktdaten des Datenschutzbeauftragten<\/h2>\n\n\n\n<p>\nHerr Dale Provost<br>\nTel.: 04161 \/ 55570<br>\nE-Mail: <a href=\"mailto:datenschutz@bbs-buxtehude.de?subject=Nachricht%20an%20den%20Datenschutzbeauftragten\">datenschutz@bbs-buxtehude.de<\/a><\/p>\n\n\n\n<h3 class=\"wp-block-heading\">III. Bereitstellung der Website und Erstellung von Logfiles<\/h3>\n\n\n\n<p>\nBei jedem Aufruf unserer Internetseite erfasst unser System automatisiert Daten und Informationen vom Computersystem des aufrufenden Rechners. Folgende Daten werden hierbei erhoben:\n\n<\/p>\n\n\n\n<ol class=\"wp-block-list\"><li>Datum und Uhrzeit des Zugriffes<\/li><li>Die IP-Adresse des Nutzers<\/li><li>Die Betriebssystemversion des Nutzers<\/li><li>Der Browsertyp des Nutzers<\/li><li>Die vom Nutzer aufgerufene Seite<\/li><\/ol>\n\n\n\n<p>\nDie Daten werden in den Logfiles unseres Systems gespeichert. Eine Speicherung dieser Daten zusammen mit anderen personenbezogenen Daten des Nutzers findet nicht statt. Zweck der Datenspeicherung ist die technische Optimierung unserer Internetseite. Rechtsgrundlage f\u00fcr die vor\u00fcbergehende Speicherung der Daten ist Art. 6 Abs.1 lit.f DSGVO.<br>\nDie Daten werden f\u00fcr sechs Wochen gespeichert und der Hostname bzw. die IP-Adresse des Clients, der die Website aufruft, wird in den Logfiles anonymisiert. Diese Aufzeichnungen werden lediglich statistisch ausgewertet.\n<\/p>\n\n\n\n<h2 class=\"wp-block-heading\">IV. Verwendung von Cookies<\/h2>\n\n\n\n<p>\nBeim Aufruf unserer Seiten wird ein Session-Cookie gesetzt, das die Identit\u00e4t der Browser-Sitzung auf Ihrem Rechner festh\u00e4lt und nach Ende der Browser-Sitzung wieder von Ihrem Rechner gel\u00f6scht wird. Ein Cookie ist eine kleine Textdatei, die von Ihrem Browser auf Ihrem Rechner gespeichert wird. Die Verwendung des Session-Cookies erfolgt aus technischen Gr\u00fcnden und dient der Optimierung der Darstellung unserer Seiten in Ihrem Browser. Diese Information steht in sp\u00e4teren Browser-Sitzungen nicht mehr zur Verf\u00fcgung.<br>\nDie durch diese Cookies verarbeiteten Daten sind f\u00fcr die genannten Zwecke zur Wahrung unserer berechtigten Interessen nach Art. 6 Abs. 1 S. 1 lit. f DSGVO erforderlich. Diese bestehen in einer technischen Optimierung der Bereitstellung unserer Internetseite.<br>\nEs besteht die M\u00f6glichkeit, den Browser so einzustellen, dass keine Cookies gespeichert werden. In diesem Fall besteht allerdings die M\u00f6glichkeit, dass Sie nicht den vollen Funktionsumfang unserer Internetseiten nutzen k\u00f6nnen.\n<\/p>\n\n\n\n<h2 class=\"wp-block-heading\">V. Speicherung personenbezogener Daten bei Kontaktaufnahme<\/h2>\n\n\n\n<p>\nSofern Sie per E-Mail den Kontakt mit uns aufnehmen, werden die von Ihnen \u00fcbermittelten personenbezogenen Daten automatisch gespeichert. Diese Daten werden f\u00fcr Zwecke der Bearbeitung Ihres Anliegens und der Kontaktaufnahme mit Ihnen gespeichert.<br>\nWenn Sie Gebrauch von unserem Kontaktformular machen, werden die folgenden personenbezogenen Daten von Ihnen \u00fcbermittelt: Ihr Name, Ihre Anschrift,&nbsp; Ihre E-Mail-Adresse, Ihre IP-Adresse.<br>\nDie L\u00f6schung der Daten erfolgt, sobald deren Speicherung f\u00fcr die Bearbeitung Ihres Anliegens nicht mehr erforderlich ist.<br><br><br><strong>VI. Betroffenenrechte<\/strong><br>\nSie k\u00f6nnen folgende Rechte geltend machen:\n<\/p>\n\n\n\n<h3 class=\"wp-block-heading\">Auskunft\/ Akteneinsicht<\/h3>\n\n\n\n<p>\nGem. Art. 15 DSGVO haben Sie das Recht, Auskunft bzw. Akteneinsicht \u00fcber die von uns verarbeiteten personenbezogenen Daten zu erhalten.\n\n<\/p>\n\n\n\n<h3 class=\"wp-block-heading\">Berichtigung<\/h3>\n\n\n\n<p>\nSind bei uns gespeicherte personenbezogene Daten unrichtig oder unvollst\u00e4ndig, haben Sie gem. Art. 16 DSGVO das Recht, diese berichtigen bzw. vervollst\u00e4ndigen zu lassen.\n\n<\/p>\n\n\n\n<h3 class=\"wp-block-heading\">L\u00f6schung<\/h3>\n\n\n\n<p>\nArt. 17 DSGVO normiert das Recht auf L\u00f6schung personenbezogener Daten. Dieses Recht steht Ihnen insbesondere dann zu, wenn die Speicherung der personenbezogenen Daten zur Erf\u00fcllung unserer gesetzlichen Aufgaben nicht mehr erforderlich ist oder Sie Ihre Einwilligung zur Datenverarbeitung mit Wirkung f\u00fcr die Zukunft widerrufen haben.\n\n<\/p>\n\n\n\n<h3 class=\"wp-block-heading\">Einschr\u00e4nkung der Verarbeitung<\/h3>\n\n\n\n<p>\nGem. Art. 18 DSGVO k\u00f6nnen Sie die Einschr\u00e4nkung der personenbezogenen Daten verlangen, wenn\n\n<\/p>\n\n\n\n<ul class=\"wp-block-list\"><li>die Richtigkeit der Daten von Ihnen bestritten wird<\/li><li>die Verarbeitung unrechtm\u00e4\u00dfig ist, Sie aber deren L\u00f6schung ablehnen<\/li><li>wir die Daten nicht mehr ben\u00f6tigen, Sie jedoch diese zur Geltendmachung, Aus\u00fcbung oder Verteidigung von Rechtsanspr\u00fcchen ben\u00f6tigen<\/li><li>oder Sie gem\u00e4\u00df Art. 21 DSGVO Widerspruch gegen die Verarbeitung eingelegt haben<\/li><\/ul>\n\n\n\n<h3 class=\"wp-block-heading\">Widerspruch<\/h3>\n\n\n\n<p>\nSie k\u00f6nnen bei Gr\u00fcnden, die sich aus Ihrer besonderen Situation ergeben, ein Widerspruchsrecht geltend machen. Gem. Art. 21 DSGVO ist jedoch zu ber\u00fccksichtigten, ob schutzw\u00fcrdige Gr\u00fcnde f\u00fcr die Verarbeitung vorliegen oder die Verarbeitung der Geltendmachung, Aus\u00fcbung oder Verteidigung von Rechtsanspr\u00fcchen dient.\n\n<\/p>\n\n\n\n<h3 class=\"wp-block-heading\">Daten\u00fcbertragbarkeit<\/h3>\n\n\n\n<p>\nIst die Verarbeitung Ihrer Daten mit &nbsp;Hilfe eines automatisierten Verfahrens erfolgt, haben Sie gem. Art. 20 DSGVO das Recht, die Daten in einem g\u00e4ngigen und maschinenlesbaren Format zu erhalten und an eine andere Schule zu \u00fcbermitteln bzw. durch uns \u00fcbermitteln zu lassen.\n\n<\/p>\n\n\n\n<h3 class=\"wp-block-heading\">Widerruf der Einwilligung<\/h3>\n\n\n\n<p>\nSie haben gem. Art. 7 Absatz 3 DSGVO das Recht, uns erteilte Einwilligungen jederzeit mit Wirkung f\u00fcr die Zukunft zu widerrufen.\n\n<\/p>\n\n\n\n<h3 class=\"wp-block-heading\">Beschwerde<\/h3>\n\n\n\n<p>\nArt. 77 DSGVO normiert ein Beschwerderecht bei der Aufsichtsbeh\u00f6rde. Die f\u00fcr uns zust\u00e4ndige Aufsichtsbeh\u00f6rde ist die Landesbeauftragte f\u00fcr den Datenschutz Niedersachsen, Prinzenstra\u00dfe 5, 30159 Hannover. E-Mail: <a href=\"mailto:poststelle@lfd.niedersachsen.de?subject=Datenschutz%20BBS%20Buxtehude\">poststelle@lfd.niedersachsen.de<\/a><\/p>\n","protected":false},"excerpt":{"rendered":"<p>I. Name und Anschrift des Verantwortlichen Berufsbildende Schulen Buxtehude Konopkastra\u00dfe 7 21614 Buxtehude Telefon: 04161 \/ 55570 E-Mail: schroeder.c@bbs-buxtehude.de Vertretungsberechtigt Carsten Schr\u00f6der, Schulleiter II. Kontaktdaten &hellip; <\/p>\n","protected":false},"author":1,"featured_media":0,"parent":0,"menu_order":0,"comment_status":"closed","ping_status":"closed","template":"","meta":{"cybocfi_hide_featured_image":"","footnotes":""},"class_list":["post-23","page","type-page","status-publish","hentry"],"_links":{"self":[{"href":"https:\/\/bbsbux.de\/index.php?rest_route=\/wp\/v2\/pages\/23","targetHints":{"allow":["GET"]}}],"collection":[{"href":"https:\/\/bbsbux.de\/index.php?rest_route=\/wp\/v2\/pages"}],"about":[{"href":"https:\/\/bbsbux.de\/index.php?rest_route=\/wp\/v2\/types\/page"}],"author":[{"embeddable":true,"href":"https:\/\/bbsbux.de\/index.php?rest_route=\/wp\/v2\/users\/1"}],"replies":[{"embeddable":true,"href":"https:\/\/bbsbux.de\/index.php?rest_route=%2Fwp%2Fv2%2Fcomments&post=23"}],"version-history":[{"count":3,"href":"https:\/\/bbsbux.de\/index.php?rest_route=\/wp\/v2\/pages\/23\/revisions"}],"predecessor-version":[{"id":118,"href":"https:\/\/bbsbux.de\/index.php?rest_route=\/wp\/v2\/pages\/23\/revisions\/118"}],"wp:attachment":[{"href":"https:\/\/bbsbux.de\/index.php?rest_route=%2Fwp%2Fv2%2Fmedia&parent=23"}],"curies":[{"name":"wp","href":"https:\/\/api.w.org\/{rel}","templated":true}]}}