{"id":2550,"date":"2022-12-14T11:27:22","date_gmt":"2022-12-14T11:27:22","guid":{"rendered":"https:\/\/bbsbux.de\/?page_id=2550"},"modified":"2023-04-11T09:41:47","modified_gmt":"2023-04-11T09:41:47","slug":"maler-und-lackierer","status":"publish","type":"page","link":"https:\/\/bbsbux.de\/?page_id=2550","title":{"rendered":"Maler\/in- und Lackierer\/in"},"content":{"rendered":"\n<p><strong>Kurzbeschreibung des Berufsfeldes <\/strong><\/p>\n\n\n\n<p>Als Malerin und Lackiererin oder Maler und Lackierer gestaltest du Au\u00dfen- und Innenbereiche und verpasst ihnen einen neuen Look: W\u00e4nde, Decken, Fassaden oder ganze Geb\u00e4ude \u2013 du streichst, tapezierst oder restaurierst. Dank deiner technischen Fertigkeiten und deinem Sinn f\u00fcr Design verleihst du Oberfl\u00e4chen je nach Fachrichtung ein individuelles Aussehen.\u00a0<a href=\"https:\/\/www.handwerk.de\/infos-zur-ausbildung\/ausbildungsberufe\/berufsprofile\/malerin-und-lackiererin#hardfacts\" target=\"_blank\" rel=\"noreferrer noopener\"><strong>(Das Handwerk)<\/strong><\/a><\/p>\n\n\n\n<p><strong>Eingangsvoraussetzungen:<\/strong> Ein Schulabschluss wird nicht vorausgesetzt. Der Betrieb entscheidet, welche Voraussetzungen du mitbringen musst. <\/p>\n\n\n\n<p><strong>Ausbildungsdauer:<\/strong> Die regul\u00e4re Ausbildungsdauer betr\u00e4gt 3 Jahre. <\/p>\n\n\n\n<p><strong>Schulische Ausbildung:<\/strong> Der schulische Anteil der Ausbildung wird in &#8222;Block&#8220; unterrichtet, d.h. du hast 3-5 Wochen Berufsschulunterricht am St\u00fcck. Die Blockpl\u00e4ne findest du hier.<\/p>\n\n\n\n<p><strong>Berufsschulunterricht:<\/strong> Hier wird handlungsorientiert unterrichtet. Die typischen F\u00e4cher wie Mathe, Physik oder Chemie gibt es hier nicht. Der Unterricht wird an einer Handlung, z.B. das Tapezieren eines Wohnzimmers, durchgef\u00fchrt. Hierbei muss beispielsweise das Material berechnet werden. Du willst mehr \u00fcber die Inhalte erfahren? Schau die den<strong> <a rel=\"noreferrer noopener\" href=\"http:\/\/kmk.org\/fileadmin\/Dateien\/pdf\/Bildung\/BeruflicheBildung\/rlp\/Maler_Lackierer-20-12-18-EL.pdf\" target=\"_blank\">Rahmenlehrplan<\/a> <\/strong>f\u00fcr die Maler und Lackierer und Malerin und Lackiererin an.    <\/p>\n\n\n\n<p><\/p>\n\n\n\n<p><\/p>\n","protected":false},"excerpt":{"rendered":"<p>Kurzbeschreibung des Berufsfeldes Als Malerin und Lackiererin oder Maler und Lackierer gestaltest du Au\u00dfen- und Innenbereiche und verpasst ihnen einen neuen Look: W\u00e4nde, Decken, Fassaden &hellip; <\/p>\n","protected":false},"author":1,"featured_media":0,"parent":0,"menu_order":0,"comment_status":"closed","ping_status":"closed","template":"","meta":{"cybocfi_hide_featured_image":"","footnotes":""},"class_list":["post-2550","page","type-page","status-publish","hentry"],"_links":{"self":[{"href":"https:\/\/bbsbux.de\/index.php?rest_route=\/wp\/v2\/pages\/2550","targetHints":{"allow":["GET"]}}],"collection":[{"href":"https:\/\/bbsbux.de\/index.php?rest_route=\/wp\/v2\/pages"}],"about":[{"href":"https:\/\/bbsbux.de\/index.php?rest_route=\/wp\/v2\/types\/page"}],"author":[{"embeddable":true,"href":"https:\/\/bbsbux.de\/index.php?rest_route=\/wp\/v2\/users\/1"}],"replies":[{"embeddable":true,"href":"https:\/\/bbsbux.de\/index.php?rest_route=%2Fwp%2Fv2%2Fcomments&post=2550"}],"version-history":[{"count":8,"href":"https:\/\/bbsbux.de\/index.php?rest_route=\/wp\/v2\/pages\/2550\/revisions"}],"predecessor-version":[{"id":2805,"href":"https:\/\/bbsbux.de\/index.php?rest_route=\/wp\/v2\/pages\/2550\/revisions\/2805"}],"wp:attachment":[{"href":"https:\/\/bbsbux.de\/index.php?rest_route=%2Fwp%2Fv2%2Fmedia&parent=2550"}],"curies":[{"name":"wp","href":"https:\/\/api.w.org\/{rel}","templated":true}]}}