{"id":266,"date":"2020-04-16T10:33:52","date_gmt":"2020-04-16T10:33:52","guid":{"rendered":"https:\/\/bbsbux.de\/?page_id=266"},"modified":"2026-03-02T08:45:25","modified_gmt":"2026-03-02T08:45:25","slug":"fachoberschule-wirtschaft","status":"publish","type":"page","link":"https:\/\/bbsbux.de\/?page_id=266","title":{"rendered":"Fachoberschule Wirtschaft, Klasse 11"},"content":{"rendered":"\n<figure class=\"wp-block-audio\"><audio controls src=\"https:\/\/bbsbux.de\/wp-content\/uploads\/2021\/02\/FOW12.mp3\"><\/audio><\/figure>\n\n\n\n<p><strong>Zielsetzung der Fachoberschule Wirtschaft Klasse 11<\/strong><br>Die Fachoberschule Klasse 11 vermittelt Ihnen eine erweiterte Allgemeinbildung und eine fachpraktische und fachtheoretische Bildung um die Voraussetzungen f\u00fcr die Klasse 12 der Fachoberschule zu schaffen. Der Unterricht in der FOS betr\u00e4gt in der Klasse 11 zw\u00f6lf Wochenstunden.<br><br><strong>Berufsfeldbezogende Lernfelder sind:<\/strong><\/p>\n\n\n\n<ul class=\"wp-block-list\">\n<li>Unternehmen in ihren Strukturen und Prozessen darstellen und vergleichen<\/li>\n\n\n\n<li>Unternehmensbezogene Informationen computergest\u00fctzt verarbeiten<\/li>\n\n\n\n<li>Werte und Wertestr\u00f6me unter Einsatz einer integrierten ERP-Software erfassen, darstellen und auswerten<\/li>\n<\/ul>\n\n\n\n<p><strong>Berufsfeld\u00fcbergreifende F\u00e4cher:<\/strong><\/p>\n\n\n\n<ul class=\"wp-block-list\">\n<li>Deutsch<\/li>\n\n\n\n<li>Englisch<\/li>\n\n\n\n<li>Mathematik<\/li>\n\n\n\n<li>Politik<\/li>\n<\/ul>\n\n\n\n<p><strong>Voraussetzungen<\/strong><br>Aufnahmevoraussetzung sind ein guter Sekundarabschluss I &#8211; Realschulabschluss und ein Praktikumsplatz<br><br><strong>Praktikum<\/strong><br>In Klasse 11 muss ein gelenktes <strong>Praktikum<\/strong> in einschl\u00e4gigen Betrieben (z. B. Industrie, Handel, Banken, Versicherungen) im Gesamtumfang von <strong>mind.<\/strong> <strong>800 Zeitstunden<\/strong> absolviert werden. Die L\u00e4nge des Praktikums h\u00e4ngt von der Anzahl der Schulwochen ab. Die Sch\u00fclerinnen und Sch\u00fcler m\u00fcssen auf unterschiedlichen Arbeitspl\u00e4tzen (Einkauf, Verkauf, Rechnungswesen, Zahlungsverkehr, usw.) einen m\u00f6glichst umfassenden \u00dcberblick \u00fcber betriebliche Abl\u00e4ufe erhalten. Das Praktikum findet in der unterrichtsfreien Zeit (Mittwoch bis Freitag) statt. Jede Sch\u00fclerin bzw. jeder Sch\u00fcler muss sich eigenst\u00e4ndig einen Praktikumsplatz suchen und bis zum Beginn der Sommerferien der Schule nachweisen.<\/p>\n\n\n\n<p><strong>Downloads:<\/strong><br><strong><a href=\"https:\/\/bbsbux.de\/wp-content\/uploads\/2026\/02\/Praktikum_FOS-800-Std.pdf\" target=\"_blank\" rel=\"noreferrer noopener\">Praktikumszeitplan<\/a><\/strong><br><strong><a href=\"https:\/\/bbsbux.de\/wp-content\/uploads\/2026\/03\/2026_2027_Praktikumsvertrag_FOW.pdf\" target=\"_blank\" rel=\"noreferrer noopener\">Praktikumsvertrag<\/a><\/strong><br><strong><a href=\"https:\/\/bbsbux.de\/wp-content\/uploads\/2026\/02\/FOW_2026.pdf\" target=\"_blank\" rel=\"noreferrer noopener\">Flyer<\/a><\/strong><\/p>\n\n\n\n<p><strong>Abschl\u00fcsse und Berechtigungen:<\/strong><br>Der erfolgreiche Besuch der Fachoberschule Klasse 11 und ein erfolgreiches Praktikum f\u00fchrt zur Versetzung in die Klasse 12 der Fachoberschule.<\/p>\n\n\n\n<p><\/p>\n","protected":false},"excerpt":{"rendered":"<p>Zielsetzung der Fachoberschule Wirtschaft Klasse 11Die Fachoberschule Klasse 11 vermittelt Ihnen eine erweiterte Allgemeinbildung und eine fachpraktische und fachtheoretische Bildung um die Voraussetzungen f\u00fcr die &hellip; <\/p>\n","protected":false},"author":1,"featured_media":312,"parent":0,"menu_order":0,"comment_status":"closed","ping_status":"closed","template":"","meta":{"cybocfi_hide_featured_image":"","footnotes":""},"class_list":["post-266","page","type-page","status-publish","has-post-thumbnail","hentry"],"_links":{"self":[{"href":"https:\/\/bbsbux.de\/index.php?rest_route=\/wp\/v2\/pages\/266","targetHints":{"allow":["GET"]}}],"collection":[{"href":"https:\/\/bbsbux.de\/index.php?rest_route=\/wp\/v2\/pages"}],"about":[{"href":"https:\/\/bbsbux.de\/index.php?rest_route=\/wp\/v2\/types\/page"}],"author":[{"embeddable":true,"href":"https:\/\/bbsbux.de\/index.php?rest_route=\/wp\/v2\/users\/1"}],"replies":[{"embeddable":true,"href":"https:\/\/bbsbux.de\/index.php?rest_route=%2Fwp%2Fv2%2Fcomments&post=266"}],"version-history":[{"count":27,"href":"https:\/\/bbsbux.de\/index.php?rest_route=\/wp\/v2\/pages\/266\/revisions"}],"predecessor-version":[{"id":4612,"href":"https:\/\/bbsbux.de\/index.php?rest_route=\/wp\/v2\/pages\/266\/revisions\/4612"}],"wp:featuredmedia":[{"embeddable":true,"href":"https:\/\/bbsbux.de\/index.php?rest_route=\/wp\/v2\/media\/312"}],"wp:attachment":[{"href":"https:\/\/bbsbux.de\/index.php?rest_route=%2Fwp%2Fv2%2Fmedia&parent=266"}],"curies":[{"name":"wp","href":"https:\/\/api.w.org\/{rel}","templated":true}]}}