{"id":298,"date":"2020-05-04T11:51:43","date_gmt":"2020-05-04T11:51:43","guid":{"rendered":"https:\/\/bbsbux.de\/?page_id=298"},"modified":"2026-02-25T18:07:21","modified_gmt":"2026-02-25T18:07:21","slug":"fachoberschule-ernaehrung-und-hauswirtschaft-klasse-12","status":"publish","type":"page","link":"https:\/\/bbsbux.de\/?page_id=298","title":{"rendered":"Fachoberschule Ern\u00e4hrung und Hauswirtschaft, Klasse 12"},"content":{"rendered":"\n<p><strong>Ziele der Fachoberschule Ern\u00e4hrung und Hauswirtschaft<\/strong><br>Die Fachoberschule (FOS) vermittelt Ihnen in zwei Jahren eine erweiterte, vertiefte Allgemeinbildung sowie eine fachpraktische und fachtheoretische Schwerpunktausbildung im Berufsfeld Ern\u00e4hrung und Hauswirtschaft.<\/p>\n\n\n\n<p><strong>Unterrichtsf\u00e4cher<\/strong><br>Die F\u00e4cher der Fachoberschule Ern\u00e4hrung und Hauswirtschaft werden in zwei Lernbereiche unterteilt:<br><br><strong>Berufs\u00fcbergreifender Lernbereich<\/strong><\/p>\n\n\n\n<ul class=\"wp-block-list\">\n<li>Deutsch<\/li>\n\n\n\n<li>Englisch<\/li>\n\n\n\n<li>Mathematik<\/li>\n\n\n\n<li>Politik<\/li>\n\n\n\n<li>Sport<\/li>\n\n\n\n<li>Religion<\/li>\n\n\n\n<li>Naturwissenschaften<\/li>\n<\/ul>\n\n\n\n<p><strong>Berufsbezogener Lernbereich<\/strong><\/p>\n\n\n\n<ul class=\"wp-block-list\">\n<li>Ern\u00e4hrung<\/li>\n\n\n\n<li>Betriebs-u. Volkswirtschaft<\/li>\n\n\n\n<li>Informationsverarbeitung<\/li>\n\n\n\n<li>praktische Ausbildung in der Schule<\/li>\n<\/ul>\n\n\n\n<p>Eine der folgenden <strong>Zugangsvoraussetzungen f\u00fcr die Klasse 12<\/strong> muss erf\u00fcllt sein:<\/p>\n\n\n\n<ul class=\"wp-block-list\">\n<li>erfolgreicher Besuch der Klasse 11 der Fachoberschule Ern\u00e4hrung und Hauswirtschaft  (inkl. 960 Stunden Praktikum)<\/li>\n\n\n\n<li>Sekundarabschluss I \u2013 Realschulabschluss und eine mindestens zweij\u00e4hrige erfolgreich abgeschlossene einschl\u00e4gige Berufsausbildung und der Berufsschulabschluss<\/li>\n\n\n\n<li>Sekundarabschluss I \u2013 Realschulabschluss und der erfolgreiche Besuch einer Berufsfachschule und die Ableistung eines einschl\u00e4gigen Praktikums mit 960 Stunden<\/li>\n\n\n\n<li>Einf\u00fchrungsphase des Beruflichen Gymnasiums und die Ableistung eines einschl\u00e4gigen Praktikums mit 960 Stunden<\/li>\n\n\n\n<li>Sekundarabschluss I \u2013 Realschulabschluss und eine mindestens f\u00fcnfj\u00e4hrige einschl\u00e4gige hauptberufliche T\u00e4tigkeit<\/li>\n<\/ul>\n\n\n\n<p><strong>Download:<\/strong><br><strong><a href=\"https:\/\/bbsbux.de\/wp-content\/uploads\/2026\/02\/FOEH_2026.pdf\" target=\"_blank\" rel=\"noreferrer noopener\">Flyer<\/a><\/strong><br><br><strong>Abschl\u00fcsse und Berechtigungen<\/strong><br>Fachhochschulreife, diese berechtigt Sie zu einem Studium an Fachhochschulen und Berufsakademien aller Fachbereiche.<\/p>\n","protected":false},"excerpt":{"rendered":"<p>Ziele der Fachoberschule Ern\u00e4hrung und HauswirtschaftDie Fachoberschule (FOS) vermittelt Ihnen in zwei Jahren eine erweiterte, vertiefte Allgemeinbildung sowie eine fachpraktische und fachtheoretische Schwerpunktausbildung im Berufsfeld &hellip; <\/p>\n","protected":false},"author":1,"featured_media":0,"parent":0,"menu_order":0,"comment_status":"closed","ping_status":"closed","template":"","meta":{"cybocfi_hide_featured_image":"","footnotes":""},"class_list":["post-298","page","type-page","status-publish","hentry"],"_links":{"self":[{"href":"https:\/\/bbsbux.de\/index.php?rest_route=\/wp\/v2\/pages\/298","targetHints":{"allow":["GET"]}}],"collection":[{"href":"https:\/\/bbsbux.de\/index.php?rest_route=\/wp\/v2\/pages"}],"about":[{"href":"https:\/\/bbsbux.de\/index.php?rest_route=\/wp\/v2\/types\/page"}],"author":[{"embeddable":true,"href":"https:\/\/bbsbux.de\/index.php?rest_route=\/wp\/v2\/users\/1"}],"replies":[{"embeddable":true,"href":"https:\/\/bbsbux.de\/index.php?rest_route=%2Fwp%2Fv2%2Fcomments&post=298"}],"version-history":[{"count":6,"href":"https:\/\/bbsbux.de\/index.php?rest_route=\/wp\/v2\/pages\/298\/revisions"}],"predecessor-version":[{"id":4588,"href":"https:\/\/bbsbux.de\/index.php?rest_route=\/wp\/v2\/pages\/298\/revisions\/4588"}],"wp:attachment":[{"href":"https:\/\/bbsbux.de\/index.php?rest_route=%2Fwp%2Fv2%2Fmedia&parent=298"}],"curies":[{"name":"wp","href":"https:\/\/api.w.org\/{rel}","templated":true}]}}