{"id":3141,"date":"2024-01-05T10:53:06","date_gmt":"2024-01-05T10:53:06","guid":{"rendered":"https:\/\/bbsbux.de\/?page_id=3141"},"modified":"2024-01-05T11:07:39","modified_gmt":"2024-01-05T11:07:39","slug":"montags-ist-im-bgg23-und-bgw23-soul-tag","status":"publish","type":"page","link":"https:\/\/bbsbux.de\/?page_id=3141","title":{"rendered":"Montags ist im BGG23 und BGW23 SOUL-Tag"},"content":{"rendered":"<div class=\"wp-block-image\">\n<figure class=\"aligncenter size-full\"><img loading=\"lazy\" decoding=\"async\" width=\"1120\" height=\"274\" src=\"https:\/\/bbsbux.de\/wp-content\/uploads\/2024\/01\/soul3-1.jpg\" alt=\"\" class=\"wp-image-3149\" srcset=\"https:\/\/bbsbux.de\/wp-content\/uploads\/2024\/01\/soul3-1.jpg 1120w, https:\/\/bbsbux.de\/wp-content\/uploads\/2024\/01\/soul3-1-300x73.jpg 300w, https:\/\/bbsbux.de\/wp-content\/uploads\/2024\/01\/soul3-1-1024x251.jpg 1024w, https:\/\/bbsbux.de\/wp-content\/uploads\/2024\/01\/soul3-1-768x188.jpg 768w\" sizes=\"auto, (max-width: 1120px) 100vw, 1120px\" \/><\/figure>\n<\/div>\n\n\n<p>Immer montags arbeiten die Lernenden der Beruflichen Gymnasien mit den Fachrichtungen Gesundheit und Soziales sowie Wirtschaft Klasse 11 sechs Unterrichtsstunden selbstorganisiert \u2013 mit Unterst\u00fctzung ihrer Lehrkr\u00e4fte. Im BG Wirtschaft sind die F\u00e4cher Betriebswirtschaft mit Rechnungswesen-Controlling, Deutsch und abwechselnd Volkswirtschaft bzw. Berufliche Informatik beteiligt, im BG Gesundheit und Soziales die F\u00e4cher Gesundheit-Pflege, Deutsch und abwechselnd Betriebs- und Volkswirtschaft bzw. Berufliche Informatik. Alle Klassenr\u00e4ume der beteiligten Klassen und das Atrium stehen als Lernorte zur Verf\u00fcgung, um auch klassen\u00fcbergreifendes kooperatives Lernen zu erm\u00f6glichen.<br>Unser Ziel: Jeder \u00fcbernimmt mehr Verantwortung f\u00fcr den eigenen (Lern-) Erfolg und st\u00e4rkt so die f\u00fcr die Zukunft wichtigen Kompetenzen!<\/p>\n","protected":false},"excerpt":{"rendered":"<p>Immer montags arbeiten die Lernenden der Beruflichen Gymnasien mit den Fachrichtungen Gesundheit und Soziales sowie Wirtschaft Klasse 11 sechs Unterrichtsstunden selbstorganisiert \u2013 mit Unterst\u00fctzung ihrer &hellip; <\/p>\n","protected":false},"author":1,"featured_media":0,"parent":0,"menu_order":0,"comment_status":"closed","ping_status":"closed","template":"","meta":{"cybocfi_hide_featured_image":"","footnotes":""},"class_list":["post-3141","page","type-page","status-publish","hentry"],"_links":{"self":[{"href":"https:\/\/bbsbux.de\/index.php?rest_route=\/wp\/v2\/pages\/3141","targetHints":{"allow":["GET"]}}],"collection":[{"href":"https:\/\/bbsbux.de\/index.php?rest_route=\/wp\/v2\/pages"}],"about":[{"href":"https:\/\/bbsbux.de\/index.php?rest_route=\/wp\/v2\/types\/page"}],"author":[{"embeddable":true,"href":"https:\/\/bbsbux.de\/index.php?rest_route=\/wp\/v2\/users\/1"}],"replies":[{"embeddable":true,"href":"https:\/\/bbsbux.de\/index.php?rest_route=%2Fwp%2Fv2%2Fcomments&post=3141"}],"version-history":[{"count":3,"href":"https:\/\/bbsbux.de\/index.php?rest_route=\/wp\/v2\/pages\/3141\/revisions"}],"predecessor-version":[{"id":3152,"href":"https:\/\/bbsbux.de\/index.php?rest_route=\/wp\/v2\/pages\/3141\/revisions\/3152"}],"wp:attachment":[{"href":"https:\/\/bbsbux.de\/index.php?rest_route=%2Fwp%2Fv2%2Fmedia&parent=3141"}],"curies":[{"name":"wp","href":"https:\/\/api.w.org\/{rel}","templated":true}]}}