{"id":326,"date":"2020-06-11T07:26:40","date_gmt":"2020-06-11T07:26:40","guid":{"rendered":"https:\/\/bbsbux.de\/?page_id=326"},"modified":"2024-06-11T06:22:18","modified_gmt":"2024-06-11T06:22:18","slug":"ferientermine","status":"publish","type":"page","link":"https:\/\/bbsbux.de\/?page_id=326","title":{"rendered":"Ferientermine"},"content":{"rendered":"\n<figure class=\"wp-block-image size-full\"><img loading=\"lazy\" decoding=\"async\" width=\"1005\" height=\"481\" src=\"https:\/\/bbsbux.de\/wp-content\/uploads\/2022\/12\/ferien24-30.png\" alt=\"\" class=\"wp-image-2539\" srcset=\"https:\/\/bbsbux.de\/wp-content\/uploads\/2022\/12\/ferien24-30.png 1005w, https:\/\/bbsbux.de\/wp-content\/uploads\/2022\/12\/ferien24-30-300x144.png 300w, https:\/\/bbsbux.de\/wp-content\/uploads\/2022\/12\/ferien24-30-768x368.png 768w\" sizes=\"auto, (max-width: 1005px) 100vw, 1005px\" \/><figcaption class=\"wp-element-caption\">Diese \u00dcbersicht stammt aus der Webseite des Kultusministeriums, insoweit \u00fcbernimmt die Schule keine Gew\u00e4hr.<\/figcaption><\/figure>\n","protected":false},"excerpt":{"rendered":"","protected":false},"author":1,"featured_media":0,"parent":0,"menu_order":0,"comment_status":"closed","ping_status":"closed","template":"","meta":{"cybocfi_hide_featured_image":"","footnotes":""},"class_list":["post-326","page","type-page","status-publish","hentry"],"_links":{"self":[{"href":"https:\/\/bbsbux.de\/index.php?rest_route=\/wp\/v2\/pages\/326","targetHints":{"allow":["GET"]}}],"collection":[{"href":"https:\/\/bbsbux.de\/index.php?rest_route=\/wp\/v2\/pages"}],"about":[{"href":"https:\/\/bbsbux.de\/index.php?rest_route=\/wp\/v2\/types\/page"}],"author":[{"embeddable":true,"href":"https:\/\/bbsbux.de\/index.php?rest_route=\/wp\/v2\/users\/1"}],"replies":[{"embeddable":true,"href":"https:\/\/bbsbux.de\/index.php?rest_route=%2Fwp%2Fv2%2Fcomments&post=326"}],"version-history":[{"count":3,"href":"https:\/\/bbsbux.de\/index.php?rest_route=\/wp\/v2\/pages\/326\/revisions"}],"predecessor-version":[{"id":3301,"href":"https:\/\/bbsbux.de\/index.php?rest_route=\/wp\/v2\/pages\/326\/revisions\/3301"}],"wp:attachment":[{"href":"https:\/\/bbsbux.de\/index.php?rest_route=%2Fwp%2Fv2%2Fmedia&parent=326"}],"curies":[{"name":"wp","href":"https:\/\/api.w.org\/{rel}","templated":true}]}}