{"id":3280,"date":"2024-05-31T10:22:07","date_gmt":"2024-05-31T10:22:07","guid":{"rendered":"https:\/\/bbsbux.de\/?page_id=3280"},"modified":"2024-08-22T11:19:17","modified_gmt":"2024-08-22T11:19:17","slug":"europas-seele-ist-die-toleranz","status":"publish","type":"page","link":"https:\/\/bbsbux.de\/?page_id=3280","title":{"rendered":"\u201eEuropas Seele ist die Toleranz\u201c"},"content":{"rendered":"\n<p><strong>Bundeskanzlerin Angela Merkel in einer Rede vor dem Europ\u00e4ischen Parlament am 17. Januar 2007.<\/strong><\/p>\n\n\n\n<p><strong>Was bedeutet Europaschule f\u00fcr uns Sch\u00fclerinnen und Sch\u00fcler?<\/strong><\/p>\n\n\n\n<p>Europaschule bedeutet Freiheit. Die M\u00f6glichkeit, unseren Horizont zu erweitern und die Vielf\u00e4ltigkeit Europas kennenzulernen. Wir als Sch\u00fclerinnen und Sch\u00fcler haben das Gl\u00fcck, dass uns unsere Schule als \u201cEuropaschule\u201d diese M\u00f6glichkeiten anbietet. Somit hat jede Sch\u00fclerinnen und jeder Sch\u00fcler die Gelegenheit, an dem Programm teilzunehmen und Europa zu entdecken. Dabei spielt die finanzielle Situation des Einzelnen keine Rolle, da das Programm Erasmus+ die kompletten Reisekosten \u00fcbernimmt. Dazu z\u00e4hlt die Anreise, der Aufenthalt, die Verpflegung, die Abreise sowie ein Taschengeld. Man hat die M\u00f6glichkeit, ein Praktikum zu absolvieren, eine Schule zu besuchen oder einen Klassenaustausch mit einer ausgew\u00e4hlten Partnerschule zu machen.<\/p>\n\n\n\n<p><strong>Das Leben ist wie ein Buch, und wer nicht reist, liest nur wenig davon!<\/strong><br>Jean Paul (1763 \u2013 1825)<\/p>\n\n\n\n<p><strong>Unsere Europa-Schule<\/strong><\/p>\n\n\n\n<p>Bereits seit dem Schuljahr 2016\/17 bieten die Berufsbildenden Schulen Buxtehude ihren Sch\u00fclerinnen und Sch\u00fclern die M\u00f6glichkeit, im europ\u00e4ischen Ausland ein Praktikum zu absolvieren. Dadurch sollen Sch\u00fclerinnen und Sch\u00fcler die M\u00f6glichkeit bekommen, auch im Ausland ihre fachlichen, fremdsprachlichen und kulturellen Kompetenzen zu erweitern. Wir wollen unseren Teilnehmerinnen und Teilnehmern helfen, ihre interkulturelle Handlungsf\u00e4higkeit auszubauen und sie fit zu machen f\u00fcr den Europ\u00e4ischen Arbeitsmarkt.<\/p>\n\n\n\n<p>Bei der Finanzierung des Europ\u00e4ischen Bildungsprogramms hilft uns Erasmus+, es besteht aus vier nationalen Agenturen die in Deutschland das EU-Programm Erasmus+ umsetzen. Das gemeinsame Ziel ist es, die Chancen und M\u00f6glichkeiten des Programms verst\u00e4ndlich und serviceorientiert nutzbar f\u00fcr Teilnehmerinnen und Teilnehmer zu machen.<\/p>\n\n\n\n<figure class=\"wp-block-image size-full\"><img loading=\"lazy\" decoding=\"async\" width=\"600\" height=\"401\" src=\"https:\/\/bbsbux.de\/wp-content\/uploads\/2024\/08\/flag_eu.jpg\" alt=\"\" class=\"wp-image-3462\" srcset=\"https:\/\/bbsbux.de\/wp-content\/uploads\/2024\/08\/flag_eu.jpg 600w, https:\/\/bbsbux.de\/wp-content\/uploads\/2024\/08\/flag_eu-300x201.jpg 300w\" sizes=\"auto, (max-width: 600px) 100vw, 600px\" \/><\/figure>\n","protected":false},"excerpt":{"rendered":"<p>Bundeskanzlerin Angela Merkel in einer Rede vor dem Europ\u00e4ischen Parlament am 17. Januar 2007. Was bedeutet Europaschule f\u00fcr uns Sch\u00fclerinnen und Sch\u00fcler? Europaschule bedeutet Freiheit. &hellip; <\/p>\n","protected":false},"author":1,"featured_media":0,"parent":0,"menu_order":0,"comment_status":"closed","ping_status":"closed","template":"","meta":{"cybocfi_hide_featured_image":"","footnotes":""},"class_list":["post-3280","page","type-page","status-publish","hentry"],"_links":{"self":[{"href":"https:\/\/bbsbux.de\/index.php?rest_route=\/wp\/v2\/pages\/3280","targetHints":{"allow":["GET"]}}],"collection":[{"href":"https:\/\/bbsbux.de\/index.php?rest_route=\/wp\/v2\/pages"}],"about":[{"href":"https:\/\/bbsbux.de\/index.php?rest_route=\/wp\/v2\/types\/page"}],"author":[{"embeddable":true,"href":"https:\/\/bbsbux.de\/index.php?rest_route=\/wp\/v2\/users\/1"}],"replies":[{"embeddable":true,"href":"https:\/\/bbsbux.de\/index.php?rest_route=%2Fwp%2Fv2%2Fcomments&post=3280"}],"version-history":[{"count":2,"href":"https:\/\/bbsbux.de\/index.php?rest_route=\/wp\/v2\/pages\/3280\/revisions"}],"predecessor-version":[{"id":3463,"href":"https:\/\/bbsbux.de\/index.php?rest_route=\/wp\/v2\/pages\/3280\/revisions\/3463"}],"wp:attachment":[{"href":"https:\/\/bbsbux.de\/index.php?rest_route=%2Fwp%2Fv2%2Fmedia&parent=3280"}],"curies":[{"name":"wp","href":"https:\/\/api.w.org\/{rel}","templated":true}]}}