{"id":354,"date":"2020-06-15T10:40:12","date_gmt":"2020-06-15T10:40:12","guid":{"rendered":"https:\/\/bbsbux.de\/?page_id=354"},"modified":"2025-11-14T11:59:57","modified_gmt":"2025-11-14T11:59:57","slug":"berufseinstiegsschule-klasse-1-technik","status":"publish","type":"page","link":"https:\/\/bbsbux.de\/?page_id=354","title":{"rendered":"Berufseinstiegsschule Klasse 1 Technik"},"content":{"rendered":"\n<p><strong>Ziele der Berufseinstiegsschule Klasse 1 Technik<\/strong><br>Die Berufseinstiegsschule Klasse 1 hat die Aufgabe, den Sch\u00fclerinnen und Sch\u00fclern technische Grundkenntnissen zu vermitteln, die Berufs- bzw. Ausbildungsreife individuell zu f\u00f6rdern und Qualifikationen zur Aufnahme einer beruflichen T\u00e4tigkeit zu vermitteln.<br>Nach dem Besuch der Schule ist die Schulpflicht erf\u00fcllt, soweit keine weitere schulische oder berufliche Ausbildung begonnen wird.<br><br><strong>Voraussetzungen<\/strong><\/p>\n\n\n\n<ul class=\"wp-block-list\">\n<li>Teilnahme an einem Beratungsgespr\u00e4ch<\/li>\n\n\n\n<li>Zeugnis der letzten besuchten Schule<\/li>\n\n\n\n<li>Lebenslauf<\/li>\n\n\n\n<li>Die Kosten\u00fcbernahme f\u00fcr Materialien, Kopien und sonstige Ausgaben (einmalig 22 \u20ac bis zum 30.08. am Anfang des Schuljahres), kostenpflichtige Ausleihe bzw. Anschaffung der notwendigen B\u00fccher und Arbeitskleidung.<\/li>\n<\/ul>\n\n\n\n<p><strong>Unterrichtsf\u00e4cher<\/strong><br><br>Die F\u00e4cher der Berufseinstiegsschule Klasse 1 Technik werden in zwei Lernbereiche unterteilt:<br><br><strong>Berufs\u00fcbergreifender Lernbereich<\/strong><\/p>\n\n\n\n<ul class=\"wp-block-list\">\n<li>Kommunikation in der Lebens- und Arbeitswelt (z.B. Deutsch und Englisch)<\/li>\n\n\n\n<li>F\u00f6rderung Grundlagenwissen (z.B. Mathe, Religion, Politik, Sport)<\/li>\n<\/ul>\n\n\n\n<p><strong>Berufsbezogener Lernbereichaus zwei Berufsfeldern<\/strong><\/p>\n\n\n\n<ul class=\"wp-block-list\">\n<li>Fachtheorie<br>und<\/li>\n\n\n\n<li>Fachpraxis<\/li>\n<\/ul>\n\n\n\n<p>werden in mehreren Qualifizierungsbausteinen unterrichtet. Nach jedem Qualifizierungsbaustein erhalten Sie eine Zwischennote, die auch im Zeugnis stehen wird.<br><br>Neben der fachpraktischen Grundbildung in den Fachpraxisr\u00e4umen der Schule absolvieren Sie ein vierw\u00f6chiges Praktikum in geeigneten Einrichtungen \/ Betrieben.<br><br><strong>Abschl\u00fcsse und Berechtigungen<\/strong><\/p>\n\n\n\n<ul class=\"wp-block-list\">\n<li>Sie k\u00f6nnen nach erfolgreichem Abschluss der Klasse 1 BES die Klasse 2 der Berufseinstiegsschule besuchen.<\/li>\n\n\n\n<li>Sie k\u00f6nnen besser qualifiziert eine berufliche T\u00e4tigkeit aufnehmen.<\/li>\n<\/ul>\n\n\n\n<p><strong>Zum Download:<\/strong><br><a href=\"https:\/\/www.bbsbux.de\/praktika\/hup\/PV_BET25_A.pdf\" target=\"_blank\" rel=\"noreferrer noopener\"><strong>Praktikumsvertrag Klasse BET25A<\/strong><\/a>\u00a0(Vordruck)<br><a href=\"https:\/\/www.bbsbux.de\/praktika\/hup\/PV_BET25_B.pdf\" target=\"_blank\" rel=\"noreferrer noopener\"><strong>Praktikumsvertrag Klasse BET25B<\/strong><\/a>\u00a0(Vordruck)<br><a href=\"https:\/\/www.bbsbux.de\/praktika\/hup\/PZ_BET25_A_B.pdf\" target=\"_blank\" rel=\"noreferrer noopener\"><strong>Praktikumszeitplan<\/strong><\/a><\/p>\n","protected":false},"excerpt":{"rendered":"<p>Ziele der Berufseinstiegsschule Klasse 1 TechnikDie Berufseinstiegsschule Klasse 1 hat die Aufgabe, den Sch\u00fclerinnen und Sch\u00fclern technische Grundkenntnissen zu vermitteln, die Berufs- bzw. Ausbildungsreife individuell &hellip; <\/p>\n","protected":false},"author":1,"featured_media":355,"parent":0,"menu_order":0,"comment_status":"closed","ping_status":"closed","template":"","meta":{"cybocfi_hide_featured_image":"","footnotes":""},"class_list":["post-354","page","type-page","status-publish","has-post-thumbnail","hentry"],"_links":{"self":[{"href":"https:\/\/bbsbux.de\/index.php?rest_route=\/wp\/v2\/pages\/354","targetHints":{"allow":["GET"]}}],"collection":[{"href":"https:\/\/bbsbux.de\/index.php?rest_route=\/wp\/v2\/pages"}],"about":[{"href":"https:\/\/bbsbux.de\/index.php?rest_route=\/wp\/v2\/types\/page"}],"author":[{"embeddable":true,"href":"https:\/\/bbsbux.de\/index.php?rest_route=\/wp\/v2\/users\/1"}],"replies":[{"embeddable":true,"href":"https:\/\/bbsbux.de\/index.php?rest_route=%2Fwp%2Fv2%2Fcomments&post=354"}],"version-history":[{"count":7,"href":"https:\/\/bbsbux.de\/index.php?rest_route=\/wp\/v2\/pages\/354\/revisions"}],"predecessor-version":[{"id":4337,"href":"https:\/\/bbsbux.de\/index.php?rest_route=\/wp\/v2\/pages\/354\/revisions\/4337"}],"wp:featuredmedia":[{"embeddable":true,"href":"https:\/\/bbsbux.de\/index.php?rest_route=\/wp\/v2\/media\/355"}],"wp:attachment":[{"href":"https:\/\/bbsbux.de\/index.php?rest_route=%2Fwp%2Fv2%2Fmedia&parent=354"}],"curies":[{"name":"wp","href":"https:\/\/api.w.org\/{rel}","templated":true}]}}