{"id":364,"date":"2020-06-15T10:59:19","date_gmt":"2020-06-15T10:59:19","guid":{"rendered":"https:\/\/bbsbux.de\/?page_id=364"},"modified":"2025-09-01T06:04:55","modified_gmt":"2025-09-01T06:04:55","slug":"berufseinstiegsschule-klasse-1-international","status":"publish","type":"page","link":"https:\/\/bbsbux.de\/?page_id=364","title":{"rendered":"Berufseinstiegsschule International Klasse 1 und Klasse 2 in Teilzeit"},"content":{"rendered":"\n<p><strong>Ziele der Berufseinstiegsschule Klasse 1 International<\/strong><br>Die Berufseinstiegsschule Klasse 1 \u2013 Sprache und Integration \u2013 hat die Aufgabe, die sprachlichen Kompetenzen der Sch\u00fclerinnen und Sch\u00fcler zu verbessern. Es werden hauswirtschaftliche und technische Grundkenntnisse sowie Qualifikationen zur Aufnahme einer beruflichen T\u00e4tigkeit vermittelt und die Berufs- bzw. Ausbildungsreife individuell gef\u00f6rdert.<br>Nach dem Besuch der Schule endet die Schulpflicht. <\/p>\n\n\n\n<p>Die Berufseinstiegsschule Klasse 2 &#8211; Sprache und Integration &#8211; kann anschlie\u00dfend nur mit einem ganzj\u00e4hrigen, unterrichtsbegleitenden Praktikum besucht werden. Das Praktikum wird \u00fcber das ganze Schuljahr an 3 Tagen durchgef\u00fchrt (Dienstag bis Donnerstag), 2 Tage in der Woche findet Unterricht mit dem Schwerpunkt Sprachf\u00f6rderung in der Schule statt (Montag und Freitag). Bei der Praktikumssuche unterst\u00fctzen wir Sie gerne, das dreit\u00e4gige Praktikum ist verpflichtend und wird von der Schule begleitet.<br>Download <a href=\"https:\/\/bbsbux.de\/praktika\/hup\/PV_BEI25_Klasse2TZ.pdf\" target=\"_blank\" rel=\"noreferrer noopener\"><strong>Praktikumsvertrag<\/strong><\/a><br>Praktikumszeiten: <strong><a href=\"https:\/\/bbsbux.de\/praktika\/hup\/PZ_BITZ24.pdf\" target=\"_blank\" rel=\"noreferrer noopener\">Zeitplan<\/a><\/strong><\/p>\n\n\n\n<h3 class=\"wp-block-heading\">Voraussetzungen <\/h3>\n\n\n\n<ul class=\"wp-block-list\">\n<li>Teilnahme an einem Beratungsgespr\u00e4ch<\/li>\n\n\n\n<li>Zeugnis der letzten besuchten Schule<\/li>\n\n\n\n<li>Lebenslauf<\/li>\n\n\n\n<li>Eine Bescheinigung des Gesundheitsamtes nach \u00a743 des Infektionsschutzgesetzes.<\/li>\n\n\n\n<li>Die Kosten\u00fcbernahme f\u00fcr Materialien, Kopien und sonstige Ausgaben (einmalig 70 \u20ac bis zum 30.08. am Anfang des Schuljahres), Anschaffung bzw. kostenpflichtige Ausleihe der notwendigen B\u00fccher und Arbeitskleidung.<\/li>\n<\/ul>\n\n\n\n<p><strong>Unterrichtsf\u00e4cher<\/strong><br><br>Die F\u00e4cher der Berufseinstiegsschule Klasse 1 International werden in zwei Lernbereiche unterteilt:<br><br><strong>Berufs\u00fcbergreifender Lernbereich<\/strong><\/p>\n\n\n\n<ul class=\"wp-block-list\">\n<li>Kommunikation in der Lebens- und Arbeitswelt (z.B. Deutsch mit erh\u00f6htem Stundenanteil und Englisch)<\/li>\n\n\n\n<li>F\u00f6rderung Grundlagenwissen (z.B. Mathe, Religion, Politik, Sport)<\/li>\n<\/ul>\n\n\n\n<p><br><strong>Berufsbezogener Lernbereich aus zwei Berufsfeldern<\/strong><\/p>\n\n\n\n<ul class=\"wp-block-list\">\n<li>Fachtheorie<br>und<\/li>\n\n\n\n<li>Fachpraxis<\/li>\n<\/ul>\n\n\n\n<p>werden in mehreren Qualifizierungsbausteinen unterrichtet. Nach jedem Qualifizierungsbaustein erhalten Sie eine Zwischennote, die auch im Zeugnis stehen wird.<br><br>Neben der fachpraktischen Grundbildung in den Fachpraxisr\u00e4umen der Schule absolvieren Sie ein vierw\u00f6chiges Praktikum in geeigneten Einrichtungen \/ Betrieben.<\/p>\n\n\n\n<p><a href=\"https:\/\/bbsbux.de\/flyer\/BEI_2021.pdf\" target=\"_blank\" rel=\"noreferrer noopener\"><strong>Flyer<\/strong><\/a><\/p>\n\n\n\n<p><strong>Abschl\u00fcsse und Berechtigungen<\/strong><\/p>\n\n\n\n<ul class=\"wp-block-list\">\n<li>Sie k\u00f6nnen nach erfolgreichem Abschluss der Klasse 1 BES die Klasse 2 der Berufseinstiegsschule besuchen.<\/li>\n\n\n\n<li>Die Berufseinstiegsschule Klasse 2 &#8211; Sprache und Integration &#8211; kann anschlie\u00dfend nur mit einem ganzj\u00e4hrigen, unterrichtsbegleitenden Praktikum besucht werden (3 Tage Praktikum, 2 Tage Unterricht).<\/li>\n\n\n\n<li>Sie k\u00f6nnen besser qualifiziert eine berufliche T\u00e4tigkeit aufnehmen.<\/li>\n<\/ul>\n","protected":false},"excerpt":{"rendered":"<p>Ziele der Berufseinstiegsschule Klasse 1 InternationalDie Berufseinstiegsschule Klasse 1 \u2013 Sprache und Integration \u2013 hat die Aufgabe, die sprachlichen Kompetenzen der Sch\u00fclerinnen und Sch\u00fcler zu &hellip; <\/p>\n","protected":false},"author":1,"featured_media":365,"parent":0,"menu_order":0,"comment_status":"closed","ping_status":"closed","template":"","meta":{"cybocfi_hide_featured_image":"","footnotes":""},"class_list":["post-364","page","type-page","status-publish","has-post-thumbnail","hentry"],"_links":{"self":[{"href":"https:\/\/bbsbux.de\/index.php?rest_route=\/wp\/v2\/pages\/364","targetHints":{"allow":["GET"]}}],"collection":[{"href":"https:\/\/bbsbux.de\/index.php?rest_route=\/wp\/v2\/pages"}],"about":[{"href":"https:\/\/bbsbux.de\/index.php?rest_route=\/wp\/v2\/types\/page"}],"author":[{"embeddable":true,"href":"https:\/\/bbsbux.de\/index.php?rest_route=\/wp\/v2\/users\/1"}],"replies":[{"embeddable":true,"href":"https:\/\/bbsbux.de\/index.php?rest_route=%2Fwp%2Fv2%2Fcomments&post=364"}],"version-history":[{"count":9,"href":"https:\/\/bbsbux.de\/index.php?rest_route=\/wp\/v2\/pages\/364\/revisions"}],"predecessor-version":[{"id":4163,"href":"https:\/\/bbsbux.de\/index.php?rest_route=\/wp\/v2\/pages\/364\/revisions\/4163"}],"wp:featuredmedia":[{"embeddable":true,"href":"https:\/\/bbsbux.de\/index.php?rest_route=\/wp\/v2\/media\/365"}],"wp:attachment":[{"href":"https:\/\/bbsbux.de\/index.php?rest_route=%2Fwp%2Fv2%2Fmedia&parent=364"}],"curies":[{"name":"wp","href":"https:\/\/api.w.org\/{rel}","templated":true}]}}