{"id":3644,"date":"2024-12-16T07:46:33","date_gmt":"2024-12-16T07:46:33","guid":{"rendered":"https:\/\/bbsbux.de\/?page_id=3644"},"modified":"2024-12-16T08:25:29","modified_gmt":"2024-12-16T08:25:29","slug":"europa-erleben-erfolgreiche-verleihung-der-europaesse-mobilitaet-und-der-erasmus-partnerlabel-an-den-bbs-buxtehude","status":"publish","type":"page","link":"https:\/\/bbsbux.de\/?page_id=3644","title":{"rendered":"Europa erleben: Erfolgreiche Verleihung der Europ\u00e4sse Mobilit\u00e4t und der Erasmus+ Partnerlabel an den BBS Buxtehude"},"content":{"rendered":"\n<p><strong>&#8222;Europa erleben: G\u00e4nsehaut-Momente bei der Verleihung der Europ\u00e4sse Mobilit\u00e4t \u2013 David McAllister betont die Bedeutung der Europaarbeit in Schulen&#8220;<\/strong><\/p>\n\n\n\n<p>Am vergangenen Freitagnachmittag wurde an den Berufsbildenden Schulen Buxtehude ein besonderer H\u00f6hepunkt der Europaarbeit gefeiert: Die feierliche Verleihung der Europ\u00e4sse Mobilit\u00e4t und des Erasmus+ Partnerlabels. Sch\u00fclerinnen und Sch\u00fcler, Lehrkr\u00e4fte, Vertreterinnen und Vertreter der Ausbildungsunternehmen sowie zahlreiche Ehreng\u00e4ste kamen zusammen, um das Engagement und die Erfolge der Beteiligten im Rahmen europ\u00e4ischer Mobilit\u00e4tsprojekte zu w\u00fcrdigen.<\/p>\n\n\n\n<h4 class=\"wp-block-heading\"><strong>Ehreng\u00e4ste und ein G\u00e4nsehautmoment<\/strong><\/h4>\n\n\n\n<p>Zu den Ehreng\u00e4sten z\u00e4hlten David McAllister (Mitglied des Europ\u00e4ischen Parlaments) Martina Steinvorth (schulfachliche Dezernentin des RLSB L\u00fcneburg), Petra M\u00f6hle (stellvertretende B\u00fcrgermeisterin der Stadt Buxtehude), Thorsten Heinze (Erster Kreisrat des Landkreises Stade), Detlef B\u00f6ckmann (Hauptgesch\u00e4ftsf\u00fchrer der Kreishandwerkerschaft Stade) und Dirk Immken (Abteilungsleiter Aus- und Weiterbildung der IHK Stade), die vom Schulleiter Carsten Schr\u00f6der begr\u00fc\u00dft werden konnten.<\/p>\n\n\n<div class=\"wp-block-image\">\n<figure class=\"aligncenter size-full\"><img loading=\"lazy\" decoding=\"async\" width=\"600\" height=\"516\" src=\"https:\/\/bbsbux.de\/wp-content\/uploads\/2024\/12\/euro_mcallister_24-12-13.jpg\" alt=\"\" class=\"wp-image-3648\" srcset=\"https:\/\/bbsbux.de\/wp-content\/uploads\/2024\/12\/euro_mcallister_24-12-13.jpg 600w, https:\/\/bbsbux.de\/wp-content\/uploads\/2024\/12\/euro_mcallister_24-12-13-300x258.jpg 300w\" sizes=\"auto, (max-width: 600px) 100vw, 600px\" \/><\/figure>\n<\/div>\n\n\n<p>Ein besonderer H\u00f6hepunkt war die Rede von David McAllister, der mit seinen Worten das Publikum beeindruckte und bewegte. Mit seiner inspirierenden Ansprache unterstrich er die immense Bedeutung der Europaarbeit an Schulen und erinnerte eindringlich daran, dass ein geeintes Europa keine Selbstverst\u00e4ndlichkeit sei. Er sprach von Europa als Friedensprojekt, dessen Stabilit\u00e4t und Zusammenhalt durch aktuelle Herausforderungen wie den Ukrainekrieg und den Brexit besonders gefordert sind.<br>McAllister hob hervor, dass Mobilit\u00e4tsprogramme wie Erasmus+ die St\u00e4rke und den Zusammenhalt Europas widerspiegeln. \u201eReisen und Austausch erweitern den Horizont und schaffen Br\u00fccken zwischen Kulturen. Sie f\u00f6rdern Verst\u00e4ndnis, Respekt und Solidarit\u00e4t \u2013 und genau das ist die Grundlage eines friedlichen und erfolgreichen Europas\u201c, betonte er. Mit Blick auf den Ukrainekrieg mahnte er, dass Solidarit\u00e4t eine europ\u00e4ische Aufgabe sei. Der Brexit, so McAllister, zeige, was junge Menschen verlieren, wenn Mobilit\u00e4t und Zusammenarbeit eingeschr\u00e4nkt werden.<br>Er betonte, dass die Chancen und M\u00f6glichkeiten, die Europa heute bietet, das Ergebnis jahrelanger Anstrengungen sind und bewahrt werden m\u00fcssen, da sie keineswegs selbstverst\u00e4ndlich seien. McAllister dankte den Lehrkr\u00e4ften und Projektverantwortlichen der BBS Buxtehude, deren Arbeit es erst erm\u00f6gliche, jungen Menschen diese Chancen zu bieten. Ein humorvoller und pers\u00f6nlicher Moment entstand, als McAllister spontan die \u00c4pfel aus dem Alten Land, die er zum Dank \u00fcberreicht bekommen hatte, an die Anwesenden verteilte.<\/p>\n\n\n\n<h4 class=\"wp-block-heading\"><strong>\u00dcber 10 Jahre Europa-Projekte an den BBS Buxtehude<\/strong><\/h4>\n\n\n\n<p>Schulleiter Carsten Schr\u00f6der betonte in seiner Begr\u00fc\u00dfung die langj\u00e4hrige erfolgreiche Teilnahme der BBS Buxtehude an europ\u00e4ischen Projekten. Seit \u00fcber einem Jahrzehnt engagiert sich die Schule aktiv f\u00fcr Europa-Projekte und wurde in diesem Jahr erneut mit dem Qualit\u00e4tssiegel \u201eEuropaschule in Niedersachsen\u201c ausgezeichnet \u2013 ein beeindruckendes Zeugnis f\u00fcr das kontinuierliche Engagement in der Europaarbeit.<br>\u00dcber 100 Europ\u00e4sse-Mobilit\u00e4t wurden dieses Jahr verliehen, und die Schule setzt sich aktiv daf\u00fcr ein, diese Programme weiter auszubauen und noch mehr jungen Menschen europ\u00e4ische Erfahrungen zu erm\u00f6glichen. Dies gelingt nur durch das Engagement der Lehrkr\u00e4fte, die Unterst\u00fctzung der Ausbildungsbetriebe und die Begeisterung der Lernenden.<\/p>\n\n\n\n<p>Martina Steinvorth betonte in ihrem Gru\u00dfwort die Bedeutung der Europaarbeit an den BBS Buxtehude und unterstrich, wie wichtig Mobilit\u00e4tsprojekte f\u00fcr die Entwicklung interkultureller Kompetenzen und Offenheit seien. Sie sprach aus pers\u00f6nlicher Erfahrung, da sie selbst mehrere Jahre im Ausland verbracht hat.<\/p>\n\n\n\n<h4 class=\"wp-block-heading\"><strong>Engagement und Moderation von Antje Pape<\/strong><\/h4>\n\n\n<div class=\"wp-block-image\">\n<figure class=\"aligncenter size-full\"><img loading=\"lazy\" decoding=\"async\" width=\"700\" height=\"514\" src=\"https:\/\/bbsbux.de\/wp-content\/uploads\/2024\/12\/europass_pape_24-12-13.jpg\" alt=\"\" class=\"wp-image-3650\" srcset=\"https:\/\/bbsbux.de\/wp-content\/uploads\/2024\/12\/europass_pape_24-12-13.jpg 700w, https:\/\/bbsbux.de\/wp-content\/uploads\/2024\/12\/europass_pape_24-12-13-300x220.jpg 300w\" sizes=\"auto, (max-width: 700px) 100vw, 700px\" \/><\/figure>\n<\/div>\n\n\n<p>Die Moderation der Veranstaltung \u00fcbernahm Antje Pape, Europabeauftragte der BBS Buxtehude. Mit gro\u00dfer Leidenschaft und fundiertem Wissen f\u00fchrte sie durch den Nachmittag und stellte die vielf\u00e4ltigen Europa-Aktivit\u00e4ten der Schule vor. Sie betonte die Bedeutung der Erasmus+-Projekte und gab den Lernenden Raum, ihre Erfahrungen aus den Auslandsaufenthalten zu pr\u00e4sentieren. Sie unterstrich, wie wichtig es sei, jungen Menschen die M\u00f6glichkeit zu geben, Europa zu erleben und interkulturelle Kompetenzen zu entwickeln. Dabei hob sie die hervorragende Unterst\u00fctzung durch das Europateam der BBS Buxtehude und die Ausbildungsbetriebe hervor, die die Mobilit\u00e4tsprojekte erst m\u00f6glich machen.<\/p>\n\n\n\n<h4 class=\"wp-block-heading\"><strong>Vielf\u00e4ltige Europa-Aktivit\u00e4ten der Lernenden<\/strong><\/h4>\n\n\n\n<p>Die Teilnehmenden berichteten begeistert von den vielf\u00e4ltigen Erasmus+-Aktivit\u00e4ten und verdeutlichten anschaulich, welche Kompetenzen sie w\u00e4hrend ihrer Auslandsaufenthalte erworben haben und welche pr\u00e4genden Erfahrungen sie dabei machen konnten:<\/p>\n\n\n\n<div class=\"wp-block-media-text is-stacked-on-mobile is-vertically-aligned-center\"><figure class=\"wp-block-media-text__media\"><img loading=\"lazy\" decoding=\"async\" width=\"600\" height=\"501\" src=\"https:\/\/bbsbux.de\/wp-content\/uploads\/2024\/12\/europass_ungarn_24-12-13.jpg\" alt=\"\" class=\"wp-image-3651 size-full\" srcset=\"https:\/\/bbsbux.de\/wp-content\/uploads\/2024\/12\/europass_ungarn_24-12-13.jpg 600w, https:\/\/bbsbux.de\/wp-content\/uploads\/2024\/12\/europass_ungarn_24-12-13-300x251.jpg 300w\" sizes=\"auto, (max-width: 600px) 100vw, 600px\" \/><\/figure><div class=\"wp-block-media-text__content\">\n<p><strong>Nachhaltigkeitsprojekt in Ungarn:<\/strong> Naomi und Jayden aus der HHDU23 berichteten von ihrer Reise nach Budapest, wo sie zusammen mit ungarischen Sch\u00fclerinnen und Sch\u00fclern Aspekte der Nachhaltigkeit in der Wirtschaft erarbeiteten.<\/p>\n<\/div><\/div>\n\n\n\n<div class=\"wp-block-media-text has-media-on-the-right is-stacked-on-mobile\"><div class=\"wp-block-media-text__content\">\n<p><strong>Praxisaufenthalte in D\u00e4nemark:<\/strong> Die Berufseinstiegsschule Hauswirtschaft f\u00fchrte ein Projekt in S\u00f8nderborg durch, bei dem d\u00e4nische Produkte zubereitet und Servicegrundlagen vertieft wurden. Ebenso berichteten Sch\u00fclerinnen und Sch\u00fcler der FOEH23 begeistert von ihrem Projekt \u201eNordic Cooking\u201c, bei dem sie unter anderem die Kunst des Sm\u00f8rrebr\u00f8d erlernten.<\/p>\n<\/div><figure class=\"wp-block-media-text__media\"><img loading=\"lazy\" decoding=\"async\" width=\"600\" height=\"365\" src=\"https:\/\/bbsbux.de\/wp-content\/uploads\/2024\/12\/euro_foeh_24-12-13.jpg\" alt=\"\" class=\"wp-image-3655 size-full\" srcset=\"https:\/\/bbsbux.de\/wp-content\/uploads\/2024\/12\/euro_foeh_24-12-13.jpg 600w, https:\/\/bbsbux.de\/wp-content\/uploads\/2024\/12\/euro_foeh_24-12-13-300x183.jpg 300w\" sizes=\"auto, (max-width: 600px) 100vw, 600px\" \/><\/figure><\/div>\n\n\n\n<div class=\"wp-block-media-text is-stacked-on-mobile\"><figure class=\"wp-block-media-text__media\"><img loading=\"lazy\" decoding=\"async\" width=\"600\" height=\"343\" src=\"https:\/\/bbsbux.de\/wp-content\/uploads\/2024\/12\/euro_met_24-12-13.jpg\" alt=\"\" class=\"wp-image-3652 size-full\" srcset=\"https:\/\/bbsbux.de\/wp-content\/uploads\/2024\/12\/euro_met_24-12-13.jpg 600w, https:\/\/bbsbux.de\/wp-content\/uploads\/2024\/12\/euro_met_24-12-13-300x172.jpg 300w\" sizes=\"auto, (max-width: 600px) 100vw, 600px\" \/><\/figure><div class=\"wp-block-media-text__content\">\n<p><strong>Industriemechanik und Schwei\u00dfen:<\/strong> David gab Einblicke in das Auslandspraktikum der Zerspanungs- und Industriemechaniker, in dem Schwei\u00dftechniken wie MAG und WIG erlernt und ein selbst gestalteter Grill gefertigt wurden.<\/p>\n<\/div><\/div>\n\n\n\n<div class=\"wp-block-media-text has-media-on-the-right is-stacked-on-mobile\"><div class=\"wp-block-media-text__content\">\n<p><strong>Wirtschaftspraktikum in Prag:<\/strong> Max berichtete von seinem Praktikum in einem tschechischen Unternehmen, das ihm wirtschaftliche, sprachliche und interkulturelle Kompetenzen vermittelte. Er absolvierte zus\u00e4tzlich die Zusatzqualifikation Europakaufmann, die eng mit den Auslandspraktika verbunden ist.<\/p>\n<\/div><figure class=\"wp-block-media-text__media\"><img loading=\"lazy\" decoding=\"async\" width=\"600\" height=\"404\" src=\"https:\/\/bbsbux.de\/wp-content\/uploads\/2024\/12\/europass_loehden_24-12-13.jpg\" alt=\"\" class=\"wp-image-3657 size-full\" srcset=\"https:\/\/bbsbux.de\/wp-content\/uploads\/2024\/12\/europass_loehden_24-12-13.jpg 600w, https:\/\/bbsbux.de\/wp-content\/uploads\/2024\/12\/europass_loehden_24-12-13-300x202.jpg 300w\" sizes=\"auto, (max-width: 600px) 100vw, 600px\" \/><\/figure><\/div>\n\n\n\n<div class=\"wp-block-media-text is-stacked-on-mobile\"><figure class=\"wp-block-media-text__media\"><img loading=\"lazy\" decoding=\"async\" width=\"600\" height=\"451\" src=\"https:\/\/bbsbux.de\/wp-content\/uploads\/2024\/12\/europass_kfz_24-12-13.jpg\" alt=\"\" class=\"wp-image-3656 size-full\" srcset=\"https:\/\/bbsbux.de\/wp-content\/uploads\/2024\/12\/europass_kfz_24-12-13.jpg 600w, https:\/\/bbsbux.de\/wp-content\/uploads\/2024\/12\/europass_kfz_24-12-13-300x226.jpg 300w\" sizes=\"auto, (max-width: 600px) 100vw, 600px\" \/><\/figure><div class=\"wp-block-media-text__content\">\n<p><strong>KFZ-Mechatronik in D\u00e4nemark:<\/strong> Die angehenden KFZ-Mechatroniker vertieften ihre Kenntnisse in CAN-Bus-Systemen, Hochvolttechnik und Lambda-Technologie und betonten, wie sehr sie auch als Gruppe zusammengewachsen sind.<\/p>\n<\/div><\/div>\n\n\n\n<h4 class=\"wp-block-heading\"><strong>Auszeichnung von Ausbildungsunternehmen<\/strong><\/h4>\n\n\n\n<p>Ein besonderes Highlight war die Verleihung des Erasmus+ Partnerlabels an die anwesenden Ausbildungsbetriebe. Diese Unternehmen erm\u00f6glichen die Auslandsaufenthalte der Auszubildenden und tragen damit aktiv zur F\u00f6rderung der europ\u00e4ischen Idee bei. Thorsten Heinze betonte die Bedeutung der im Ausland erworbenen Kompetenzen und dankte den Betrieben f\u00fcr ihre Unterst\u00fctzung.<\/p>\n\n\n\n<h4 class=\"wp-block-heading\"><strong>Musikalischer Rahmen und emotionaler Abschluss<\/strong><\/h4>\n\n\n\n<p>F\u00fcr die stimmungsvolle musikalische Begleitung sorgte Helena, die mit Klavierst\u00fccken von Yann Tiersen und Ludovico Einaudi das Publikum verzauberte.<\/p>\n\n\n\n<p>Die Veranstaltung zeigte eindrucksvoll, wie die BBS Buxtehude durch Mobilit\u00e4tsprogramme und Europaarbeit zur Gestaltung eines geeinten Europas beitragen. Ein gro\u00dfer Dank gilt allen Beteiligten \u2013 Lehrkr\u00e4ften, Sch\u00fclerinnen und Sch\u00fclern, Betrieben, dem Organisationsteam, dem B\u00fcroteam, der HHDU24, der Cafeteria, den Hausmeistern und der Technik \u2013, die diesen inspirierenden Nachmittag m\u00f6glich gemacht haben. Gemeinsam wurde ein Zeichen f\u00fcr die St\u00e4rke und den Zusammenhalt Europas gesetzt.<\/p>\n","protected":false},"excerpt":{"rendered":"<p>&#8222;Europa erleben: G\u00e4nsehaut-Momente bei der Verleihung der Europ\u00e4sse Mobilit\u00e4t \u2013 David McAllister betont die Bedeutung der Europaarbeit in Schulen&#8220; Am vergangenen Freitagnachmittag wurde an den &hellip; <\/p>\n","protected":false},"author":1,"featured_media":3647,"parent":0,"menu_order":0,"comment_status":"closed","ping_status":"closed","template":"","meta":{"cybocfi_hide_featured_image":"","footnotes":""},"class_list":["post-3644","page","type-page","status-publish","has-post-thumbnail","hentry"],"_links":{"self":[{"href":"https:\/\/bbsbux.de\/index.php?rest_route=\/wp\/v2\/pages\/3644","targetHints":{"allow":["GET"]}}],"collection":[{"href":"https:\/\/bbsbux.de\/index.php?rest_route=\/wp\/v2\/pages"}],"about":[{"href":"https:\/\/bbsbux.de\/index.php?rest_route=\/wp\/v2\/types\/page"}],"author":[{"embeddable":true,"href":"https:\/\/bbsbux.de\/index.php?rest_route=\/wp\/v2\/users\/1"}],"replies":[{"embeddable":true,"href":"https:\/\/bbsbux.de\/index.php?rest_route=%2Fwp%2Fv2%2Fcomments&post=3644"}],"version-history":[{"count":4,"href":"https:\/\/bbsbux.de\/index.php?rest_route=\/wp\/v2\/pages\/3644\/revisions"}],"predecessor-version":[{"id":3660,"href":"https:\/\/bbsbux.de\/index.php?rest_route=\/wp\/v2\/pages\/3644\/revisions\/3660"}],"wp:featuredmedia":[{"embeddable":true,"href":"https:\/\/bbsbux.de\/index.php?rest_route=\/wp\/v2\/media\/3647"}],"wp:attachment":[{"href":"https:\/\/bbsbux.de\/index.php?rest_route=%2Fwp%2Fv2%2Fmedia&parent=3644"}],"curies":[{"name":"wp","href":"https:\/\/api.w.org\/{rel}","templated":true}]}}