{"id":378,"date":"2020-06-15T13:04:51","date_gmt":"2020-06-15T13:04:51","guid":{"rendered":"https:\/\/bbsbux.de\/?page_id=378"},"modified":"2026-04-16T16:05:38","modified_gmt":"2026-04-16T16:05:38","slug":"einjaehrige-berufsfachschule-hauswirtschaft-und-pflege-schwerpunkt-persoenliche-assistenz","status":"publish","type":"page","link":"https:\/\/bbsbux.de\/?page_id=378","title":{"rendered":"Einj\u00e4hrige Berufsfachschule Hauswirtschaft und Pflege Schwerpunkt Pers\u00f6nliche Assistenz"},"content":{"rendered":"\n<p><strong>Ziele der einj\u00e4hrigen Berufsfachschule Hauswirtschaft und Pflege Schwerpunkt Pers\u00f6nliche Assistenz<\/strong><br>Diese einj\u00e4hrige Berufsfachschule hat die Aufgabe, den Sch\u00fclerinnen und Sch\u00fclern hauswirtschaftliche und pflegerische Grundkenntnisse sowie Qualifikationen zur Aufnahme einer Berufsausbildung zu vermitteln. Sie bereitet weiterhin auf den Besuch der Fachschule Heilerziehungspflege und die Klasse 2 der berufsqualifizierenden Berufsfachschule Sozialassistent \/ Sozialassistentin &#8211; Schwerpunkt Pers\u00f6nliche Assistenz &#8211; vor.<br><br><strong>Voraussetzungen<\/strong><\/p>\n\n\n\n<ul class=\"wp-block-list\">\n<li>Sekundarabschluss I \u2013 Realschulabschluss oder gleichwertiger Bildungsstand<\/li>\n\n\n\n<li>Eine Bescheinigung des Gesundheitsamtes nach \u00a743 des Infektionsschutzgesetzes.<\/li>\n\n\n\n<li>Die Kosten\u00fcbernahme f\u00fcr Materialien, Kopien und sonstige Ausgaben (einmalig 70 \u20ac bis zum 30.08. am Anfang des Schuljahres), Anschaffung bzw. kostenpflichtige Ausleihe der notwendigen B\u00fccher.<\/li>\n<\/ul>\n\n\n\n<p><strong>Unterrichtsf\u00e4cher<\/strong><br><br>Die F\u00e4cher der einj\u00e4hrigen Berufsfachschule Hauswirtschaft und Pflege, Schwerpunkt Pers\u00f6nliche Assistenz, &nbsp;werden in zwei Lernbereiche unterteilt:<br><br><strong>Berufs\u00fcbergreifender Lernbereich<\/strong><\/p>\n\n\n\n<ul class=\"wp-block-list\">\n<li>Deutsch\/Kommunikation<\/li>\n\n\n\n<li>Englisch\/Kommunikation<\/li>\n\n\n\n<li>Politik, Sport und Religion<\/li>\n<\/ul>\n\n\n\n<p>Im Wesentlichen werden die Unterrichtsthemen berufsbezogen vermittelt.<br>Mathematik ist inhaltlicher Bestandteil der Lernfelder.<br><br><strong>Berufsbezogener Lernbereich<\/strong><\/p>\n\n\n\n<ul class=\"wp-block-list\">\n<li>Fachtheorie<br>und<\/li>\n\n\n\n<li>Fachpraxis<\/li>\n<\/ul>\n\n\n\n<p>sind in sogenannten Lernfeldern und \u00fcber Projektthemen fach\u00fcbergreifend aufeinander abgestimmt.<br>Neben der fachpraktischen Grundbildung in den Fachpraxisr\u00e4umen der Schule absolvieren Sie im zweiten Halbjahr eine 160-st\u00fcndige praktische Ausbildung in geeigneten Einrichtungen \/ Betrieben des Berufsfeldes Hauswirtschaft und Pflege. Den <strong><a href=\"https:\/\/bbsbux.de\/wp-content\/uploads\/2026\/04\/2026_2027_Praktikumsvertrag_BFPA.pdf\" target=\"_blank\" rel=\"noreferrer noopener\">Vertragsvordruck<\/a><\/strong> und den <strong><a href=\"https:\/\/bbsbux.de\/wp-content\/uploads\/2026\/03\/Praktikum-160-Std-2026-2027-BFS-_-Hauswirtschaft_Pflege_2HJ.pdf\" target=\"_blank\" rel=\"noreferrer noopener\">Zeitplan<\/a><\/strong> k\u00f6nnen Sie hier herunterladen.<\/p>\n\n\n\n<p><strong>Flyer<\/strong> (in Bearbeitung)<br><br><strong>Abschl\u00fcsse und Berechtigungen<\/strong><\/p>\n\n\n\n<ul class=\"wp-block-list\">\n<li>Mit dem erfolgreichen Besuch der Schule erf\u00fcllen Sie die Eingangsvoraussetzung f\u00fcr die Fachschule Heilerziehungspflege.<\/li>\n\n\n\n<li>Sie erhalten die Berechtigung zur Aufnahme in die Klasse 2 der berufsqualifizierenden Berufsfachschule Sozialassistent \/ Sozialassistentin &#8211; Schwerpunkt Pers\u00f6nliche Assistenz.<\/li>\n\n\n\n<li>Nach dem Besuch der Schule endet die Schulpflicht, soweit keine Ausbildung begonnen wird.<\/li>\n\n\n\n<li>Unter bestimmten Voraussetzungen erhalten Sie den Erweiterten Sekundarabschluss I. Danach k\u00f6nnten Sie an den&nbsp; Berufsbildenden Schulen Buxtehude das Berufliche Gymnasium Gesundheit und Soziales besuchen.<\/li>\n<\/ul>\n\n\n\n<p><strong>Anschlussm\u00f6glichkeiten:<\/strong><\/p>\n\n\n\n<figure class=\"wp-block-image size-large\"><img loading=\"lazy\" decoding=\"async\" width=\"1024\" height=\"576\" src=\"https:\/\/bbsbux.de\/wp-content\/uploads\/2026\/03\/Uebersicht_neue-Struktur_202627-1-1024x576.png\" alt=\"\" class=\"wp-image-4697\" srcset=\"https:\/\/bbsbux.de\/wp-content\/uploads\/2026\/03\/Uebersicht_neue-Struktur_202627-1-1024x576.png 1024w, https:\/\/bbsbux.de\/wp-content\/uploads\/2026\/03\/Uebersicht_neue-Struktur_202627-1-300x169.png 300w, https:\/\/bbsbux.de\/wp-content\/uploads\/2026\/03\/Uebersicht_neue-Struktur_202627-1-768x432.png 768w, https:\/\/bbsbux.de\/wp-content\/uploads\/2026\/03\/Uebersicht_neue-Struktur_202627-1.png 1280w\" sizes=\"auto, (max-width: 1024px) 100vw, 1024px\" \/><\/figure>\n","protected":false},"excerpt":{"rendered":"<p>Ziele der einj\u00e4hrigen Berufsfachschule Hauswirtschaft und Pflege Schwerpunkt Pers\u00f6nliche AssistenzDiese einj\u00e4hrige Berufsfachschule hat die Aufgabe, den Sch\u00fclerinnen und Sch\u00fclern hauswirtschaftliche und pflegerische Grundkenntnisse sowie Qualifikationen &hellip; <\/p>\n","protected":false},"author":1,"featured_media":379,"parent":0,"menu_order":0,"comment_status":"closed","ping_status":"closed","template":"","meta":{"cybocfi_hide_featured_image":"","footnotes":""},"class_list":["post-378","page","type-page","status-publish","has-post-thumbnail","hentry"],"_links":{"self":[{"href":"https:\/\/bbsbux.de\/index.php?rest_route=\/wp\/v2\/pages\/378","targetHints":{"allow":["GET"]}}],"collection":[{"href":"https:\/\/bbsbux.de\/index.php?rest_route=\/wp\/v2\/pages"}],"about":[{"href":"https:\/\/bbsbux.de\/index.php?rest_route=\/wp\/v2\/types\/page"}],"author":[{"embeddable":true,"href":"https:\/\/bbsbux.de\/index.php?rest_route=\/wp\/v2\/users\/1"}],"replies":[{"embeddable":true,"href":"https:\/\/bbsbux.de\/index.php?rest_route=%2Fwp%2Fv2%2Fcomments&post=378"}],"version-history":[{"count":20,"href":"https:\/\/bbsbux.de\/index.php?rest_route=\/wp\/v2\/pages\/378\/revisions"}],"predecessor-version":[{"id":4728,"href":"https:\/\/bbsbux.de\/index.php?rest_route=\/wp\/v2\/pages\/378\/revisions\/4728"}],"wp:featuredmedia":[{"embeddable":true,"href":"https:\/\/bbsbux.de\/index.php?rest_route=\/wp\/v2\/media\/379"}],"wp:attachment":[{"href":"https:\/\/bbsbux.de\/index.php?rest_route=%2Fwp%2Fv2%2Fmedia&parent=378"}],"curies":[{"name":"wp","href":"https:\/\/api.w.org\/{rel}","templated":true}]}}