{"id":3958,"date":"2025-07-01T14:04:19","date_gmt":"2025-07-01T14:04:19","guid":{"rendered":"https:\/\/bbsbux.de\/?page_id=3958"},"modified":"2025-07-01T14:04:19","modified_gmt":"2025-07-01T14:04:19","slug":"schulseelsorgerin-corinna-abt","status":"publish","type":"page","link":"https:\/\/bbsbux.de\/?page_id=3958","title":{"rendered":"Schulseelsorgerin Corinna Abt"},"content":{"rendered":"\n<div class=\"wp-block-media-text is-stacked-on-mobile\" style=\"grid-template-columns:22% auto\"><figure class=\"wp-block-media-text__media\"><img loading=\"lazy\" decoding=\"async\" width=\"336\" height=\"500\" src=\"https:\/\/bbsbux.de\/wp-content\/uploads\/2025\/07\/abt_klein.jpg\" alt=\"Corinna Abt, Schulseelsorgerin\" class=\"wp-image-3959 size-full\" srcset=\"https:\/\/bbsbux.de\/wp-content\/uploads\/2025\/07\/abt_klein.jpg 336w, https:\/\/bbsbux.de\/wp-content\/uploads\/2025\/07\/abt_klein-202x300.jpg 202w\" sizes=\"auto, (max-width: 336px) 100vw, 336px\" \/><\/figure><div class=\"wp-block-media-text__content\">\n<p>Mein Name ist Corinna Abt und ich m\u00f6chte euch als Schulseelsorgerin ein St\u00fcck eures Weges begleiten und euch zuh\u00f6ren, denn manchmal ist es genau das, was es braucht. Eine Vertrauensperson, die zuh\u00f6rt, ohne zu bewerten.<br><br>Aus eigener Erfahrung wei\u00df ich, dass das Leben manchmal ganz anders l\u00e4uft, als geplant und dennoch &#8211; oder gerade aus dieser Erfahrung heraus &#8211; habe ich den tiefen Glauben und das Vertrauen, dass jede:r von uns seinen Weg finden und gehen wird. Manchmal braucht es dazu eine Wegbegleitung, um wieder Mut und Kraft zu finden und genau darin sehe ich meine Aufgabe.<\/p>\n<\/div><\/div>\n\n\n\n<p>Ich h\u00f6re vorbehaltlos zu und berate nach dem systemischen Ansatz bei Schwierigkeiten, Sorgen oder Probleme, wie z.B.<\/p>\n\n\n\n<ul class=\"wp-block-list\">\n<li>Schwierigkeiten zu Hause<\/li>\n\n\n\n<li>Trauer um einen verlorenen Menschen<\/li>\n\n\n\n<li>Probleme in der Schule<\/li>\n\n\n\n<li>Schwangerschaft und Schwangerschaftsabbruch<\/li>\n\n\n\n<li>Mobbing<\/li>\n\n\n\n<li>Psychische Probleme<\/li>\n\n\n\n<li>Sorge um eine Freundin oder einen Freund<\/li>\n\n\n\n<li>dem Gef\u00fchl, keinen Sinn mehr in allem zu sehen<\/li>\n<\/ul>\n\n\n\n<p>Es kommt dabei nicht darauf an, dass ihr gl\u00e4ubig seid oder einer Kirche angeh\u00f6rt, auch nicht, ob ihr nur einen kurzen Rat \u201ezwischen T\u00fcr und Angel\u201c sucht oder auch mal l\u00e4nger mit mir sprechen m\u00f6chtet. Egal, aus welcher Klasse ihr kommt, ob ihr Kolleg:in seid, Eltern oder jemand aus der Schulgemeinschaft. Ihr seid herzlich willkommen!<\/p>\n\n\n\n<p>Hin und wieder biete ich auch bestimmte Angebote an, wie Pausenangebote, Workshops oder Gespr\u00e4chskreise mit mehreren Personen. Meldet euch, wenn ihr an einem bestimmten Thema Interesse habt, vielleicht kann ich es f\u00fcr euch umsetzen!<\/p>\n\n\n\n<figure class=\"wp-block-table\"><table class=\"has-fixed-layout\"><tbody><tr><td><strong>Sprechzeiten<\/strong><\/td><td>&nbsp;<\/td><\/tr><tr><td>Dienstag<\/td><td>08:45 \u2013 09:30 Uhr<\/td><\/tr><tr><td>Donnerstag<\/td><td>09:50 \u2013 11:20 Uhr<\/td><\/tr><tr><td>und nach Vereinbarung<\/td><td>&nbsp;<\/td><\/tr><tr><td>B\u00fcro<\/td><td>Raum 122 (Beratungsraum)<\/td><\/tr><tr><td>Kontakt<\/td><td>abt.c@bbs-buxtehude.de<\/td><\/tr><\/tbody><\/table><\/figure>\n\n\n\n<p><br><strong><u>Alle Gespr\u00e4che werden vertraulich behandelt. Ich unterliege durch das Seelsorgeheimnisgesetz (SeelGG) der Schweigepflicht.<\/u><\/strong><\/p>\n","protected":false},"excerpt":{"rendered":"<p>Mein Name ist Corinna Abt und ich m\u00f6chte euch als Schulseelsorgerin ein St\u00fcck eures Weges begleiten und euch zuh\u00f6ren, denn manchmal ist es genau das, &hellip; <\/p>\n","protected":false},"author":1,"featured_media":0,"parent":0,"menu_order":0,"comment_status":"closed","ping_status":"closed","template":"","meta":{"cybocfi_hide_featured_image":"","footnotes":""},"class_list":["post-3958","page","type-page","status-publish","hentry"],"_links":{"self":[{"href":"https:\/\/bbsbux.de\/index.php?rest_route=\/wp\/v2\/pages\/3958","targetHints":{"allow":["GET"]}}],"collection":[{"href":"https:\/\/bbsbux.de\/index.php?rest_route=\/wp\/v2\/pages"}],"about":[{"href":"https:\/\/bbsbux.de\/index.php?rest_route=\/wp\/v2\/types\/page"}],"author":[{"embeddable":true,"href":"https:\/\/bbsbux.de\/index.php?rest_route=\/wp\/v2\/users\/1"}],"replies":[{"embeddable":true,"href":"https:\/\/bbsbux.de\/index.php?rest_route=%2Fwp%2Fv2%2Fcomments&post=3958"}],"version-history":[{"count":1,"href":"https:\/\/bbsbux.de\/index.php?rest_route=\/wp\/v2\/pages\/3958\/revisions"}],"predecessor-version":[{"id":3960,"href":"https:\/\/bbsbux.de\/index.php?rest_route=\/wp\/v2\/pages\/3958\/revisions\/3960"}],"wp:attachment":[{"href":"https:\/\/bbsbux.de\/index.php?rest_route=%2Fwp%2Fv2%2Fmedia&parent=3958"}],"curies":[{"name":"wp","href":"https:\/\/api.w.org\/{rel}","templated":true}]}}