{"id":400,"date":"2020-06-23T13:06:59","date_gmt":"2020-06-23T13:06:59","guid":{"rendered":"https:\/\/bbsbux.de\/?page_id=400"},"modified":"2026-04-16T16:06:49","modified_gmt":"2026-04-16T16:06:49","slug":"einjaehrige-berufsfachschule-wirtschaft-schwerpunkt-einzelhandel","status":"publish","type":"page","link":"https:\/\/bbsbux.de\/?page_id=400","title":{"rendered":"Einj\u00e4hrige Berufsfachschule Wirtschaft f\u00fcr Hauptsch\u00fclerinnen und Hauptsch\u00fcler"},"content":{"rendered":"\n<figure class=\"wp-block-audio\"><audio controls src=\"https:\/\/bbsbux.de\/wp-content\/uploads\/2021\/01\/BFWE-A_Podcast_MP3_Teil1.mp3\"><\/audio><\/figure>\n\n\n\n<figure class=\"wp-block-image size-large\"><img loading=\"lazy\" decoding=\"async\" width=\"1000\" height=\"296\" src=\"https:\/\/bbsbux.de\/wp-content\/uploads\/2021\/01\/BFWE_2020-01-23.jpg\" alt=\"\" class=\"wp-image-867\" srcset=\"https:\/\/bbsbux.de\/wp-content\/uploads\/2021\/01\/BFWE_2020-01-23.jpg 1000w, https:\/\/bbsbux.de\/wp-content\/uploads\/2021\/01\/BFWE_2020-01-23-300x89.jpg 300w, https:\/\/bbsbux.de\/wp-content\/uploads\/2021\/01\/BFWE_2020-01-23-768x227.jpg 768w\" sizes=\"auto, (max-width: 1000px) 100vw, 1000px\" \/><\/figure>\n\n\n\n<p><strong>Zielsetzung <\/strong><br>Die Einj\u00e4hrige Berufsfachschule Wirtschaft, Schwerpunkt Einzelhandel hat die Aufgabe die Kompetenzen des ersten Ausbildungsjahres des Ausbildungsberufes Kauffrau\/Kaufmann im Einzelhandel sowie eine berufliche Grundbildung zu vermitteln. Es werden Einsichten in wirtschaftliche und rechtliche Zusammenh\u00e4nge vermittelt. Gleichzeitig wird das Allgemeinwissen vertieft.<br><br><strong>Berufsfeldbezogene Lernfelder sind:<\/strong><\/p>\n\n\n\n<ul class=\"wp-block-list\">\n<li>Die eigene Rolle im Betrieb mitgestalten und den Betrieb pr\u00e4sentieren<\/li>\n\n\n\n<li>Sachg\u00fcter und Dienstleistungen beschaffen und Vertr\u00e4ge schlie\u00dfen<\/li>\n\n\n\n<li>Auftr\u00e4ge bearbeiten<\/li>\n\n\n\n<li>Wirtschaftsmathematik<\/li>\n\n\n\n<li>Wertestr\u00f6me erfassen (Rechnungswesen \/ Controlling)<\/li>\n\n\n\n<li>Im Modellunternehmen gesch\u00e4ftsprozessorientiert arbeiten<\/li>\n\n\n\n<li>Warenverkaufskunde<\/li>\n\n\n\n<li>Lern- und Arbeitsprozesse erfahren und reflektieren.<\/li>\n<\/ul>\n\n\n\n<p><strong>Berufsfeld\u00fcbergreifende F\u00e4cher:<\/strong><\/p>\n\n\n\n<ul class=\"wp-block-list\">\n<li>Deutsch\/Kommunikation<\/li>\n\n\n\n<li>Englisch\/Kommunikation<\/li>\n\n\n\n<li>Politik<\/li>\n\n\n\n<li>Sport<\/li>\n\n\n\n<li>Religion<\/li>\n<\/ul>\n\n\n\n<p><strong>Voraussetzungen<\/strong><br>Aufnahmevoraussetzung ist ein guter Hauptschulabschluss oder der Sekundarabschluss I &#8211; Hauptschulabschluss. Die Sch\u00fclerinnen und Sch\u00fcler erhalten vor dem Beginn des Schuljahres eine Zusage f\u00fcr die Einj\u00e4hrige Berufsfachschule dual. <br><br><strong>Praktikum<\/strong><br>Die Sch\u00fclerinnen und Sch\u00fcler sollen eine praktische Ausbildung in Unternehmen oder Verwaltungen absolvieren.<br>Das Praktikum wird \u00fcber eine Gesamtdauer von 160 Zeitstunden vereinbart. Die t\u00e4gliche Arbeitszeit betr\u00e4gt ca. 8 Stunden.<\/p>\n\n\n\n<p>Das Praktikum besteht aus<br>(1) einer Kompaktwoche zu Beginn des zweiten Halbjahres und<br>(2) einem Tag pro Woche (Montag) bis kurz vor den Sommerferien.<\/p>\n\n\n\n<p><strong>Downloads:<\/strong><br><strong><a href=\"https:\/\/bbsbux.de\/wp-content\/uploads\/2026\/03\/Praktikum-160-Std-2026-2027-BFS-_-Wirtschaft2HJ.pdf\" target=\"_blank\" rel=\"noreferrer noopener\">Praktikumszeitplan<\/a><\/strong><br><strong><a href=\"https:\/\/bbsbux.de\/wp-content\/uploads\/2026\/03\/2026_2027_Praktikumsvertrag_BFW.pdf\" target=\"_blank\" rel=\"noreferrer noopener\">Praktikumsvertrag<\/a><\/strong><br><strong><a href=\"https:\/\/bbsbux.de\/wp-content\/uploads\/2026\/03\/BFW.pdf\" target=\"_blank\" rel=\"noreferrer noopener\">Flyer<\/a><\/strong><br><br><strong>Abschl\u00fcsse und Berechtigungen:<\/strong><br>Der erfolgreiche Abschluss der einj\u00e4hrigen Berufsfachschule kann zu einer <strong>freiwilligen<\/strong> Anrechnung auf die Dauer der Berufsausbildung im Schwerpunktbereich berechtigen. Bei einem Notendurchschnitt von 3,0 oder besser kann der \u00dcbergang zur Klasse 2 der Berufsfachschule Wirtschaft erfolgen.<\/p>\n\n\n\n<p><strong>Anschlussm\u00f6glichkeiten:<\/strong><\/p>\n\n\n\n<figure class=\"wp-block-image size-large\"><img loading=\"lazy\" decoding=\"async\" width=\"1024\" height=\"576\" src=\"https:\/\/bbsbux.de\/wp-content\/uploads\/2026\/03\/Uebersicht_neue-Struktur_202627-1-1024x576.png\" alt=\"\" class=\"wp-image-4697\" srcset=\"https:\/\/bbsbux.de\/wp-content\/uploads\/2026\/03\/Uebersicht_neue-Struktur_202627-1-1024x576.png 1024w, https:\/\/bbsbux.de\/wp-content\/uploads\/2026\/03\/Uebersicht_neue-Struktur_202627-1-300x169.png 300w, https:\/\/bbsbux.de\/wp-content\/uploads\/2026\/03\/Uebersicht_neue-Struktur_202627-1-768x432.png 768w, https:\/\/bbsbux.de\/wp-content\/uploads\/2026\/03\/Uebersicht_neue-Struktur_202627-1.png 1280w\" sizes=\"auto, (max-width: 1024px) 100vw, 1024px\" \/><\/figure>\n","protected":false},"excerpt":{"rendered":"<p>Zielsetzung Die Einj\u00e4hrige Berufsfachschule Wirtschaft, Schwerpunkt Einzelhandel hat die Aufgabe die Kompetenzen des ersten Ausbildungsjahres des Ausbildungsberufes Kauffrau\/Kaufmann im Einzelhandel sowie eine berufliche Grundbildung zu &hellip; <\/p>\n","protected":false},"author":1,"featured_media":0,"parent":0,"menu_order":0,"comment_status":"closed","ping_status":"closed","template":"","meta":{"cybocfi_hide_featured_image":"","footnotes":""},"class_list":["post-400","page","type-page","status-publish","hentry"],"_links":{"self":[{"href":"https:\/\/bbsbux.de\/index.php?rest_route=\/wp\/v2\/pages\/400","targetHints":{"allow":["GET"]}}],"collection":[{"href":"https:\/\/bbsbux.de\/index.php?rest_route=\/wp\/v2\/pages"}],"about":[{"href":"https:\/\/bbsbux.de\/index.php?rest_route=\/wp\/v2\/types\/page"}],"author":[{"embeddable":true,"href":"https:\/\/bbsbux.de\/index.php?rest_route=\/wp\/v2\/users\/1"}],"replies":[{"embeddable":true,"href":"https:\/\/bbsbux.de\/index.php?rest_route=%2Fwp%2Fv2%2Fcomments&post=400"}],"version-history":[{"count":24,"href":"https:\/\/bbsbux.de\/index.php?rest_route=\/wp\/v2\/pages\/400\/revisions"}],"predecessor-version":[{"id":4730,"href":"https:\/\/bbsbux.de\/index.php?rest_route=\/wp\/v2\/pages\/400\/revisions\/4730"}],"wp:attachment":[{"href":"https:\/\/bbsbux.de\/index.php?rest_route=%2Fwp%2Fv2%2Fmedia&parent=400"}],"curies":[{"name":"wp","href":"https:\/\/api.w.org\/{rel}","templated":true}]}}