{"id":4044,"date":"2025-07-30T07:53:37","date_gmt":"2025-07-30T07:53:37","guid":{"rendered":"https:\/\/bbsbux.de\/?page_id=4044"},"modified":"2026-01-23T11:51:38","modified_gmt":"2026-01-23T11:51:38","slug":"bfs-dual-profil-wirtschaft","status":"publish","type":"page","link":"https:\/\/bbsbux.de\/?page_id=4044","title":{"rendered":"Berufsfachschule dual B\/F &#8211; Profil Wirtschaft (2025\/26)"},"content":{"rendered":"\n<p><strong>Weitere Unterlagen zum Praktikum f\u00fcr das Profil Wirtschaft &#8230;<\/strong><br><br> <strong> f\u00fcr Unternehmen: <\/strong><br> <strong>&#8211; <a href=\"https:\/\/bbsbux.de\/wp-content\/uploads\/2025\/09\/BFSdual_Praktikum_Hinweise-Unternehmen_20250908.pdf\" target=\"_blank\" rel=\"noreferrer noopener\">Informationen f\u00fcr die Unternehmen<\/a><br> &#8211; <a href=\"https:\/\/bbsbux.de\/wp-content\/uploads\/2025\/07\/BFSdual_Praktikum_Bestaetigung-des-Unternehmens_Wirtschaft.pdf\" target=\"_blank\" rel=\"noreferrer noopener\">Best\u00e4tigung durch die Unternehmen<\/a><br> &#8211; <a href=\"https:\/\/bbsbux.de\/wp-content\/uploads\/2025\/07\/BFSdual_Praktikum_Beurteilung-durch-Anleiter_Wirtschaft.pdf\" target=\"_blank\" rel=\"noreferrer noopener\">Beurteilung durch die Unternehmen<\/a><\/strong><br><br> <strong>f\u00fcr Sorgeberechtigte\/Sch\u00fclerinnen und Sch\u00fcler: <\/strong><br> <strong>&#8211; <a href=\"https:\/\/bbsbux.de\/wp-content\/uploads\/2025\/07\/BFSdual_Praktikum_Hinweise-Eltern_Wirtschaft.pdf\" target=\"_blank\" rel=\"noreferrer noopener\">Informationen an die Sorgeberechtigten\u00a0<\/a><br> &#8211; <a href=\"https:\/\/bbsbux.de\/wp-content\/uploads\/2025\/07\/Abgabe-des-Praktikumsberichts-Hinweise_Wirtschaft.pdf\" target=\"_blank\" rel=\"noreferrer noopener\">Hinweise zur Abgabe der Monatsberichte<\/a><br> &#8211; <a href=\"https:\/\/bbsbux.de\/wp-content\/uploads\/2025\/07\/BFSdual_Praktikum_Hinweise-Praktikumsmappe-SuS_Wirtschaft.pdf\" target=\"_blank\" rel=\"noreferrer noopener\">Hinweise zur Erstellung der Praktikumsmappe<\/a><\/strong><\/p>\n\n\n\n<p><\/p>\n","protected":false},"excerpt":{"rendered":"<p>Weitere Unterlagen zum Praktikum f\u00fcr das Profil Wirtschaft &#8230; f\u00fcr Unternehmen: &#8211; Informationen f\u00fcr die Unternehmen &#8211; Best\u00e4tigung durch die Unternehmen &#8211; Beurteilung durch die &hellip; <\/p>\n","protected":false},"author":8,"featured_media":4050,"parent":0,"menu_order":0,"comment_status":"closed","ping_status":"closed","template":"","meta":{"cybocfi_hide_featured_image":"","footnotes":""},"class_list":["post-4044","page","type-page","status-publish","has-post-thumbnail","hentry"],"_links":{"self":[{"href":"https:\/\/bbsbux.de\/index.php?rest_route=\/wp\/v2\/pages\/4044","targetHints":{"allow":["GET"]}}],"collection":[{"href":"https:\/\/bbsbux.de\/index.php?rest_route=\/wp\/v2\/pages"}],"about":[{"href":"https:\/\/bbsbux.de\/index.php?rest_route=\/wp\/v2\/types\/page"}],"author":[{"embeddable":true,"href":"https:\/\/bbsbux.de\/index.php?rest_route=\/wp\/v2\/users\/8"}],"replies":[{"embeddable":true,"href":"https:\/\/bbsbux.de\/index.php?rest_route=%2Fwp%2Fv2%2Fcomments&post=4044"}],"version-history":[{"count":9,"href":"https:\/\/bbsbux.de\/index.php?rest_route=\/wp\/v2\/pages\/4044\/revisions"}],"predecessor-version":[{"id":4457,"href":"https:\/\/bbsbux.de\/index.php?rest_route=\/wp\/v2\/pages\/4044\/revisions\/4457"}],"wp:featuredmedia":[{"embeddable":true,"href":"https:\/\/bbsbux.de\/index.php?rest_route=\/wp\/v2\/media\/4050"}],"wp:attachment":[{"href":"https:\/\/bbsbux.de\/index.php?rest_route=%2Fwp%2Fv2%2Fmedia&parent=4044"}],"curies":[{"name":"wp","href":"https:\/\/api.w.org\/{rel}","templated":true}]}}