{"id":417,"date":"2020-06-23T13:26:42","date_gmt":"2020-06-23T13:26:42","guid":{"rendered":"https:\/\/bbsbux.de\/?page_id=417"},"modified":"2020-12-18T09:26:56","modified_gmt":"2020-12-18T09:26:56","slug":"zweijaehrige-berufsfachschule-wirtschaft-ernaehrung-kl-2","status":"publish","type":"page","link":"https:\/\/bbsbux.de\/?page_id=417","title":{"rendered":"Zweij\u00e4hrige Berufsfachschule Wirtschaft \/ Ern\u00e4hrung Klasse 2"},"content":{"rendered":"\n<p><strong>Zielsetzung<\/strong><br>In der zweij\u00e4hrigen Berufsfachschule \u2013 Wirtschaft oder Ern\u00e4hrung Klasse 2 wird den Sch\u00fclerinnen und Sch\u00fclern eine vertiefte Allgemeinbildung und eine wirtschaftliche Grundbildung f\u00fcr verschiedene kaufm\u00e4nnische Berufe vermittelt. Bei Bedarf wird diese Schulform auch mit einem hauswirtschaftlichem Schwerpunkt angeboten.<\/p>\n\n\n\n<p><strong>Ablauf<\/strong><br>Die Dauer des Bildungsganges betr\u00e4gt ein Jahr. Die Voraussetzung f\u00fcr die Aufnahme in diese Schulform ist der Abschluss der einj\u00e4hrigen Berufsfachschule mit einem Notendurchschnitt von 3,0 oder besser.<br>Am Ende des Bildungsganges wird eine schriftliche Abschlusspr\u00fcfung in zwei F\u00e4chern durchgef\u00fchrt. Pr\u00fcfungsf\u00e4cher sind Deutsch\/Kommunikation oder Englisch\/Kommunikation und ein fachrichtungsbezogenes Fach, z.B. Konsum aus privater und betrieblicher Perspektive erkl\u00e4ren oder Wertestr\u00f6me dokumentieren und auswerten. Wenn die Sch\u00fclerinnen und Sch\u00fcler die Abschlusspr\u00fcfung bestehen, erhalten sie den Sekundarabschluss I &#8211; Realschulabschluss.<br>Der Erweiterte Sekundarabschluss I (Realschulabschluss) ist erreicht, wenn im Abschlusszeugnis ein Notendurchschnitt von 3,0 und in den F\u00e4chern Deutsch, Englisch sowie einem fachrichtungsbezogenen Fach ebenfalls befriedigende Leistungen erbracht wurden. Der Erweiterte Sekundarabschluss I ist die Voraussetzung f\u00fcr den Besuch des Gymnasiums, z. B. des Beruflichen Gymnasiums.<\/p>\n\n\n\n<p>Der Berufs\u00fcbergreifende Lernbereich wird mit 16 Unterrichtsstunden mit den F\u00e4chern Deutsch\/Kommunikation, Fremdsprache\/Kommunikation, Politik, Sport, Religion und Mathematik erteilt. <br>Der Berufsbezogene Lernbereich \u2013 Theorie wird mit 10 Unterrichtsstunden erteilt.&nbsp; Der Unterricht ist so organisiert, dass w\u00e4hrend des Bildungsganges zus\u00e4tzlich ein Praktikum in Betrieben und Einrichtungen der Wirtschaft (bzw. Hauswirtschaft) im Zeitumfang von einem Tag pro Woche durchgef\u00fchrt werden kann.<\/p>\n\n\n\n<p><strong>Praktikum<\/strong><br>Einen Tag pro Woche kann ein unbetreutes Praktikum durchgef\u00fchrt werden. Der Wochentag f\u00fcr das kommende Schuljahr ist der Freitag. Die Sch\u00fclerinnen und Sch\u00fcler m\u00fcssen sich selbstst\u00e4ndig einen Praktikumsplatz suchen.<\/p>\n","protected":false},"excerpt":{"rendered":"<p>ZielsetzungIn der zweij\u00e4hrigen Berufsfachschule \u2013 Wirtschaft oder Ern\u00e4hrung Klasse 2 wird den Sch\u00fclerinnen und Sch\u00fclern eine vertiefte Allgemeinbildung und eine wirtschaftliche Grundbildung f\u00fcr verschiedene kaufm\u00e4nnische &hellip; <\/p>\n","protected":false},"author":1,"featured_media":0,"parent":0,"menu_order":0,"comment_status":"closed","ping_status":"closed","template":"","meta":{"cybocfi_hide_featured_image":"","footnotes":""},"class_list":["post-417","page","type-page","status-publish","hentry"],"_links":{"self":[{"href":"https:\/\/bbsbux.de\/index.php?rest_route=\/wp\/v2\/pages\/417","targetHints":{"allow":["GET"]}}],"collection":[{"href":"https:\/\/bbsbux.de\/index.php?rest_route=\/wp\/v2\/pages"}],"about":[{"href":"https:\/\/bbsbux.de\/index.php?rest_route=\/wp\/v2\/types\/page"}],"author":[{"embeddable":true,"href":"https:\/\/bbsbux.de\/index.php?rest_route=\/wp\/v2\/users\/1"}],"replies":[{"embeddable":true,"href":"https:\/\/bbsbux.de\/index.php?rest_route=%2Fwp%2Fv2%2Fcomments&post=417"}],"version-history":[{"count":5,"href":"https:\/\/bbsbux.de\/index.php?rest_route=\/wp\/v2\/pages\/417\/revisions"}],"predecessor-version":[{"id":592,"href":"https:\/\/bbsbux.de\/index.php?rest_route=\/wp\/v2\/pages\/417\/revisions\/592"}],"wp:attachment":[{"href":"https:\/\/bbsbux.de\/index.php?rest_route=%2Fwp%2Fv2%2Fmedia&parent=417"}],"curies":[{"name":"wp","href":"https:\/\/api.w.org\/{rel}","templated":true}]}}