{"id":4419,"date":"2026-01-20T14:22:33","date_gmt":"2026-01-20T14:22:33","guid":{"rendered":"https:\/\/bbsbux.de\/?page_id=4419"},"modified":"2026-01-21T14:33:06","modified_gmt":"2026-01-21T14:33:06","slug":"kaufmaennische-assistentinnen-und-assistenten-schwerpunkt-informationsverarbeitung","status":"publish","type":"page","link":"https:\/\/bbsbux.de\/?page_id=4419","title":{"rendered":"Kaufm\u00e4nnische Assistentinnen und Assistenten \u2013 Schwerpunkt Informationsverarbeitung \u2013"},"content":{"rendered":"\n<h2 class=\"wp-block-heading\">Sie haben Interesse an Informationsverarbeitung und m\u00f6chten gleichzeitig eine kaufm\u00e4nnische Berufsausbildung absolvieren?<\/h2>\n\n\n\n<p>Dann ist diese Schulform vielleicht das Richtige.<\/p>\n\n\n\n<p>Sie erlangen solide zukunftsorientierte Kenntnisse im Bereich Informatik kombiniert mit wirtschaftlichem Hintergrundwissen und vertiefen ihre Allgemeinbildung.<\/p>\n\n\n\n<p>Bei dieser Schulform handelt es sich um eine zweij\u00e4hrige schulische Berufsausbildung.<\/p>\n\n\n\n<p>Das bedeutet, dass Sie bei erfolgreichem Abschluss dieser Schulform die Berufsbezeichnung \u201eStaatlich gepr\u00fcfte Assistentin\/Staatlich gepr\u00fcfter Assistent \u2013 Schwerpunkt Informationsverarbeitung\u201c tragen d\u00fcrfen. Dar\u00fcber hinaus erwerben Sie den Erweiterten Sekundarabschluss I.<\/p>\n\n\n\n<h1 class=\"wp-block-heading\">Dauer des Schulbesuchs<\/h1>\n\n\n\n<p>2 Jahre<\/p>\n\n\n\n<h1 class=\"wp-block-heading\">Inhalte Informationsverarbeitung<\/h1>\n\n\n\n<p>Programmierung, einfache und vernetzte IT-Systeme, Gestaltung von statischen und dynamischen Webseiten sowie Entwicklung und Anwendung von Datenbanken.<br>Ebenso werden Qualifikationen in der Bearbeitung unterschiedlichster Dokumente (Textverarbeitung, Tabellenkalkulation, Pr\u00e4sentation) vertieft.<\/p>\n\n\n\n<h1 class=\"wp-block-heading\">Inhalte Betriebswirtschaft<\/h1>\n\n\n\n<p>Im Bereich Wirtschaft besch\u00e4ftigen Sie sich mit der Beschaffung, Verwaltung und dem Absatz von G\u00fctern, dem kaufm\u00e4nnischen Rechnungswesen, Kosten- und Leistungsrechnung, Investitionsrechnung und dem Personalwesen.<\/p>\n\n\n\n<h1 class=\"wp-block-heading\">Inhalte im berufs\u00fcbergreifenden Bereich<\/h1>\n\n\n\n<p>Im berufs\u00fcbergreifenden Bereich werden die F\u00e4cher Deutsch, Englisch, Politik, Sport, Mathematik und Religion unterrichtet.<\/p>\n\n\n\n<h1 class=\"wp-block-heading\">Praktikum<\/h1>\n\n\n\n<p>Zum Erreichen des Abschlusses in dieser Schulform ist es notwendig, dass Sie w\u00e4hrend der Ausbildungszeit ein vierw\u00f6chiges berufsbezogenes Praktikum absolvieren.<\/p>\n\n\n\n<h1 class=\"wp-block-heading\">Abschlusspr\u00fcfungen<\/h1>\n\n\n\n<p>Weiterhin finden am Ende der Ausbildung schriftliche Pr\u00fcfungen in den Lernbereichen Wirtschaft und Informationsverarbeitung statt. Erg\u00e4nzend flie\u00dft eine, eigenst\u00e4ndig durch Sie zu gestaltende, Projektarbeit in das Abschlussergebnis ein.<\/p>\n\n\n\n<h1 class=\"wp-block-heading\">Abschl\u00fcsse<\/h1>\n\n\n\n<ul class=\"wp-block-list\">\n<li>\u201eStaatlich gepr\u00fcfte Assistentin\/Staatlich gepr\u00fcfter Assistent \u2013 Schwerpunkt Informationsverarbeitung\u201c.<\/li>\n\n\n\n<li>Erweiterter Sekundarabschluss I &#8211; Realschulabschluss<\/li>\n\n\n\n<li>evtl. den schulischen Teil der Fachhochschulreife<\/li>\n<\/ul>\n\n\n\n<h1 class=\"wp-block-heading\">Weitere M\u00f6glichkeiten<\/h1>\n\n\n\n<p>Bei erfolgreichem Besuch des in dieser Schulform kann evtl. der schulische Teil der Fachhochschulreife erworben.<\/p>\n\n\n\n<h1 class=\"wp-block-heading\">Geeignet f\u00fcr<\/h1>\n\n\n\n<p>F\u00fcr Sch\u00fclerinnen und Sch\u00fcler mit &#8230;<\/p>\n\n\n\n<ul class=\"wp-block-list\">\n<li>Sekundarabschluss I \u2013 Realschulabschluss<\/li>\n\n\n\n<li>Interesse an Informatik<\/li>\n\n\n\n<li>Interesse an Wirtschaft<\/li>\n<\/ul>\n\n\n\n<p><\/p>\n","protected":false},"excerpt":{"rendered":"<p>Sie haben Interesse an Informationsverarbeitung und m\u00f6chten gleichzeitig eine kaufm\u00e4nnische Berufsausbildung absolvieren? Dann ist diese Schulform vielleicht das Richtige. Sie erlangen solide zukunftsorientierte Kenntnisse im &hellip; <\/p>\n","protected":false},"author":1,"featured_media":4421,"parent":0,"menu_order":0,"comment_status":"closed","ping_status":"closed","template":"","meta":{"cybocfi_hide_featured_image":"","footnotes":""},"class_list":["post-4419","page","type-page","status-publish","has-post-thumbnail","hentry"],"_links":{"self":[{"href":"https:\/\/bbsbux.de\/index.php?rest_route=\/wp\/v2\/pages\/4419","targetHints":{"allow":["GET"]}}],"collection":[{"href":"https:\/\/bbsbux.de\/index.php?rest_route=\/wp\/v2\/pages"}],"about":[{"href":"https:\/\/bbsbux.de\/index.php?rest_route=\/wp\/v2\/types\/page"}],"author":[{"embeddable":true,"href":"https:\/\/bbsbux.de\/index.php?rest_route=\/wp\/v2\/users\/1"}],"replies":[{"embeddable":true,"href":"https:\/\/bbsbux.de\/index.php?rest_route=%2Fwp%2Fv2%2Fcomments&post=4419"}],"version-history":[{"count":4,"href":"https:\/\/bbsbux.de\/index.php?rest_route=\/wp\/v2\/pages\/4419\/revisions"}],"predecessor-version":[{"id":4430,"href":"https:\/\/bbsbux.de\/index.php?rest_route=\/wp\/v2\/pages\/4419\/revisions\/4430"}],"wp:featuredmedia":[{"embeddable":true,"href":"https:\/\/bbsbux.de\/index.php?rest_route=\/wp\/v2\/media\/4421"}],"wp:attachment":[{"href":"https:\/\/bbsbux.de\/index.php?rest_route=%2Fwp%2Fv2%2Fmedia&parent=4419"}],"curies":[{"name":"wp","href":"https:\/\/api.w.org\/{rel}","templated":true}]}}