{"id":502,"date":"2020-10-14T19:33:32","date_gmt":"2020-10-14T19:33:32","guid":{"rendered":"https:\/\/bbsbux.de\/?page_id=502"},"modified":"2026-01-29T14:37:50","modified_gmt":"2026-01-29T14:37:50","slug":"termine-und-infos","status":"publish","type":"page","link":"https:\/\/bbsbux.de\/?page_id=502","title":{"rendered":"Links | Termine | Infos"},"content":{"rendered":"\n<p><strong><a href=\"https:\/\/e-forms.niedersachsen.de\/formulare\/landeseinheitliche_formulare_uebersicht\/\" target=\"_blank\" rel=\"noreferrer noopener\">Formulare<\/a> <\/strong>f\u00fcr den Dienstbetrieb<\/p>\n\n\n\n<p><strong><a href=\"https:\/\/www.yumpu.com\/de\/embed\/view\/sIB6gFrklQwbcPhT\" target=\"_blank\" rel=\"noreferrer noopener\">B\u00fcrger\/innen-Info <\/a><\/strong>f\u00fcr den Landkreis Stade<\/p>\n\n\n\n<p><strong><a href=\"https:\/\/moodle.bbsbux.bbslkstd.de:4444\/login\/index.php\">Moodle-Server<\/a><\/strong><\/p>\n\n\n\n<p><a rel=\"noreferrer noopener\" href=\"https:\/\/kfz-stade.electude.eu\/\" target=\"_blank\"><strong>Kfz-Lernplattform<\/strong><\/a> electude<\/p>\n\n\n\n<p><a href=\"http:\/\/merlin.nibis.de\/\"><strong>merlin<\/strong><\/a> Nieders\u00e4chsische Medienplattform<\/p>\n\n\n\n<p><a href=\"https:\/\/ticket.bbslkstd.de\/otobo\/customer.pl\" target=\"_blank\" rel=\"noreferrer noopener\"><strong>Ticketsystem<\/strong><\/a> f\u00fcr Fehlermeldungen an Hausmeister, Schulassistent und EDV-Administration<\/p>\n\n\n\n<p><a href=\"https:\/\/cloud.bbsbux.bbslkstd.de:4443\/\" target=\"_blank\" rel=\"noreferrer noopener\"><strong>Cloud-Server<\/strong><\/a><\/p>\n\n\n\n<figure class=\"wp-block-image size-large is-resized\"><a href=\"https:\/\/www.schueleranmeldung.de\" target=\"_blank\" rel=\"noopener\"><img loading=\"lazy\" decoding=\"async\" width=\"775\" height=\"248\" src=\"https:\/\/bbsbux.de\/wp-content\/uploads\/2021\/01\/schueleronline.png\" alt=\"\" class=\"wp-image-723\" srcset=\"https:\/\/bbsbux.de\/wp-content\/uploads\/2021\/01\/schueleronline.png 775w, https:\/\/bbsbux.de\/wp-content\/uploads\/2021\/01\/schueleronline-300x96.png 300w, https:\/\/bbsbux.de\/wp-content\/uploads\/2021\/01\/schueleronline-768x246.png 768w\" sizes=\"auto, (max-width: 775px) 100vw, 775px\" \/><\/a><figcaption class=\"wp-element-caption\">Online-Anmeldesystem im Landkreis Stade<\/figcaption><\/figure>\n\n\n\n<p><\/p>\n","protected":false},"excerpt":{"rendered":"<p>Formulare f\u00fcr den Dienstbetrieb B\u00fcrger\/innen-Info f\u00fcr den Landkreis Stade Moodle-Server Kfz-Lernplattform electude merlin Nieders\u00e4chsische Medienplattform Ticketsystem f\u00fcr Fehlermeldungen an Hausmeister, Schulassistent und EDV-Administration Cloud-Server<\/p>\n","protected":false},"author":1,"featured_media":0,"parent":0,"menu_order":0,"comment_status":"closed","ping_status":"closed","template":"","meta":{"cybocfi_hide_featured_image":"","footnotes":""},"class_list":["post-502","page","type-page","status-publish","hentry"],"_links":{"self":[{"href":"https:\/\/bbsbux.de\/index.php?rest_route=\/wp\/v2\/pages\/502","targetHints":{"allow":["GET"]}}],"collection":[{"href":"https:\/\/bbsbux.de\/index.php?rest_route=\/wp\/v2\/pages"}],"about":[{"href":"https:\/\/bbsbux.de\/index.php?rest_route=\/wp\/v2\/types\/page"}],"author":[{"embeddable":true,"href":"https:\/\/bbsbux.de\/index.php?rest_route=\/wp\/v2\/users\/1"}],"replies":[{"embeddable":true,"href":"https:\/\/bbsbux.de\/index.php?rest_route=%2Fwp%2Fv2%2Fcomments&post=502"}],"version-history":[{"count":17,"href":"https:\/\/bbsbux.de\/index.php?rest_route=\/wp\/v2\/pages\/502\/revisions"}],"predecessor-version":[{"id":4485,"href":"https:\/\/bbsbux.de\/index.php?rest_route=\/wp\/v2\/pages\/502\/revisions\/4485"}],"wp:attachment":[{"href":"https:\/\/bbsbux.de\/index.php?rest_route=%2Fwp%2Fv2%2Fmedia&parent=502"}],"curies":[{"name":"wp","href":"https:\/\/api.w.org\/{rel}","templated":true}]}}