{"id":59,"date":"2020-04-06T20:00:10","date_gmt":"2020-04-06T20:00:10","guid":{"rendered":"http:\/\/bbsbux.de\/?page_id=59"},"modified":"2020-04-07T07:51:45","modified_gmt":"2020-04-07T07:51:45","slug":"was-ist-erasmus","status":"publish","type":"page","link":"https:\/\/bbsbux.de\/?page_id=59","title":{"rendered":"Was ist Erasmus+?"},"content":{"rendered":"\n<p>Erasmus+ ist ein F\u00f6rderprogramm der Europ\u00e4ischen Union, das 2014 ins Leben gerufen wurde.<br>Mit Erasmus+ k\u00f6nnen Sch\u00fclerinnen und Sch\u00fcler an beruflichen Schulen einen Teil ihrer Ausbildung im Ausland absolvieren. Daf\u00fcr bekommen sie ein Erasmus+ Stipendium.<br>Abh\u00e4ngig vom Ausbildungsberuf k\u00f6nnen Lernende der BBS Buxtehude ein Auslandspraktikum in den Partnerl\u00e4ndern Spanien, Litauen, Italien, \u00d6sterreich, Polen, Malta und Irland absolvieren.<\/p>\n\n\n\n<h2 class=\"wp-block-heading\">Was wird finanziell gef\u00f6rdert?<\/h2>\n\n\n\n<p>F\u00fcr Dein Auslandspraktikum wird Dir ein Zuschuss f\u00fcr die Fahrtkosten und den Aufenthalt vor Ort gezahlt. Zus\u00e4tzlich \u00fcbernehmen die BBS Buxtehude die Kosten f\u00fcr eine private Auslandsunfallversicherung, -haftpflichtversicherung und -krankenversicherung. I.d.R. musst Du nur noch f\u00fcr Deine Verpflegung und Freizeitaktivit\u00e4ten aufkommen.<\/p>\n\n\n\n<figure class=\"wp-block-image size-large\"><img loading=\"lazy\" decoding=\"async\" width=\"782\" height=\"292\" src=\"https:\/\/bbsbux.de\/wp-content\/uploads\/2020\/04\/bbs_vorderansicht.jpg\" alt=\"\" class=\"wp-image-83\" srcset=\"https:\/\/bbsbux.de\/wp-content\/uploads\/2020\/04\/bbs_vorderansicht.jpg 782w, https:\/\/bbsbux.de\/wp-content\/uploads\/2020\/04\/bbs_vorderansicht-300x112.jpg 300w, https:\/\/bbsbux.de\/wp-content\/uploads\/2020\/04\/bbs_vorderansicht-768x287.jpg 768w\" sizes=\"auto, (max-width: 782px) 100vw, 782px\" \/><figcaption>Die Berufsbildenden Schulen Buxtehude in der Konopkastra\u00dfe<\/figcaption><\/figure>\n\n\n\n<h2 class=\"wp-block-heading\">Wer kann an einem Auslandspraktikum teilnehmen?<\/h2>\n\n\n\n<p>&nbsp;Teilnehmen k\u00f6nnen Azubis und Berufsfachsch\u00fcler\/-innen der BBS&nbsp; Buxtehude, auch bis zu 12 Monate nach dem Abschluss, die zwischen zwei und vier Wochen in einem ausl\u00e4ndischen Unternehmen arbeiten m\u00f6chten.<\/p>\n\n\n\n<h2 class=\"wp-block-heading\">Was bringt Dir das Auslandspraktikum?<\/h2>\n\n\n\n<ul class=\"wp-block-list\"><li>Erwerb internationaler beruflicher Kompetenzen und F\u00e4higkeiten<\/li><li>Verbesserung der Sprachkenntnisse<\/li><li>Offenheit im Umgang mit Menschen anderer Kulturen<\/li><li>Gest\u00e4rktes Selbstbewusstsein<\/li><li>Bewerbungsvorteil f\u00fcr das weitere Berufsleben durch den Europass Mobilit\u00e4t. Dieser h\u00e4lt fest, was Du im Ausland gelernt hast.<\/li><li>Jede Menge Spa\u00df, neue Freunde und Kontakte f\u00fcrs Leben<\/li><\/ul>\n\n\n\n<figure class=\"wp-block-image size-large\"><a href=\"http:\/\/www.erasmusplus.de\/\" target=\"_blank\" rel=\"noreferrer noopener\"><img loading=\"lazy\" decoding=\"async\" width=\"490\" height=\"112\" src=\"https:\/\/bbsbux.de\/wp-content\/uploads\/2020\/04\/erasmus-1.jpg\" alt=\"\" class=\"wp-image-79\" srcset=\"https:\/\/bbsbux.de\/wp-content\/uploads\/2020\/04\/erasmus-1.jpg 490w, https:\/\/bbsbux.de\/wp-content\/uploads\/2020\/04\/erasmus-1-300x69.jpg 300w\" sizes=\"auto, (max-width: 490px) 100vw, 490px\" \/><\/a><\/figure>\n\n\n\n<h2 class=\"wp-block-heading\">Wie kann ich micht bewerben?<\/h2>\n\n\n\n<p>Du bewirbst Dich f\u00fcr ein Auslandspraktikum, indem Du das <strong>Anmeldeformular<\/strong> (f\u00fcr <a rel=\"noreferrer noopener\" href=\"https:\/\/bbsbux.de\/wp-content\/uploads\/2020\/04\/2_c_BewerbungAusbildung.pdf\" target=\"_blank\">Auszubildende<\/a> oder <a href=\"https:\/\/bbsbux.de\/wp-content\/uploads\/2020\/04\/2_c_BewerbungPraktikum.pdf\" target=\"_blank\" rel=\"noreferrer noopener\">Vollzeitsch\u00fcler\/innen<\/a>) ausf\u00fcllst, eine <strong>Kopie Deines aktuellsten Zeugnisses<\/strong> beif\u00fcgst, einen <strong>englischen Europass-Lebenslauf<\/strong> und ein <strong>Motivationsschreiben in Englisch <\/strong>verfasst.<br>Die kompletten Unterlagen sendest Du <strong>per E-Mail<\/strong> an <a href=\"mailto:pape.a@bbs-buxtehude.de?subject=Erasmus%2B\">Frau Pape<\/a>.<\/p>\n","protected":false},"excerpt":{"rendered":"<p>Erasmus+ ist ein F\u00f6rderprogramm der Europ\u00e4ischen Union, das 2014 ins Leben gerufen wurde.Mit Erasmus+ k\u00f6nnen Sch\u00fclerinnen und Sch\u00fcler an beruflichen Schulen einen Teil ihrer Ausbildung &hellip; <\/p>\n","protected":false},"author":1,"featured_media":0,"parent":0,"menu_order":0,"comment_status":"closed","ping_status":"closed","template":"","meta":{"cybocfi_hide_featured_image":"","footnotes":""},"class_list":["post-59","page","type-page","status-publish","hentry"],"_links":{"self":[{"href":"https:\/\/bbsbux.de\/index.php?rest_route=\/wp\/v2\/pages\/59","targetHints":{"allow":["GET"]}}],"collection":[{"href":"https:\/\/bbsbux.de\/index.php?rest_route=\/wp\/v2\/pages"}],"about":[{"href":"https:\/\/bbsbux.de\/index.php?rest_route=\/wp\/v2\/types\/page"}],"author":[{"embeddable":true,"href":"https:\/\/bbsbux.de\/index.php?rest_route=\/wp\/v2\/users\/1"}],"replies":[{"embeddable":true,"href":"https:\/\/bbsbux.de\/index.php?rest_route=%2Fwp%2Fv2%2Fcomments&post=59"}],"version-history":[{"count":5,"href":"https:\/\/bbsbux.de\/index.php?rest_route=\/wp\/v2\/pages\/59\/revisions"}],"predecessor-version":[{"id":89,"href":"https:\/\/bbsbux.de\/index.php?rest_route=\/wp\/v2\/pages\/59\/revisions\/89"}],"wp:attachment":[{"href":"https:\/\/bbsbux.de\/index.php?rest_route=%2Fwp%2Fv2%2Fmedia&parent=59"}],"curies":[{"name":"wp","href":"https:\/\/api.w.org\/{rel}","templated":true}]}}