{"id":643,"date":"2021-01-05T20:48:36","date_gmt":"2021-01-05T20:48:36","guid":{"rendered":"https:\/\/bbsbux.de\/?page_id=643"},"modified":"2025-09-02T13:11:42","modified_gmt":"2025-09-02T13:11:42","slug":"die-beruflichen-gymnasien","status":"publish","type":"page","link":"https:\/\/bbsbux.de\/?page_id=643","title":{"rendered":"Die Beruflichen Gymnasien"},"content":{"rendered":"\n<p><strong>Liebe Sch\u00fclerinnen und Sch\u00fcler,<\/strong><br><strong>auf dieser Seite haben wir Informationen zusammengestellt, die f\u00fcr die eigenen Planungen und Entscheidungen auf dem Weg zum Abitur von Bedeutung sind. Au\u00dferdem finden Sie hier Dokumente, die aktuelle \u00c4nderungen erl\u00e4utern&nbsp;(Stand: August 2025), sowie die aktuelle <a href=\"https:\/\/bbsbux.de\/wp-content\/uploads\/2025\/08\/Infobroschuere-BG-08-2025.pdf\" target=\"_blank\" rel=\"noreferrer noopener\">Infobrosch\u00fcre<\/a>.<\/strong><\/p>\n\n\n\n<ul class=\"wp-block-list\">\n<li>Flyer zu den Fachrichtungen des Beruflichen Gymnasiums\n<ul class=\"wp-block-list\">\n<li><a href=\"https:\/\/www.bbsbux.de\/flyer\/Flyer_BGG_2022_GLA.pdf\" target=\"_blank\" rel=\"noreferrer noopener\"><strong>Gesundheit und Soziales<\/strong><\/a>&nbsp;mit dem Schwerpunkt Gesundheit-Pflege,<\/li>\n\n\n\n<li><strong><a href=\"https:\/\/www.bbsbux.de\/flyer\/Flyer_BGT_2022_GLA.pdf\" target=\"_blank\" rel=\"noreferrer noopener\">Technik<\/a>\u00a0<\/strong>mit dem Schwerpunkt Mechatronik,<\/li>\n\n\n\n<li><a href=\"https:\/\/www.bbsbux.de\/flyer\/Flyer_BGW_2022_GLA.pdf\" target=\"_blank\" rel=\"noreferrer noopener\"><strong>Wirtschaft<\/strong><\/a><\/li>\n<\/ul>\n<\/li>\n\n\n\n<li>Informationen zum Erwerb des&nbsp;<strong><a rel=\"noreferrer noopener\" href=\"https:\/\/www.bbsbux.de\/docs\/Berechnung_FHR_ab_Jg12-2016-17-NEU.pdf\" target=\"_blank\">schulischen Teils der Fachhochschulreife<\/a><\/strong><a rel=\"noreferrer noopener\" href=\"http:\/\/www.bbs-buxtehude.de\/sats\/starnet\/media\/pdf\/Berechnung_FHR_ab_Jg12-2016-17-NEU.pdf\" target=\"_blank\">&nbsp;<\/a>im Beruflichen Gymnasium<\/li>\n\n\n\n<li>Hinweise zum&nbsp;<strong><a rel=\"noreferrer noopener\" href=\"https:\/\/www.bbsbux.de\/docs\/HinweisePraktikum_FHSR_Stand_122016-Pratischer_Teil_NEU_2016.pdf\" target=\"_blank\">Praktikum<\/a>&nbsp;<\/strong>(Erwerb der Fachhochschulreife)<\/li>\n\n\n\n<li>Hinweise f\u00fcr&nbsp;<strong><a rel=\"noreferrer noopener\" href=\"https:\/\/www.bbsbux.de\/docs\/Projektpartner_BG_Wirtschaft.pdf\" target=\"_blank\">Projektpartner<\/a>&nbsp;<\/strong>(BG Wirtschaft)<\/li>\n\n\n\n<li>Grunds\u00e4tze zur&nbsp;<strong><a href=\"https:\/\/bbsbux.de\/wp-content\/uploads\/2025\/09\/Leistungsbeurteilung-BG-2025-09.pdf\">Leistungsbeurteilung<\/a><\/strong><\/li>\n\n\n\n<li>SOUL-Tag: <a href=\"https:\/\/bbsbux.de\/?page_id=3141\"><strong>Selbstorganisiertes Unterst\u00fctzes Lernen<\/strong><\/a><\/li>\n<\/ul>\n\n\n\n<p><img decoding=\"async\" alt=\"\" src=\"http:\/\/www.bbs-buxtehude.de\/sats\/starnet\/media\/BBS_Buxtehude.jpg\"><br><br><br><strong>Berufliche Gymnasien&nbsp;&#8211; Chancen<sup>3<\/sup><\/strong><\/p>\n\n\n\n<p>Der Alternative Weg zum Abitur<\/p>\n\n\n\n<p>Mit dem Besuch des Beruflichen Gymnasiums k\u00f6nnen Sie die Allgemeine Hochschulreife &#8211; das Abitur &#8211; erwerben. Je nach Interesse kann an den BBS Buxtehude zwischen den Fachrichtungen<\/p>\n\n\n\n<ul class=\"wp-block-list\">\n<li><strong>Gesundheit und Soziales (Schwerpunkt Gesundheit-Pflege)<\/strong><\/li>\n\n\n\n<li><strong>Technik (Schwerpunkt Mechatronik <strong>ab Klasse 12 <\/strong>)<\/strong><\/li>\n\n\n\n<li><strong>Wirtschaft<\/strong><\/li>\n<\/ul>\n\n\n\n<p>gew\u00e4hlt werden. Neben der Vermittlung einer breiten und vertieften Allgemeinbildung erm\u00f6glicht der Besuch des Beruflichen Gymnasiums eine berufsbezogene individuelle Schwerpunktbildung sowie den Erwerb der allgemeinen Studierf\u00e4higkeit. Als Oberstufengymnasium umfasst das Berufliche Gymnasium die Jahrgangsstufen 11 bis 13, wobei der Klasse 11 (Einf\u00fchrungsphase) zur Vorbereitung auf die Qualifikationsphase (Klassen 12 und 13) eine besondere Funktion zukommt, da sie dem Ausgleich unterschiedlicher Lernvoraussetzungen dient und Techniken selbstst\u00e4ndigen Lernens und Arbeitens einge\u00fcbt werden. Der Besuch eines Beruflichen Gymnasiums ist also ein Neuanfang mit neuen F\u00e4chern, Lehrern und Mitsch\u00fclern aus der gesamten Region.<\/p>\n\n\n\n<p><strong>Aufnahmevoraussetzung<\/strong><\/p>\n\n\n\n<p>In die Jahrgangsstufe 11 (Einf\u00fchrungsphase) des Beruflichen Gymnasiums k\u00f6nnen alle Sch\u00fclerinnen und Sch\u00fcler eintreten, die den&nbsp;<strong>Erweiterten Sekundarabschluss I<\/strong>&nbsp;Abschluss nachweisen.<\/p>\n\n\n\n<p>Wenn Sie ein allgemein bildendes Gymnasium besuchen, k\u00f6nnen Sie nach Klasse 10 oder auch noch nach Klasse 11 zu uns wechseln.<\/p>\n\n\n\n<p><strong>Unterrichtsorganisation<\/strong><\/p>\n\n\n\n<p>In der&nbsp;<strong>Einf\u00fchrungsphase (Klasse 11)<\/strong>&nbsp;findet der Unterricht \u00fcberwigend im Klassenverband statt. W\u00e4hrend dieser Phase sollen die n\u00f6tigen Voraussetzungen f\u00fcr ein erfolgreiches Arbeiten in der&nbsp;<strong>Qualifikationsphase (Jahrgang 12 und 13<\/strong>) gelegt werden. Am Ende der Klasse 11 entscheidet die Klassenkonferenz&nbsp; \u00fcber die Versetzung (siehe &#8222;\u00dcbersicht \u00fcber die Versetzungsregelungen&#8220; oben).<\/p>\n\n\n\n<p>In der Qualifikationsphase erfolgt der Unterricht in Halbjahreskursen. Alle Kursleistungen aus diesen zwei Jahren gehen in die Gesamtqualifikation f\u00fcr das Abitur ein bzw. erf\u00fcllen die Belegungsverpflichtung.&nbsp;<\/p>\n\n\n\n<p><strong>Fachrichtungen der Beruflichen Gymnasien an den BBS Buxtehude<\/strong><\/p>\n\n\n\n<p>Bitte informieren Sie sich \u00fcber die Inhalte unserer Beruflichen Gymnasien auch in der Rubrik Schulformen -&gt; Angebote auf unserer Homepage.<\/p>\n\n\n\n<p>&nbsp;<strong>Stundentafel f\u00fcr das Berufliche Gymnasium&nbsp;&nbsp; \u2013 Gesundheit und Soziales &#8211; mit dem Schwerpunkt Gesundheit-Pflege<\/strong><\/p>\n\n\n\n<figure class=\"wp-block-table\"><table><tbody><tr><td><strong>Zahl der Wochenstunden<\/strong><\/td><td>Einf\u00fchrungsphase<\/td><td>Qualifikationsphase<\/td><td>Qualifikationsphase<\/td><\/tr><tr><td>&nbsp;Unterrichtsf\u00e4cher<\/td><td>&nbsp;11. Schuljahrgang<\/td><td>&nbsp;12. Schuljahrgang<\/td><td>&nbsp;13. Schuljahrgang<\/td><\/tr><tr><td>Deutsch<\/td><td><strong>3<\/strong><\/td><td><strong>3 (5)<sup>1<\/sup><\/strong><\/td><td><strong>3 (5)<sup>1<\/sup><\/strong><\/td><\/tr><tr><td>Englisch<\/td><td><strong>3<\/strong><\/td><td><strong>3 (5)<sup>1<\/sup><\/strong><\/td><td><strong>3 (5)<sup>1<\/sup><\/strong><\/td><\/tr><tr><td>Mathematik<\/td><td><strong>4<\/strong><\/td><td><strong>3 (5)<sup>1<\/sup><\/strong><\/td><td><strong>3 (5)<sup>1<\/sup><\/strong><\/td><\/tr><tr><td>Spanisch*<\/td><td><strong>4<\/strong><\/td><td><strong>4<\/strong><\/td><td><strong>4<\/strong><\/td><\/tr><tr><td>Geschichte<\/td><td><strong>2 je ein Halbjahr<\/strong><\/td><td><strong>2<\/strong><\/td><td><strong>&#8211;<\/strong><\/td><\/tr><tr><td>Politik<\/td><td><strong><strong>2 je ein Halbjahr<\/strong><\/strong><\/td><td><strong>&#8211;<\/strong><\/td><td><strong>&#8211;<\/strong><\/td><\/tr><tr><td>Religion oder Werte und Normen<\/td><td><strong>2<\/strong><\/td><td><strong>2<\/strong><\/td><td><strong>&#8211;<\/strong><\/td><\/tr><tr><td>Biologie<\/td><td><strong>2<\/strong><\/td><td><strong>2<\/strong><\/td><td><strong>2<\/strong><\/td><\/tr><tr><td>Sport<\/td><td><strong>2<\/strong><\/td><td><strong>2<\/strong><\/td><td><strong>2<\/strong><\/td><\/tr><tr><td>Betriebs- und Volkswirtschaft<\/td><td><strong>3<\/strong><\/td><td><strong>3<\/strong><\/td><td><strong>3<\/strong><\/td><\/tr><tr><td>Berufliche Informatik<\/td><td><strong>3<\/strong><\/td><td><strong>3<\/strong><\/td><td><strong>3<\/strong><\/td><\/tr><tr><td>Praxis (schwerpunktbezogen)<\/td><td><strong>2<\/strong><\/td><td><strong>2<\/strong><\/td><td><strong>2<\/strong><\/td><\/tr><tr><td>Gesundheit-Pflege<\/td><td><strong>4<\/strong><\/td><td><strong>4<\/strong><\/td><td><strong>4&nbsp;<\/strong><\/td><\/tr><tr><td>Summe<\/td><td><strong>29 (33)<\/strong><\/td><td><strong>33 (37)<\/strong><\/td><td><strong>29 (33)<\/strong><\/td><\/tr><\/tbody><\/table><figcaption class=\"wp-element-caption\"><sup>1&nbsp;<\/sup>Die Pr\u00fcfungsf\u00e4cher auf erh\u00f6htem Niveau sind f\u00fcnfst\u00fcndig zu erteilen.<\/figcaption><\/figure>\n\n\n\n<p><br><br>Kernf\u00e4cher\/Erg\u00e4nzungsf\u00e4cher\/Profilf\u00e4cher&nbsp;&nbsp;&nbsp;&nbsp;* Zur <a href=\"https:\/\/bbsbux.de\"><strong>Erlangung<\/strong><\/a> des Abiturs sind grunds\u00e4tzlich zwei Fremdsprachen nachzuweisen. Sch\u00fclerinnen und Sch\u00fcler, die nicht im 7.-10. Schuljahrgang am Unterricht in einer zweiten Fremdsprache teilgenommen haben, m\u00fcssen drei Jahre das Fach Spanisch belegen.&nbsp;&nbsp;<strong>Stundentafel f\u00fcr das Berufliche Gymnasium&nbsp;&nbsp; \u2013 Wirtschaft &#8211;<\/strong><\/p>\n\n\n\n<figure class=\"wp-block-table\"><table><tbody><tr><td><strong>&nbsp;Zahl der Wochenstunden<\/strong><\/td><td>Einf\u00fchrungsphase<\/td><td>Qualifikationsphase<\/td><td>Qualifikationsphase<\/td><\/tr><tr><td>&nbsp;Unterrichtsf\u00e4cher<\/td><td>&nbsp;11. Schuljahrgang<\/td><td>&nbsp;12. Schuljahrgang<\/td><td>&nbsp;13. Schuljahrgang<\/td><\/tr><tr><td>Deutsch<\/td><td><strong>3<\/strong><\/td><td><strong>3 (5)<sup>1<\/sup><\/strong><\/td><td><strong>3 (5)<sup>1<\/sup><\/strong><\/td><\/tr><tr><td>Englisch<\/td><td><strong>3<\/strong><\/td><td><strong>3 (5)<sup>1<\/sup><\/strong><\/td><td><strong>3 (5)<sup>1<\/sup><\/strong><\/td><\/tr><tr><td>Mathematik<\/td><td><strong>4<\/strong><\/td><td><strong>3 (5)<sup>1<\/sup><\/strong><\/td><td><strong>3 (5)<sup>1<\/sup><\/strong><\/td><\/tr><tr><td>Spanisch*<\/td><td><strong>4<\/strong><\/td><td><strong>4<\/strong><\/td><td><strong>4<\/strong><\/td><\/tr><tr><td>Geschichte<\/td><td><strong>2 je ein Halbjahr<\/strong><\/td><td><strong>2<\/strong><\/td><td><strong>&#8211;<\/strong><\/td><\/tr><tr><td>Politik<\/td><td><strong>2 je ein Halbjahr<\/strong><\/td><td><strong>&#8211;<\/strong><\/td><td><strong>&#8211;<\/strong><\/td><\/tr><tr><td>Religion oder Werte und Normen<\/td><td><strong>2<\/strong><\/td><td><strong>2<\/strong><\/td><td><strong>&#8211;<\/strong><\/td><\/tr><tr><td>Biologie<\/td><td><strong>2<\/strong><\/td><td><strong>2<\/strong><\/td><td><strong>2<\/strong><\/td><\/tr><tr><td>Sport<\/td><td><strong>2<\/strong><\/td><td><strong>2<\/strong><\/td><td><strong>2<\/strong><\/td><\/tr><tr><td>Volkswirtschaft<\/td><td><strong>3<\/strong><\/td><td><strong>3<\/strong><\/td><td><strong>3<\/strong><\/td><\/tr><tr><td>Berufliche Informatik<\/td><td><strong>3<\/strong><\/td><td><strong>3<\/strong><\/td><td><strong>3<\/strong><\/td><\/tr><tr><td>Praxis der Unternehmung<\/td><td><strong>2<\/strong><\/td><td><strong>2<\/strong><\/td><td><strong>2<\/strong><\/td><\/tr><tr><td>Betriebswirtschaft mit Rechnungswesen\/Controlling<\/td><td><strong>4<\/strong><\/td><td><strong>4<\/strong><\/td><td><strong>4<\/strong><\/td><\/tr><tr><td>Summe<\/td><td><strong>29 (33)<\/strong><\/td><td><strong>33 (37)<\/strong><\/td><td><strong>29 (33)<\/strong><\/td><\/tr><\/tbody><\/table><figcaption class=\"wp-element-caption\"><sup>1&nbsp;<\/sup>Die Pr\u00fcfungsf\u00e4cher auf erh\u00f6htem Niveau sind f\u00fcnfst\u00fcndig zu erteilen.<\/figcaption><\/figure>\n\n\n\n<p>Kernf\u00e4cher&nbsp;\/&nbsp;Erg\u00e4nzungsf\u00e4cher \/&nbsp;Profilf\u00e4cher&nbsp;&nbsp;*Zur Erlangung des Abiturs sind grunds\u00e4tzlich zwei Fremdsprachen nachzuweisen. Sch\u00fclerinnen und Sch\u00fcler, die nicht im 7.-10. Schuljahrgang am Unterricht in einer zweiten Fremdsprache teilgenommen haben, m\u00fcssen drei Jahre das Fach Spanisch belegen.&nbsp;&nbsp;&nbsp;<strong>Stundentafel f\u00fcr das Berufliche Gymnasium&nbsp;&nbsp; \u2013 Technik &#8211;<\/strong><\/p>\n\n\n\n<figure class=\"wp-block-table\"><table><tbody><tr><td><strong>&nbsp;Zahl der Wochenstunden<\/strong><\/td><td>Einf\u00fchrungsphase<\/td><td>Qualifikationsphase<\/td><td>Qualifikationsphase<\/td><\/tr><tr><td>&nbsp;Unterrichtsf\u00e4cher<\/td><td>&nbsp;11. Schuljahrgang<\/td><td>&nbsp;12. Schuljahrgang<\/td><td>&nbsp;13. Schuljahrgang<\/td><\/tr><tr><td>Deutsch<\/td><td><strong>3<\/strong><\/td><td><strong>3 (5)<sup>1<\/sup><\/strong><\/td><td><strong>3 (5)<sup>1<\/sup><\/strong><\/td><\/tr><tr><td>Englisch<\/td><td><strong>3<\/strong><\/td><td><strong>3 (5)<sup>1<\/sup><\/strong><\/td><td><strong>3 (5)<sup>1<\/sup><\/strong><\/td><\/tr><tr><td>Mathematik<\/td><td><strong>4<\/strong><\/td><td><strong>5<\/strong><\/td><td><strong>5<\/strong><\/td><\/tr><tr><td>Spanisch*<\/td><td><strong>4<\/strong><\/td><td><strong>4<\/strong><\/td><td><strong>4<\/strong><\/td><\/tr><tr><td>Geschichte<\/td><td><strong>2 je ein Halbjahr<\/strong><\/td><td><strong>2<\/strong><\/td><td><strong>&#8211;<\/strong><\/td><\/tr><tr><td>Politik<\/td><td><strong>2 je ein Halbjahr<\/strong><\/td><td><strong>&#8211;<\/strong><\/td><td><strong>&#8211;<\/strong><\/td><\/tr><tr><td>Religion oder Werte und Normen<\/td><td><strong>2<\/strong><\/td><td><strong>2<\/strong><\/td><td><strong>&#8211;<\/strong><\/td><\/tr><tr><td>Physik<\/td><td><strong>2<\/strong><\/td><td><strong>2<\/strong><\/td><td><strong>2<\/strong><\/td><\/tr><tr><td>Sport<\/td><td><strong>2<\/strong><\/td><td><strong>2<\/strong><\/td><td><strong>2<\/strong><\/td><\/tr><tr><td>Betriebs- und Volkswirtschaft<\/td><td><strong>3<\/strong><\/td><td><strong>3<\/strong><\/td><td><strong>3<\/strong><\/td><\/tr><tr><td>Berufliche Informatik<\/td><td><strong>3<\/strong><\/td><td><strong>3<\/strong><\/td><td><strong>3<\/strong><\/td><\/tr><tr><td>Praxis (schwerpunktbezogen)<\/td><td><strong>2<\/strong><\/td><td><strong>2<\/strong><\/td><td><strong>2<\/strong><\/td><\/tr><tr><td>Technik (Mechatronik)<\/td><td><strong>4<\/strong><\/td><td><strong>4<\/strong><\/td><td><strong>4<\/strong><\/td><\/tr><tr><td>Summe<\/td><td><strong>29 (33)<\/strong><\/td><td><strong>33 (37)<\/strong><\/td><td><strong>29 (33)<\/strong><\/td><\/tr><\/tbody><\/table><figcaption class=\"wp-element-caption\"><sup>1&nbsp;<\/sup>Die Pr\u00fcfungsf\u00e4cher auf erh\u00f6htem Niveau sind f\u00fcnfst\u00fcndig zu erteilen.<\/figcaption><\/figure>\n\n\n\n<p><br>Kernf\u00e4cher&nbsp;\/&nbsp;Erg\u00e4nzungsf\u00e4cher \/&nbsp;Profilf\u00e4cher<\/p>\n\n\n\n<p>*Zur Erlangung des Abiturs sind grunds\u00e4tzlich zwei Fremdsprachen nachzuweisen. Sch\u00fclerinnen und Sch\u00fcler, die nicht im 7.-10. Schuljahrgang am Unterricht in einer zweiten Fremdsprache teilgenommen haben, m\u00fcssen drei Jahre das Fach Spanisch belegen.&nbsp;<\/p>\n\n\n\n<h3 class=\"wp-block-heading\">Profil-, Kern,- und Erg\u00e4nzungsf\u00e4cher<br><strong>Profilf\u00e4cher sind die jeweils berufsspezifischen Schwerpunktf\u00e4cher&nbsp;<\/strong><\/h3>\n\n\n\n<figure class=\"wp-block-table\"><table><tbody><tr><td><strong>BG&nbsp;&nbsp;&nbsp; Wirtschaft&nbsp;&nbsp;&nbsp;&nbsp;&nbsp;&nbsp;&nbsp;&nbsp;&nbsp;&nbsp;&nbsp;&nbsp;&nbsp;&nbsp;&nbsp;&nbsp;&nbsp;<\/strong><\/td><td><strong>BG Technik<\/strong><\/td><td><strong>BG Gesundheit und Soziales<\/strong><\/td><\/tr><tr><td>Betriebswirtschaft\/Rechnungswesen\/Controlling<\/td><td>Technik<br>(Metalltechnik)<\/td><td>Gesundheit-Pflege<\/td><\/tr><tr><td>Volkswirtschaft<\/td><td>Betriebs- und Volkswirtschaft<\/td><td>Betriebs- und Volkswirtschaft<\/td><\/tr><tr><td>Berufliche Informatik<\/td><td>Berufliche Informatik<\/td><td>Berufliche Informatik<\/td><\/tr><tr><td>Praxis der Unternehmung<\/td><td>Praxis (schwerpunktbezogen)<\/td><td>Praxis (schwerpunktbezogen)<\/td><\/tr><\/tbody><\/table><\/figure>\n\n\n\n<p><strong>Die&nbsp;Kernf\u00e4cher&nbsp;bilden das Grundger\u00fcst der allgemeinen Hochschulreife.<\/strong> Es handelt sich um die F\u00e4cher Mathematik, Deutsch und Fremdsprache. Aus den Profilf\u00e4chern und den Kernf\u00e4chern sind 3 F\u00e4cher mit erh\u00f6htem Anforderungsniveau ( = 3 von 5 Abiturf\u00e4chern) zu belegen. Die anderen F\u00e4cher sind so genannte&nbsp;<strong>Erg\u00e4nzungsf\u00e4cher,<\/strong>&nbsp;die mit grundlegendem Anforderungsniveau vermittelt werden. Aus dem Fachangebot der Schule sind 5 Pr\u00fcfungsf\u00e4cher zu w\u00e4hlen, wobei vier schriftliche und ein m\u00fcndliches Pr\u00fcfungsfach bestimmt werden m\u00fcssen. Dabei m\u00fcssen drei Pr\u00fcfungsf\u00e4cher mit gehobenem Anforderungsniveau gew\u00e4hlt werden. Die Pr\u00fcfungsf\u00e4cher sind sowohl in der 12. als auch in der 13. Jahrgangsstufe zu belegen (siehe &#8222;Informationen zur Qualifikationsphase&#8220; oben).<\/p>\n","protected":false},"excerpt":{"rendered":"<p>Liebe Sch\u00fclerinnen und Sch\u00fcler,auf dieser Seite haben wir Informationen zusammengestellt, die f\u00fcr die eigenen Planungen und Entscheidungen auf dem Weg zum Abitur von Bedeutung sind. &hellip; <\/p>\n","protected":false},"author":1,"featured_media":0,"parent":0,"menu_order":0,"comment_status":"closed","ping_status":"closed","template":"","meta":{"cybocfi_hide_featured_image":"","footnotes":""},"class_list":["post-643","page","type-page","status-publish","hentry"],"_links":{"self":[{"href":"https:\/\/bbsbux.de\/index.php?rest_route=\/wp\/v2\/pages\/643","targetHints":{"allow":["GET"]}}],"collection":[{"href":"https:\/\/bbsbux.de\/index.php?rest_route=\/wp\/v2\/pages"}],"about":[{"href":"https:\/\/bbsbux.de\/index.php?rest_route=\/wp\/v2\/types\/page"}],"author":[{"embeddable":true,"href":"https:\/\/bbsbux.de\/index.php?rest_route=\/wp\/v2\/users\/1"}],"replies":[{"embeddable":true,"href":"https:\/\/bbsbux.de\/index.php?rest_route=%2Fwp%2Fv2%2Fcomments&post=643"}],"version-history":[{"count":29,"href":"https:\/\/bbsbux.de\/index.php?rest_route=\/wp\/v2\/pages\/643\/revisions"}],"predecessor-version":[{"id":4173,"href":"https:\/\/bbsbux.de\/index.php?rest_route=\/wp\/v2\/pages\/643\/revisions\/4173"}],"wp:attachment":[{"href":"https:\/\/bbsbux.de\/index.php?rest_route=%2Fwp%2Fv2%2Fmedia&parent=643"}],"curies":[{"name":"wp","href":"https:\/\/api.w.org\/{rel}","templated":true}]}}