{"id":649,"date":"2021-01-03T20:02:33","date_gmt":"2021-01-03T20:02:33","guid":{"rendered":"https:\/\/bbsbux.de\/?page_id=649"},"modified":"2025-09-02T11:22:35","modified_gmt":"2025-09-02T11:22:35","slug":"sozialpaedagoginnen","status":"publish","type":"page","link":"https:\/\/bbsbux.de\/?page_id=649","title":{"rendered":"Schulsozialarbeit"},"content":{"rendered":"\n<div class=\"wp-block-columns is-layout-flex wp-container-core-columns-is-layout-9d6595d7 wp-block-columns-is-layout-flex\">\n<div class=\"wp-block-column is-layout-flow wp-block-column-is-layout-flow\" style=\"flex-basis:100%\">\n<figure class=\"wp-block-table\"><table class=\"has-fixed-layout\"><tbody><tr><td><strong>Sprechzeiten: &nbsp;<\/strong><\/td><td>&nbsp;<\/td><\/tr><tr><td>Montag<\/td><td>9:00 \u2013 13:30 Uhr<\/td><\/tr><tr><td>Dienstag bis Donnerstag<\/td><td>9:00 \u2013 15:00 Uhr<\/td><\/tr><tr><td>Freitag<\/td><td>9:00 \u2013 14:00 Uhr<\/td><\/tr><tr><td>und nach Vereinbarung<\/td><td>&nbsp;<\/td><\/tr><tr><td>B\u00fcro:<\/td><td>Raum 126<\/td><\/tr><tr><td>Kontakt Frau Kreher:<\/td><td>04161 \/ 55 57 235  <a href=\"mailto:kreher.b@bbs-buxtehude.de\">kreher.b@bbs-buxtehude.de<\/a><\/td><\/tr><tr><td>Kontakt Herr Winkelmann:<\/td><td>04161 \/ 55 57 234  <a href=\"mailto:winkelmann.t@bbs-buxtehude.de\">winkelmann.t@bbs-buxtehude.de<\/a> \u00a0<\/td><\/tr><\/tbody><\/table><\/figure>\n<\/div>\n<\/div>\n\n\n<div class=\"wp-block-image\">\n<figure class=\"aligncenter size-full\"><img loading=\"lazy\" decoding=\"async\" width=\"462\" height=\"462\" src=\"https:\/\/bbsbux.de\/wp-content\/uploads\/2025\/09\/hs21003web.jpg\" alt=\"\" class=\"wp-image-4164\" srcset=\"https:\/\/bbsbux.de\/wp-content\/uploads\/2025\/09\/hs21003web.jpg 462w, https:\/\/bbsbux.de\/wp-content\/uploads\/2025\/09\/hs21003web-300x300.jpg 300w, https:\/\/bbsbux.de\/wp-content\/uploads\/2025\/09\/hs21003web-150x150.jpg 150w\" sizes=\"auto, (max-width: 462px) 100vw, 462px\" \/><figcaption class=\"wp-element-caption\">Bettina Kreher (Sozialp\u00e4dagogin)  und Tim Winkelmann (Sozialp\u00e4dagoge)<\/figcaption><\/figure>\n<\/div>\n\n\n<p>Wir sind Ansprechpartnerinnen f\u00fcr Sch\u00fcler*innen, Sorgeberechtigte und au\u00dferschulischen Kooperationspartner.<br><br>Wir beraten bei Schwierigkeiten, Sorgen oder Probleme:<\/p>\n\n\n\n<ul class=\"wp-block-list\">\n<li>Themen wie Drogen, Alkohol, Schwangerschaft, Schulden<\/li>\n\n\n\n<li>Schulverweigerung<\/li>\n\n\n\n<li>Psychischen Probleme<\/li>\n\n\n\n<li>Schwierigkeiten zu Hause<\/li>\n\n\n\n<li>Sorge um eine Freundin oder einen Freund<\/li>\n\n\n\n<li>Beh\u00f6rdeng\u00e4nge oder Antr\u00e4ge ausf\u00fcllen<\/li>\n\n\n\n<li>akute Bedrohungslagen (Bedrohung, akute Suizidgefahr)<\/li>\n\n\n\n<li>Unterst\u00fctzung bei Bewerbungsschreiben<\/li>\n<\/ul>\n\n\n\n<p>In allen F\u00e4llen versuchen wir mit euch in gemeinsamen Gespr\u00e4chen L\u00f6sungen zu finden. Nach Absprache vermitteln wir an die entsprechenden Fachstellen oder Beh\u00f6rden.<br><br><strong><u>Alle Gespr\u00e4che werden vertraulich behandelt!<\/u><\/strong><\/p>\n","protected":false},"excerpt":{"rendered":"<p>Sprechzeiten: &nbsp; &nbsp; Montag 9:00 \u2013 13:30 Uhr Dienstag bis Donnerstag 9:00 \u2013 15:00 Uhr Freitag 9:00 \u2013 14:00 Uhr und nach Vereinbarung &nbsp; B\u00fcro: &hellip; <\/p>\n","protected":false},"author":1,"featured_media":0,"parent":0,"menu_order":0,"comment_status":"closed","ping_status":"closed","template":"","meta":{"cybocfi_hide_featured_image":"","footnotes":""},"class_list":["post-649","page","type-page","status-publish","hentry"],"_links":{"self":[{"href":"https:\/\/bbsbux.de\/index.php?rest_route=\/wp\/v2\/pages\/649","targetHints":{"allow":["GET"]}}],"collection":[{"href":"https:\/\/bbsbux.de\/index.php?rest_route=\/wp\/v2\/pages"}],"about":[{"href":"https:\/\/bbsbux.de\/index.php?rest_route=\/wp\/v2\/types\/page"}],"author":[{"embeddable":true,"href":"https:\/\/bbsbux.de\/index.php?rest_route=\/wp\/v2\/users\/1"}],"replies":[{"embeddable":true,"href":"https:\/\/bbsbux.de\/index.php?rest_route=%2Fwp%2Fv2%2Fcomments&post=649"}],"version-history":[{"count":12,"href":"https:\/\/bbsbux.de\/index.php?rest_route=\/wp\/v2\/pages\/649\/revisions"}],"predecessor-version":[{"id":4166,"href":"https:\/\/bbsbux.de\/index.php?rest_route=\/wp\/v2\/pages\/649\/revisions\/4166"}],"wp:attachment":[{"href":"https:\/\/bbsbux.de\/index.php?rest_route=%2Fwp%2Fv2%2Fmedia&parent=649"}],"curies":[{"name":"wp","href":"https:\/\/api.w.org\/{rel}","templated":true}]}}