{"id":660,"date":"2021-01-03T20:22:49","date_gmt":"2021-01-03T20:22:49","guid":{"rendered":"https:\/\/bbsbux.de\/?page_id=660"},"modified":"2025-09-22T08:49:05","modified_gmt":"2025-09-22T08:49:05","slug":"beratungslehrer","status":"publish","type":"page","link":"https:\/\/bbsbux.de\/?page_id=660","title":{"rendered":"Beratungslehrer Herr Tees"},"content":{"rendered":"\n<p>Leider ist das Leben nicht immer problemlos. Wenn Schwierigkeiten auftreten, \u00fcber die ein Sch\u00fcler oder eine Sch\u00fclerin, ein Auszubildender oder eine Auszubildende, ein Lehrer oder eine Lehrerin, Eltern oder Ausbilder nicht mit dem Klassenlehrer sprechen m\u00f6chten, k\u00f6nnen sie sich an unseren Beratungslehrer Herrn Tees wenden.<br>Er versucht im Rahmen der Beratung gemeinsam mit der Ratsuchenden bzw. dem Ratsuchenden eine m\u00f6gliche L\u00f6sung zu erarbeiten und umzusetzen.<\/p>\n\n\n\n<p><br>Die Beratung orientiert sich an den vier Grundpfeilern der Beratung:<\/p>\n\n\n\n<p>1. Freiwilligkeit:<br>Die Beratung ist ein Angebot.<br>Es geht um das Anliegen der Ratsuchenden.<br><br>2. Unabh\u00e4ngigkeit:<br>Der Berater ist frei von Weisungen oder pers\u00f6nlichen Verpflichtungen.<br><br>3. Vertraulichkeit:<br>Der Berater sch\u00fctzt das Privatgeheimnis des Ratsuchenden.<br><br>4. Verantwortlichkeit:<br>Der Berater beachtet die Verantwortungsstruktur innerhalb des Systems.<br><br>Herr Tees ber\u00e4t u. a. bei:<\/p>\n\n\n\n<ul class=\"wp-block-list\">\n<li>Schulleistungsproblemen<\/li>\n\n\n\n<li>Pr\u00fcfungs\u00e4ngsten<\/li>\n\n\n\n<li>Problemen mit Eltern, Mitsch\u00fclern, Lehrern und Ausbildern<\/li>\n\n\n\n<li>Problemen in der Ausbildung<\/li>\n<\/ul>\n\n\n\n<p>Sprechzeit:<br>Montag: 3. und 4. Stunde<br>Donnerstag: 5. und 6. Stunde (14-t\u00e4gig)<\/p>\n\n\n\n<p>Um vorherige Anmeldung wird gebeten, damit Termin\u00fcberschneidungen m\u00f6glichst vermieden werden:<br>Kontaktaufnahme \u00fcber<strong> <a rel=\"noreferrer noopener\" href=\"https:\/\/bbsbux.de\/?page_id=676\" target=\"_blank\">Formular<\/a><\/strong><\/p>\n","protected":false},"excerpt":{"rendered":"<p>Leider ist das Leben nicht immer problemlos. Wenn Schwierigkeiten auftreten, \u00fcber die ein Sch\u00fcler oder eine Sch\u00fclerin, ein Auszubildender oder eine Auszubildende, ein Lehrer oder &hellip; <\/p>\n","protected":false},"author":1,"featured_media":0,"parent":0,"menu_order":0,"comment_status":"closed","ping_status":"closed","template":"","meta":{"cybocfi_hide_featured_image":"","footnotes":""},"class_list":["post-660","page","type-page","status-publish","hentry"],"_links":{"self":[{"href":"https:\/\/bbsbux.de\/index.php?rest_route=\/wp\/v2\/pages\/660","targetHints":{"allow":["GET"]}}],"collection":[{"href":"https:\/\/bbsbux.de\/index.php?rest_route=\/wp\/v2\/pages"}],"about":[{"href":"https:\/\/bbsbux.de\/index.php?rest_route=\/wp\/v2\/types\/page"}],"author":[{"embeddable":true,"href":"https:\/\/bbsbux.de\/index.php?rest_route=\/wp\/v2\/users\/1"}],"replies":[{"embeddable":true,"href":"https:\/\/bbsbux.de\/index.php?rest_route=%2Fwp%2Fv2%2Fcomments&post=660"}],"version-history":[{"count":12,"href":"https:\/\/bbsbux.de\/index.php?rest_route=\/wp\/v2\/pages\/660\/revisions"}],"predecessor-version":[{"id":4208,"href":"https:\/\/bbsbux.de\/index.php?rest_route=\/wp\/v2\/pages\/660\/revisions\/4208"}],"wp:attachment":[{"href":"https:\/\/bbsbux.de\/index.php?rest_route=%2Fwp%2Fv2%2Fmedia&parent=660"}],"curies":[{"name":"wp","href":"https:\/\/api.w.org\/{rel}","templated":true}]}}