{"id":713,"date":"2021-01-05T20:11:49","date_gmt":"2021-01-05T20:11:49","guid":{"rendered":"https:\/\/bbsbux.de\/?page_id=713"},"modified":"2021-01-05T20:11:50","modified_gmt":"2021-01-05T20:11:50","slug":"behoerdliche-datenschutzbeauftragte-im-schulbereich","status":"publish","type":"page","link":"https:\/\/bbsbux.de\/?page_id=713","title":{"rendered":"Beh\u00f6rdliche Datenschutzbeauftragte im Schulbereich"},"content":{"rendered":"\n<p><br>Nach \u00a7 8 a Abs. 1 des Nieders\u00e4chsischen Datenschutzgesetzes (NDSG) ist jede \u00f6ffentliche Schule, die personenbezogene Daten automatisiert verarbeitet, gesetzlich verpflichtet, eine beh\u00f6rdliche Datenschutzbeauftragte oder einen beh\u00f6rdlichen Datenschutzbeauftragten (<strong>behDSB<\/strong>) zu bestellen.<br>Die\u00a0<strong>behDSB<\/strong>\u00a0unterst\u00fctzen die Schulleitung bei der Sicherstellung des Datenschutzes und wirken auf die Einhaltung der datenschutzrechtlichen Vorschriften hin. Sie nehmen in der Schule eine datenschutzrechtliche Ombudsfunktion ein. F\u00fcr datenschutzrelevante Anfragen der Eltern, Sch\u00fcler, Lehrkr\u00e4fte und sonstige Besch\u00e4ftigte der Schule sowie f\u00fcr alle Personen, die sich in ihrem Recht auf informationelle Selbstbestimmung betroffen f\u00fchlen, soll eine Kontaktadresse bestehen.<br>\u00a0<br>An den Berufsbildenden Schulen Buxtehude nimmt\u00a0<strong>Herr Dale Provost<\/strong> (Lehrer in der Funktion eines Studienrats) die Rolle des Datenschutzbeauftragten ein, Stellvertreter ist Herr Studienrat Rainer Smid. Die Kontaktadresse f\u00fcr datenschutzrelevante Eingaben lautet:\u00a0<a href=\"mailto:datenschutz@bbs-buxtehude.de?subject=Datenschutzanfrage\">datenschutz@bbs-buxtehude.de<\/a><br>\u00a0<br><strong>Aufgaben der behDSB (nur in Ausz\u00fcgen):<\/strong><br>Nach den Regelungen des \u00a7 8a NDSG sind die\u00a0<strong>behDSB<\/strong>\u00a0fr\u00fchzeitig \u00fcber geplante Verfahren der automatisierten Verarbeitung personenbezogener Daten zu unterrichten.<br>Ihnen obliegen unter anderem folgende Aufgaben:<br>\u2022 Beratung der Schulleitung, der Schulkoordinatoren, einzelner Fachbereiche, der Elternvertretung o. \u00e4. in Fragen des Datenschutzes und der Datensicherung,<br>\u2022 \u2026 ,<br>\u2022\u00a0<strong>Bearbeitung von Eingaben der Eltern, Sch\u00fcler, Lehrkr\u00e4fte und sonstiger Besch\u00e4ftigte<\/strong>\u00a0der \u00f6ffentlichen Stelle sowie von B\u00fcrgerinnen und B\u00fcrgern, die sich in ihrem Recht auf informationelle Selbstbestimmung betroffen f\u00fchlen.<br>\u00a0<br>Dar\u00fcber hinaus nehmen die DSB folgende Aufgaben wahr:<br>\u2022 Pr\u00fcfung, ob das Gebot der\u00a0<strong>Datenvermeidung<\/strong>\u00a0und\u00a0<strong>Datensparsamkeit<\/strong>\u00a0(\u00a7 7 Abs. 4 NDSG) eingehalten wird,<br>\u2022 \u00dcberwachung der ordnungsgem\u00e4\u00dfen Anwendung der Verfahren, mit deren Hilfe personenbezogene Daten verarbeitet werden<\/p>\n","protected":false},"excerpt":{"rendered":"<p>Nach \u00a7 8 a Abs. 1 des Nieders\u00e4chsischen Datenschutzgesetzes (NDSG) ist jede \u00f6ffentliche Schule, die personenbezogene Daten automatisiert verarbeitet, gesetzlich verpflichtet, eine beh\u00f6rdliche Datenschutzbeauftragte oder &hellip; <\/p>\n","protected":false},"author":1,"featured_media":0,"parent":0,"menu_order":0,"comment_status":"closed","ping_status":"closed","template":"","meta":{"cybocfi_hide_featured_image":"","footnotes":""},"class_list":["post-713","page","type-page","status-publish","hentry"],"_links":{"self":[{"href":"https:\/\/bbsbux.de\/index.php?rest_route=\/wp\/v2\/pages\/713","targetHints":{"allow":["GET"]}}],"collection":[{"href":"https:\/\/bbsbux.de\/index.php?rest_route=\/wp\/v2\/pages"}],"about":[{"href":"https:\/\/bbsbux.de\/index.php?rest_route=\/wp\/v2\/types\/page"}],"author":[{"embeddable":true,"href":"https:\/\/bbsbux.de\/index.php?rest_route=\/wp\/v2\/users\/1"}],"replies":[{"embeddable":true,"href":"https:\/\/bbsbux.de\/index.php?rest_route=%2Fwp%2Fv2%2Fcomments&post=713"}],"version-history":[{"count":1,"href":"https:\/\/bbsbux.de\/index.php?rest_route=\/wp\/v2\/pages\/713\/revisions"}],"predecessor-version":[{"id":714,"href":"https:\/\/bbsbux.de\/index.php?rest_route=\/wp\/v2\/pages\/713\/revisions\/714"}],"wp:attachment":[{"href":"https:\/\/bbsbux.de\/index.php?rest_route=%2Fwp%2Fv2%2Fmedia&parent=713"}],"curies":[{"name":"wp","href":"https:\/\/api.w.org\/{rel}","templated":true}]}}