{"id":728,"date":"2021-01-05T20:52:56","date_gmt":"2021-01-05T20:52:56","guid":{"rendered":"https:\/\/bbsbux.de\/?page_id=728"},"modified":"2023-09-29T12:18:00","modified_gmt":"2023-09-29T12:18:00","slug":"schulvertrag-der-berufsbildenden-schulen-buxtehude","status":"publish","type":"page","link":"https:\/\/bbsbux.de\/?page_id=728","title":{"rendered":"Schulvertrag der Berufsbildenden Schulen Buxtehude"},"content":{"rendered":"\n<h3 class=\"wp-block-heading\">Vorwort<\/h3>\n\n\n\n<p>Die BBS Buxtehude sind eine Institution, deren oberste Ziele die Bildung und Erziehung junger Menschen sind.<br>Gebildet ist ein Mensch, der f\u00fcr sich selbst verantwortlich handelt, aber auch seine Kenntnisse und F\u00e4higkeiten f\u00fcr seine Mitmenschen einsetzt.<br>Dieses Ziel kann nur erreicht werden, wenn Unterricht von allen an der Schule Beteiligten als wichtigste Aufgabe angesehen wird.<\/p>\n\n\n\n<h3 class=\"wp-block-heading\">Deswegen m\u00fcssen folgende Voraussetzungen gegeben sein:<\/h3>\n\n\n\n<p><strong>Sch\u00fclerinnen und Sch\u00fcler haben das Recht, ungest\u00f6rt zu lernen.<br>Lehrerinnen und Lehrer haben das Recht, ungest\u00f6rt zu unterrichten.<\/strong><\/p>\n\n\n\n<p>Dies wird nur dann m\u00f6glich sein, wenn bestimmte und f\u00fcr alle verbindliche Verhaltens- und Anstandsregeln anerkannt und beachtet werden:<br>Jeder verh\u00e4lt sich so, dass die Bed\u00fcrfnisse anderer geachtet werden.<br>Das kann erreicht werden, wenn man<\/p>\n\n\n\n<ul class=\"wp-block-list\">\n<li>sich mit H\u00f6flichkeit, Freundlichkeit und Respekt begegnet,<\/li>\n\n\n\n<li>sich nicht entw\u00fcrdigend oder verletzend \u00fcber andere \u00e4u\u00dfert,<\/li>\n\n\n\n<li>Konflikte gewaltfrei l\u00f6st,<\/li>\n\n\n\n<li>alle Einrichtungen der Schule mit Sorgfalt behandelt,<\/li>\n\n\n\n<li>und sich an Abmachungen und Vereinbarungen h\u00e4lt.<\/li>\n<\/ul>\n\n\n\n<p>Dieser Schulvertrag soll dazu beitragen, dass sich alle an unserer Schule wohl f\u00fchlen und ihre Rechte wahrnehmen k\u00f6nnen.<\/p>\n\n\n\n<h3 class=\"wp-block-heading\">Vereinbarungen, ohne die Schule nicht funktioniert<\/h3>\n\n\n\n<figure class=\"wp-block-table\"><table><tbody><tr><td>Wir erwarten von Sch\u00fclerinnen und Sch\u00fclern:<\/td><td>Wir erwarten von Lehrerinnen und Lehrern:<\/td><\/tr><tr><td>1) Sie essen und trinken nicht im Unterricht, sie f\u00fchren keine Privatgespr\u00e4che und sie st\u00f6ren die Mitsch\u00fclerinnen und Mitsch\u00fcler nicht, um das Arbeiten im Unterricht zu erleichtern.<\/td><td>1) Sie bem\u00fchen sich um gr\u00f6\u00dftm\u00f6gliche Gerechtigkeit und Toleranz.<\/td><\/tr><tr><td>2) Sie betrachten es als selbstverst\u00e4ndlich p\u00fcnktlich zu sein, ihre Arbeitsmaterialien dabeizuhaben und kleine Pflichten (z.B. Tafelwischen, M\u00fclltrennung, St\u00fchle hochstellen) zuverl\u00e4ssig zu erledigen.<\/td><td>2) Sie sind zuverl\u00e4ssig, p\u00fcnktlich und halten Abmachungen ein.<\/td><\/tr><tr><td>3) Sie h\u00f6ren zu, denken mit und melden sich, um sich zum Thema zu \u00e4u\u00dfern.<\/td><td>3) Sie sind kompetent und gehen geduldig mit ihren Sch\u00fclerinnen und Sch\u00fclern um und setzen sich mit fairen Mitteln durch.<\/td><\/tr><tr><td>4) Sie trauen sich, den Lehrern und Lehrerinnen in angemessener Form positive und negative R\u00fcckmeldung zu geben.<\/td><td>4) Sie sind offen f\u00fcr andere Meinungen, geben eigene Fehler zu und beachten die R\u00fcckmeldungen der Sch\u00fclerinnen und Sch\u00fcler.<\/td><\/tr><tr><td>5) Sie begegnen den Lehrerinnen und Lehrern sowie den Mitsch\u00fclerinnen und Mitsch\u00fclern mit Respekt.<\/td><td>5) Sie nehmen ihre Sch\u00fclerinnen und Sch\u00fcler ernst, respektieren deren Pers\u00f6nlichkeit und stellen sie auf keinen Fall blo\u00df.<\/td><\/tr><tr><td>6) Sie gehen Konflikten nicht aus dem Weg, versuchen sie ohne Aggressionen zu l\u00f6sen und suchen, wenn n\u00f6tig, Unterst\u00fctzung.<\/td><td>6) Sie l\u00f6sen Konflikte gegebenenfalls mit Unterst\u00fctzung Dritter auf faire Art und Weise und f\u00f6rdern eine entspannte Atmosph\u00e4re.<\/td><\/tr><tr><td>7) Sie gestalten das schulische Leben auch au\u00dferhalb des Unterrichts mit.<\/td><td>7) Sie f\u00f6rdern die Selbstst\u00e4ndigkeit der Sch\u00fclerinnen und Sch\u00fcler, interessieren sich f\u00fcr das Schulleben und regen au\u00dferunterrichtliche Aktivit\u00e4ten der Sch\u00fclerinnen und Sch\u00fcler an. Bei Entscheidungen, die die gesamte Schule betreffen, werden die Sch\u00fclerinnen und Sch\u00fcler \u00fcber deren Meinungsbild \u2013 direkt oder \u00fcber die Sch\u00fclervertretung \u2013 in die ergebnisoffene Umsetzung eingebunden.<\/td><\/tr><tr><td>Sie \u00fcbernehmen Eigenverantwortung f\u00fcr das Erreichen der schulischen Ziele.<\/td><td>Sie arbeiten gern mit Sch\u00fclerinnen und Sch\u00fclern zusammen.<\/td><\/tr><\/tbody><\/table><\/figure>\n\n\n\n<h3 class=\"wp-block-heading\">Einzelfallregelungen f\u00fcr ein m\u00f6glichst konfliktfreies Miteinander<\/h3>\n\n\n\n<p>F\u00fcr unsere Schule bestehen folgende Einzelfallregelungen f\u00fcr ein angemessenes Miteinander. Bei Verst\u00f6\u00dfen handeln alle Lehrkr\u00e4fte eindeutig und konsequent.<\/p>\n\n\n\n<figure class=\"wp-block-table\"><table><tbody><tr><td>Bereich<\/td><td>Einzelfallregelungen<\/td><td>M\u00f6gliche Konsequenzen bei Fehlverhalten<\/td><\/tr><tr><td>Parkplatz<\/td><td>Auf dem Schulparkplatz gilt die Stra\u00dfenverkehrsordnung. In den Pausen ist der Aufenthalt auf dem Parkplatz und in den Fahrzeugen nicht erlaubt.<\/td><td>Befristetes oder totales<br>Parkverbot.<\/td><\/tr><tr><td>Reinigung<br>und M\u00fcll<\/td><td>Die Sch\u00fclerinnen und Sch\u00fcler haben ihre Wertstoffe, ihre Altpapiere und ihren Restm\u00fcll getrennt zu entsorgen. Bei Unterrichtsschluss sind Verschmutzungen im Unterrichtsraum zu beseitigen. Jede Sch\u00fclerin und jeder Sch\u00fcler muss bis zu zweimal im Schuljahr am Ordnungsdienst der Klasse teilnehmen.<\/td><td>Eine Sch\u00fclerin oder ein Sch\u00fcler kann von der Klassenlehrkraft zum au\u00dferordentlichen Ordnungsdienst nach Unterrichtsschluss eingeteilt werden.<\/td><\/tr><tr><td>Drogen<\/td><td>Das Rauchen ist verboten.<br><br>Drogen aller Art sind verboten.<br><\/td><td>Schulausschluss und Strafanzeige<br>1. Abmahnung<br>2. Reinigungsdienst beim Hausmeister<\/td><\/tr><tr><td>Spucken<\/td><td>Spucken ist verboten, weil es unhygienisch und un\u00e4sthetisch ist.<\/td><td>1. Reinigungsdienst beim Hausmeister<br>2. befristeter Schulausschluss<\/td><\/tr><tr><td>Mobiltelefone u. Kommunikationsger\u00e4te<\/td><td>Film-, Bild- und Tonaufnahmen sind generell nicht erlaubt. Abweichungen sind von allen Beteiligten zu genehmigen. Mobiltelefone und Kommunikationsger\u00e4te d\u00fcrfen nur au\u00dferhalb des Unterrichts benutzt werden.<br>Die Benutzung im Notfall muss im Einzelfall abgesprochen werden.<\/td><td>1. Abmahnung<br>2. befristeter Einzug<\/td><\/tr><tr><td>Waffenerlass<\/td><td>Es ist gesetzlich verboten in die Schule Waffen, Messer und Feuerwerksk\u00f6rper mitzubringen.<\/td><td>Strafanzeige<\/td><\/tr><tr><td>Nutzung der EDV-R\u00e4ume, der Sporthalle, der K\u00fcchen, der Werkst\u00e4tten und bestimmter Fachr\u00e4ume<\/td><td>Die hierzu notwendigen Regeln werden im Unterricht besprochen und festgelegt.<\/td><td>1. Ermahnung<br>2. Ausschluss vom Fachunterricht.<\/td><\/tr><\/tbody><\/table><\/figure>\n\n\n\n<h3 class=\"wp-block-heading\">Grunds\u00e4tze zum Entschuldigungsverfahren<\/h3>\n\n\n\n<p>Grunds\u00e4tzlich ist jedes Vers\u00e4umen von Unterricht zu entschuldigen!<\/p>\n\n\n\n<ul class=\"wp-block-list\">\n<li>Sp\u00e4testens am dritten Tag des Fehlens ist in Vollzeitschulklassen eine schriftliche Entschuldigung des Erziehungsberechtigten vorzulegen.<\/li>\n\n\n\n<li>In der Teilzeitberufsschule muss die Sch\u00fclerin \/ der Sch\u00fcler am n\u00e4chsten Schultag eine Entschuldigung, deren Kenntnisnahme durch den Betrieb best\u00e4tigt wurde, vorlegen. Die Klassenlehrkraft meldet unentschuldigte Fehlzeiten umgehend dem Ausbildungsbetrieb und vermerkt dies im Klassenbuch.<\/li>\n\n\n\n<li>Bei Fehlzeiten \u2013 also auch bei Versp\u00e4tungen \u2013 k\u00f6nnen f\u00fcr diesen Zeitraum die schriftlichen und m\u00fcndlichen Leistungen mit \u201eungen\u00fcgend&#8220; bewertet werden. Bei Wiederholungen droht ein Bu\u00dfgeld.<\/li>\n\n\n\n<li>Klassen- und Fachlehrkr\u00e4fte k\u00f6nnen die Vorlage einer \u00e4rztlichen Bescheinigung verlangen.<\/li>\n\n\n\n<li>Beurlaubungen m\u00fcssen rechtzeitig vor dem Fernbleiben vom Unterricht beantragt werden. Das gilt auch f\u00fcr Verk\u00fcrzungen des Unterrichtes.<\/li>\n\n\n\n<li>Bei h\u00e4ufigen Versp\u00e4tungen kann die Sch\u00fclerin oder der Sch\u00fcler zu einem Ordnungsdienst herangezogen werden.<\/li>\n\n\n\n<li>Jede Beurlaubung, jedes entschuldigte und unentschuldigte Fehlen muss von den Lehrkr\u00e4ften im Klassenbuch oder Kursheft eingetragen werden.<\/li>\n\n\n\n<li>Abteilungen, Fachgruppen und Lehrkr\u00e4fte k\u00f6nnen unter Einbeziehung der Sch\u00fclervertretung weitere Regeln vereinbaren.<\/li>\n<\/ul>\n\n\n\n<p>Hiermit nehmen die Vertragspartner die aufgef\u00fchrten Regelungen zur Kenntnis und verpflichten sich zu deren Einhaltung. Die aus Verst\u00f6\u00dfen gegen diesen Vertrag resultierenden m\u00f6glichen Konsequenzen sind allen Vertragspartnern bewusst.<\/p>\n","protected":false},"excerpt":{"rendered":"<p>Vorwort Die BBS Buxtehude sind eine Institution, deren oberste Ziele die Bildung und Erziehung junger Menschen sind.Gebildet ist ein Mensch, der f\u00fcr sich selbst verantwortlich &hellip; <\/p>\n","protected":false},"author":1,"featured_media":0,"parent":0,"menu_order":0,"comment_status":"closed","ping_status":"closed","template":"","meta":{"cybocfi_hide_featured_image":"","footnotes":""},"class_list":["post-728","page","type-page","status-publish","hentry"],"_links":{"self":[{"href":"https:\/\/bbsbux.de\/index.php?rest_route=\/wp\/v2\/pages\/728","targetHints":{"allow":["GET"]}}],"collection":[{"href":"https:\/\/bbsbux.de\/index.php?rest_route=\/wp\/v2\/pages"}],"about":[{"href":"https:\/\/bbsbux.de\/index.php?rest_route=\/wp\/v2\/types\/page"}],"author":[{"embeddable":true,"href":"https:\/\/bbsbux.de\/index.php?rest_route=\/wp\/v2\/users\/1"}],"replies":[{"embeddable":true,"href":"https:\/\/bbsbux.de\/index.php?rest_route=%2Fwp%2Fv2%2Fcomments&post=728"}],"version-history":[{"count":2,"href":"https:\/\/bbsbux.de\/index.php?rest_route=\/wp\/v2\/pages\/728\/revisions"}],"predecessor-version":[{"id":3043,"href":"https:\/\/bbsbux.de\/index.php?rest_route=\/wp\/v2\/pages\/728\/revisions\/3043"}],"wp:attachment":[{"href":"https:\/\/bbsbux.de\/index.php?rest_route=%2Fwp%2Fv2%2Fmedia&parent=728"}],"curies":[{"name":"wp","href":"https:\/\/api.w.org\/{rel}","templated":true}]}}