{"id":842,"date":"2021-01-21T20:50:20","date_gmt":"2021-01-21T20:50:20","guid":{"rendered":"https:\/\/bbsbux.de\/?page_id=842"},"modified":"2021-01-23T19:37:49","modified_gmt":"2021-01-23T19:37:49","slug":"kaufleute-im-e-commerce","status":"publish","type":"page","link":"https:\/\/bbsbux.de\/?page_id=842","title":{"rendered":"Kaufleute im E-Commerce"},"content":{"rendered":"\n<figure class=\"wp-block-image size-large\"><img loading=\"lazy\" decoding=\"async\" width=\"1000\" height=\"302\" src=\"https:\/\/bbsbux.de\/wp-content\/uploads\/2021\/01\/WEC_2020-01-23.jpg\" alt=\"\" class=\"wp-image-869\" srcset=\"https:\/\/bbsbux.de\/wp-content\/uploads\/2021\/01\/WEC_2020-01-23.jpg 1000w, https:\/\/bbsbux.de\/wp-content\/uploads\/2021\/01\/WEC_2020-01-23-300x91.jpg 300w, https:\/\/bbsbux.de\/wp-content\/uploads\/2021\/01\/WEC_2020-01-23-768x232.jpg 768w\" sizes=\"auto, (max-width: 1000px) 100vw, 1000px\" \/><\/figure>\n\n\n\n<p><strong>Eingangsvoraussetzungen:<\/strong> Es gibt keine gesetzlichen Vorschriften. Jeder Betrieb entscheidet, welche Voraussetzungen Bewerber*innen mitzubringen haben. Ein Sekundarabschluss I \u2013 Realschulabschluss wird erwartet und ein h\u00f6herer Schulabschluss (Abitur oder Fachhochschulreife) ist vorteilhaft.<\/p>\n\n\n\n<p><strong>Dauer der Ausbildung: <\/strong>Die Ausbildungsdauer betr\u00e4gt 3 Jahre, eine Verk\u00fcrzung der Ausbildung auf 2 Jahre ist m\u00f6glich.<\/p>\n\n\n\n<p><strong>T\u00e4tigkeiten im Rahmen der Ausbildung:<\/strong><strong><\/strong><\/p>\n\n\n\n<ul class=\"wp-block-list\"><li>Vertriebskanal des E-Commerce beurteilen und einsetzen<\/li><li>Waren- oder Dienstleistungssortimente f\u00fcr den E-Commerce konzipieren, online bewirtschaften und weiterentwickeln<\/li><li>Projektorientierte Arbeitsweisen im E-Commerce anwenden<\/li><li>Kundenkommunikation gestalten<\/li><li>Kennzahlenbasierte Instrumente der kaufm\u00e4nnischen Steuerung im E-Commerce einsetzen<\/li><li>Ma\u00dfnahmen des Online-Marketings vorbereiten und durchf\u00fchren<\/li><li>Online-Waren und Dienstleistungsvertr\u00e4ge anbahnen und abwickeln<\/li><\/ul>\n\n\n\n<p><strong>Ein bisschen mehr: <\/strong>Im Rahmen dieser Berufsausbildung k\u00f6nnen Sie als zus\u00e4tzliche Qualifikation ein Fremdsprachenzertifikat Englisch erwerben. <s><\/s><\/p>\n\n\n\n<p>Die schulische Ausbildung findet an den Berufsbildenden Schulen Buxtehude statt. Im ersten Ausbildungsjahr findet der Unterricht an zwei Berufsschultagen, im zweiten und dritten Ausbildungsjahr an einem Berufsschultag statt. Der Unterricht gliedert sich in berufsfeldbezogene Lernfelder und in berufsfeld\u00fcbergreifende F\u00e4cher.<\/p>\n\n\n\n<p><strong>Schulische Ausbildung<\/strong><\/p>\n\n\n\n<p><strong>Lernfelder<\/strong><\/p>\n\n\n\n<p><strong>Grundstufe (1. Ausbildungsjahr)<\/strong><br>LF 1: Das Unternehmen pr\u00e4sentieren und die eigene Rolle mitgestalten<br>LF 2: Sortimente im Online-Vertrieb gestalten und die Beschaffung unterst\u00fctzen<br>LF 3: Vertr\u00e4ge im Online-Vertrieb anbahnen und bearbeiten<br>LF 4: Wertestr\u00f6me erfassen, auswerten und beurteilen<\/p>\n\n\n\n<p><strong>Fachstufe 1 (2. Ausbildungsjahr)<\/strong><br>LF 5: R\u00fcckabwicklungsprozesse und Leistungsst\u00f6rungen bearbeiten<br>LF 6: Servicekommunikation kundenorientiert gestalten<br>LF 7: Online-Marketing-Ma\u00dfnahmen umsetzen und bewerten<br>LF 8: Wertsch\u00f6pfungsprozesse erfolgsorientiert steuern<\/p>\n\n\n\n<p><strong>Fachstufe 2 (3. Ausbildungsjahr)<\/strong><br>LF 9: Online-Vertriebskan\u00e4le ausw\u00e4hlen<br>LF 10: Den Online-Vertrieb kernzahlengest\u00fctzt optimieren<br>LF 11: Gesamtwirtschaftliche Einfl\u00fcsse bei unternehmerischen Entscheidungen ber\u00fccksichtigen<br>LF 12: Berufsbezogene Projekte durchf\u00fchren und bewerten<\/p>\n\n\n\n<p><strong>Weitere Ausbildungsf\u00e4cher<\/strong><\/p>\n\n\n\n<p><strong>Politik, Fremdsprache \/ Kommunikation,<br>Deutsch \/ Kommunikation,<\/strong> <strong>Sport<\/strong><\/p>\n\n\n\n<p><strong>Abschl\u00fcsse und Anmeldung<\/strong><\/p>\n\n\n\n<p>Die Berufsausbildung findet als duale Ausbildung im Betrieb und in der Schule statt. Grundlage ist ein Ausbildungsvertrag, den Sie nach erfolgreicher Bewerbung mit Ihrem Ausbildungsbetrieb schlie\u00dfen.<\/p>\n\n\n\n<p><strong>Abschluss der Ausbildung:<\/strong><\/p>\n\n\n\n<p>Beim Abschluss der Ausbildung erhalten Sie zwei Zeugnisse. Diese dokumentieren f\u00fcr Sie die folgenden Abschl\u00fcsse. F\u00fcr den erweiterten Sekundarabschluss I m\u00fcssen auf dem Berufsschulzeugnis als schulischer Abschluss die folgenden Bedingungen erf\u00fcllt sein:<br><br>\u25ba Notendurchschnitt 3,0<br>\u25ba Deutsch 3<br>\u25ba Englisch 3<br>\u25ba Berufsbezogener Lernbereich 3<br><br>Der Berufsschulabschluss in Verbindung mit der erfolgreich abgelegten Abschlusspr\u00fcfung berechtigt zum Besuch der Klasse 12 der Fachoberschule Wirtschaft und Verwaltung \u2013 Schwerpunkt Wirtschaft.<\/p>\n\n\n\n<p><strong>Anmeldung:<\/strong><\/p>\n\n\n\n<p>Sie selbst k\u00f6nnen sich als Auszubildende\/r nicht bei der Schule anmelden. Das \u00fcbernimmt Ihr Ausbildungsbetrieb.<\/p>\n\n\n\n<p><strong>Pr\u00fcfung<\/strong><\/p>\n\n\n\n<p><strong>Die Abschlusspr\u00fcfung besteht aus zwei Teilen, die zeitlich auseinanderfallen (\u201egestreckt\u201c).<\/strong><\/p>\n\n\n\n<p><strong>Teil 1 der gestreckten Abschlusspr\u00fcfung <\/strong>findet bereits zur Mitte der Ausbildung anstelle der sonst oftmals \u00fcblichen Zwischenpr\u00fcfung statt:<\/p>\n\n\n\n<p><strong>Sortimentsbewirtschaftung und Vertragsanbahnung<\/strong><\/p>\n\n\n\n<ul class=\"wp-block-list\"><li>Gewichtung 25%<\/li><li>Pr\u00fcfungszeit 90 Min. schriftlich<\/li><\/ul>\n\n\n\n<p><strong>Teil 2<\/strong> <strong>der gestreckten Abschlusspr\u00fcfung<\/strong> findet zum Ende der Ausbildung statt:<\/p>\n\n\n\n<p><strong>Gesch\u00e4ftsprozesse im E-Commerce<\/strong><\/p>\n\n\n\n<ul class=\"wp-block-list\"><li>Gewichtung 30%<\/li><li>Pr\u00fcfungszeit 120 Min. schriftlich<\/li><\/ul>\n\n\n\n<p><strong>Kundenkommunikation im E-Commerce<\/strong><\/p>\n\n\n\n<ul class=\"wp-block-list\"><li>Gewichtung 15%<\/li><li>Pr\u00fcfungszeit 60 Min. schriftlich<\/li><\/ul>\n\n\n\n<p><strong>Wirtschafts- und Sozialkunde<\/strong><\/p>\n\n\n\n<ul class=\"wp-block-list\"><li>Gewichtung 10%<\/li><li>Pr\u00fcfungszeit 60 Min. schriftlich<\/li><\/ul>\n\n\n\n<p><strong>Fachgespr\u00e4ch zu projektbezogenen Prozessen im E-Commerce<\/strong><\/p>\n\n\n\n<ul class=\"wp-block-list\"><li>Gewichtung 20%<\/li><li>Fachgespr\u00e4ch von h\u00f6chstens 20 Min. Dauer<\/li><li>Report mit einer praxisbezogenen Aufgabe zur Vorbereitung des Fachgespr\u00e4ches<\/li><\/ul>\n\n\n\n<p><strong>Perspektiven und Weiterbildungsm\u00f6glichkeiten:<\/strong><\/p>\n\n\n\n<p>E-Commerce Kaufleute k\u00f6nnen nach erfolgreichem Abschluss ihrer Ausbildung in allen Wirtschaftsunternehmen arbeiten, die Waren und Dienstleistungen \u00fcber das Internet anbieten und vertreiben. Weiterhin k\u00f6nnen sie Unternehmen beim Aufbau einer E-Commerce-Strategie unterst\u00fctzen.<\/p>\n\n\n\n<p>Dar\u00fcber hinaus stehen Ihnen folgende Weiterbildungen offen:<\/p>\n\n\n\n<ul class=\"wp-block-list\"><li>Handelsfachwirt\/-in<\/li><li>Fachwirt\/in f\u00fcr Vertrieb<\/li><li>Tourismusfachwirt\/-in<\/li><li>Fachwirt\/-in f\u00fcr Marketing<\/li><li>Betriebswirt\/-in<\/li><li>Fachwirt\/-in f\u00fcr E-Commerce (in Planung)<\/li><\/ul>\n","protected":false},"excerpt":{"rendered":"<p>Eingangsvoraussetzungen: Es gibt keine gesetzlichen Vorschriften. Jeder Betrieb entscheidet, welche Voraussetzungen Bewerber*innen mitzubringen haben. Ein Sekundarabschluss I \u2013 Realschulabschluss wird erwartet und ein h\u00f6herer Schulabschluss &hellip; <\/p>\n","protected":false},"author":1,"featured_media":0,"parent":0,"menu_order":0,"comment_status":"closed","ping_status":"closed","template":"","meta":{"cybocfi_hide_featured_image":"","footnotes":""},"class_list":["post-842","page","type-page","status-publish","hentry"],"_links":{"self":[{"href":"https:\/\/bbsbux.de\/index.php?rest_route=\/wp\/v2\/pages\/842","targetHints":{"allow":["GET"]}}],"collection":[{"href":"https:\/\/bbsbux.de\/index.php?rest_route=\/wp\/v2\/pages"}],"about":[{"href":"https:\/\/bbsbux.de\/index.php?rest_route=\/wp\/v2\/types\/page"}],"author":[{"embeddable":true,"href":"https:\/\/bbsbux.de\/index.php?rest_route=\/wp\/v2\/users\/1"}],"replies":[{"embeddable":true,"href":"https:\/\/bbsbux.de\/index.php?rest_route=%2Fwp%2Fv2%2Fcomments&post=842"}],"version-history":[{"count":2,"href":"https:\/\/bbsbux.de\/index.php?rest_route=\/wp\/v2\/pages\/842\/revisions"}],"predecessor-version":[{"id":870,"href":"https:\/\/bbsbux.de\/index.php?rest_route=\/wp\/v2\/pages\/842\/revisions\/870"}],"wp:attachment":[{"href":"https:\/\/bbsbux.de\/index.php?rest_route=%2Fwp%2Fv2%2Fmedia&parent=842"}],"curies":[{"name":"wp","href":"https:\/\/api.w.org\/{rel}","templated":true}]}}